{"id":9513,"date":"2010-12-14T20:14:24","date_gmt":"2010-12-14T19:14:24","guid":{"rendered":"http:\/\/klubmamgdynia.pl\/index.php\/produkt\/trudi-plusz-kotek-bialo-czarny\/"},"modified":"2026-04-27T22:57:32","modified_gmt":"2026-04-27T20:57:32","slug":"trudi-plusz-kotek-bialo-czarny","status":"publish","type":"product","link":"http:\/\/klubmamgdynia.pl\/index.php\/produkt\/trudi-plusz-kotek-bialo-czarny\/","title":{"rendered":"Trudi Plusz Kotek Bia\u0142o Czarny"},"content":{"rendered":"<p>Pluszowy kotek marki Trudi wykonany z wysokiej jako\u015bci materia\u0142\u00f3w.Zabawka bez ogranicze\u0144 wiekowych<\/p>\n<h2>Trudi Plusz Kotek Bia\u0142o Czarny Dante<\/h2>\n<p>wierszyki o wakacjach kr\u00f3tkie, quiz bajki, karty pracy do druku litery, znajd\u017a r\u00f3\u017cnice, prezent dla 15 latki 2021, zrobi\u0107 laurk\u0119 laurka dla babci, dzieci.pl, zagadki dla dzieci 10-12 lat trudne, prezent dla dziecka na roczek, prezent dla roczniaka, film rodzinny o \u015bwi\u0119tach, pomysl na prezent na roczek, zagadki o wio\u015bnie dla dzieci, zagadki logiczne dla dzieci, trudne zagadki z odpowiedziami, filmy animowane o \u015bwi\u0119tach, zagadki kr\u00f3tkie, cytaty korczak, pomys\u0142y na pakowanie prezent\u00f3w, jesienne piosenki dla dzieci<\/p>\n<p>yyyyy<\/p>\n<p>&nbsp;<\/p>\n","protected":false},"excerpt":{"rendered":"<p>Pluszowy kotek marki Trudi wykonany z wysokiej jako\u015bci materia\u0142\u00f3w.Zabawka bez ogranicze\u0144 wiekowych Trudi Plusz Kotek Bia\u0142o Czarny Dante wierszyki o wakacjach kr\u00f3tkie, quiz bajki, karty pracy do druku litery, znajd\u017a r\u00f3\u017cnice, prezent dla 15 latki 2021, zrobi\u0107 laurk\u0119 laurka dla babci, dzieci.pl, zagadki dla dzieci 10-12 lat trudne, prezent dla dziecka na roczek, prezent dla [&hellip;]<\/p>\n","protected":false},"featured_media":9514,"comment_status":"closed","ping_status":"open","template":"","meta":[],"product_cat":[249,42],"product_tag":[852,862,582,713],"class_list":["post-9513","product","type-product","status-publish","has-post-thumbnail","hentry","product_cat-dante","product_cat-maskotki","product_tag-jak-zrobic-samolot-z-papieru","product_tag-nasza-zima-zla-tekst","product_tag-nauka-pisania-literek-do-wydruku-pdf","product_tag-zagadki-logiczne-z-odpowiedziami"],"_links":{"self":[{"href":"http:\/\/klubmamgdynia.pl\/index.php\/wp-json\/wp\/v2\/product\/9513","targetHints":{"allow":["GET"]}}],"collection":[{"href":"http:\/\/klubmamgdynia.pl\/index.php\/wp-json\/wp\/v2\/product"}],"about":[{"href":"http:\/\/klubmamgdynia.pl\/index.php\/wp-json\/wp\/v2\/types\/product"}],"replies":[{"embeddable":true,"href":"http:\/\/klubmamgdynia.pl\/index.php\/wp-json\/wp\/v2\/comments?post=9513"}],"wp:featuredmedia":[{"embeddable":true,"href":"http:\/\/klubmamgdynia.pl\/index.php\/wp-json\/wp\/v2\/media\/9514"}],"wp:attachment":[{"href":"http:\/\/klubmamgdynia.pl\/index.php\/wp-json\/wp\/v2\/media?parent=9513"}],"wp:term":[{"taxonomy":"product_cat","embeddable":true,"href":"http:\/\/klubmamgdynia.pl\/index.php\/wp-json\/wp\/v2\/product_cat?post=9513"},{"taxonomy":"product_tag","embeddable":true,"href":"http:\/\/klubmamgdynia.pl\/index.php\/wp-json\/wp\/v2\/product_tag?post=9513"}],"curies":[{"name":"wp","href":"https:\/\/api.w.org\/{rel}","templated":true}]}}