{"id":9515,"date":"2022-10-04T19:24:31","date_gmt":"2022-10-04T17:24:31","guid":{"rendered":"http:\/\/klubmamgdynia.pl\/index.php\/produkt\/collecta-zwierzeta-domowe-szczeniak-dog-niemiecki-88065\/"},"modified":"2026-04-23T06:27:51","modified_gmt":"2026-04-23T04:27:51","slug":"collecta-zwierzeta-domowe-szczeniak-dog-niemiecki-88065","status":"publish","type":"product","link":"http:\/\/klubmamgdynia.pl\/index.php\/produkt\/collecta-zwierzeta-domowe-szczeniak-dog-niemiecki-88065\/","title":{"rendered":"Collecta Zwierz\u0119ta domowe Szczeniak Dog Niemiecki (88065)"},"content":{"rendered":"<p>Misj\u0105 firmy Collecta jest budowanie \u015bwiata przyrody w miniaturze dla kolekcjoner\u00f3w. Figurki Collecta: wykonane z najwy\u017csz\u0105 dba\u0142o\u015bci\u0105 o szczeg\u00f3\u0142y, wiernie oddaj\u0105 wygl\u0105d rzeczywisty zwierz\u0119cia czy postaci, spe\u0142niaj\u0105 najwy\u017csze standardy bezpiecze\u0144stwa i jako\u015bci. Kolekcja figurek obejmuje:  figurki dzikich zwierz\u0105t, koni rasowych, zwierz\u0105t  gospodarskich, kot\u00f3w i ps\u00f3w  rasowych, zwierz\u0105t prehistorycznych, zwierz\u0105t egzotycznych, owad\u00f3w, zwierz\u0105t morskich i postaci mitycznych. Collecta to jeden z najwi\u0119kszych na \u015bwiecie producent\u00f3w zabawkowych replik zwierz\u0105t oraz postaci mitologicznych. Figurki mog\u0105 by\u0107 wykorzystywane w odgrywaniu r\u00f3l w celach edukacyjnych, ale tak\u017ce przypominaj\u0105 o zagro\u017conych gatunkach, rozwijaj\u0105c potrzeb\u0119 ochrony \u015brodowiska z korzy\u015bci\u0105 dla zwierz\u0105t, kt\u00f3re reprezentuj\u0105. Firma Collecta z pomoc\u0105 paleontolog\u00f3w z Wielkiej Brytanii stworzy\u0142a jedn\u0105 z najwi\u0119kszych kolekcji dinozaur\u00f3w na \u015bwiecie, natomia<\/p>\n<h2>Collecta Zwierz\u0119ta domowe Szczeniak Dog Niemiecki (88065) Collecta<\/h2>\n<p>bezwarunkowa mi\u0142o\u015b\u0107 do dziecka cytaty, pokemon kolorowanki do druku, bajki dla dzieci na dobranoc, zabawy urodzinowe dla dzieci, pomys\u0142 na prezent dla nastolatka, zak\u0142adka do ksi\u0105\u017cki szablon do druku, kr\u00f3tkie bajki do czytania na dobranoc, zagadki matematyczne z odpowiedziami, krak\u00f3w atrakcje dla dzieci, eneduerabe, literki do druku, wzory zaprosze\u0144 zaproszenie na urodziny szablon do druku, eksperyment dla dzieci wulkan, super zings kolorowanki, kr\u00f3tkie zagadki dla doros\u0142ych, kolorowanki do druku konie, quizy miko\u0142ajek, wierszyki o marzannie, znaki drogowe quiz<\/p>\n<p>yyyyy<\/p>\n<p>&nbsp;<\/p>\n","protected":false},"excerpt":{"rendered":"<p>Misj\u0105 firmy Collecta jest budowanie \u015bwiata przyrody w miniaturze dla kolekcjoner\u00f3w. Figurki Collecta: wykonane z najwy\u017csz\u0105 dba\u0142o\u015bci\u0105 o szczeg\u00f3\u0142y, wiernie oddaj\u0105 wygl\u0105d rzeczywisty zwierz\u0119cia czy postaci, spe\u0142niaj\u0105 najwy\u017csze standardy bezpiecze\u0144stwa i jako\u015bci. Kolekcja figurek obejmuje: figurki dzikich zwierz\u0105t, koni rasowych, zwierz\u0105t gospodarskich, kot\u00f3w i ps\u00f3w rasowych, zwierz\u0105t prehistorycznych, zwierz\u0105t egzotycznych, owad\u00f3w, zwierz\u0105t morskich i postaci [&hellip;]<\/p>\n","protected":false},"featured_media":9516,"comment_status":"closed","ping_status":"open","template":"","meta":[],"product_cat":[490,95],"product_tag":[619,639,762,694,873],"class_list":["post-9515","product","type-product","status-publish","has-post-thumbnail","hentry","product_cat-collecta","product_cat-figurki-makiety-i-zestawy","product_tag-iwo-imie","product_tag-nela-imie","product_tag-trudne-zagadki-dla-dzieci","product_tag-zagadki-swiateczne-dla-dzieci","product_tag-zagadki-z-odpowiedziami-dla-dzieci"],"_links":{"self":[{"href":"http:\/\/klubmamgdynia.pl\/index.php\/wp-json\/wp\/v2\/product\/9515","targetHints":{"allow":["GET"]}}],"collection":[{"href":"http:\/\/klubmamgdynia.pl\/index.php\/wp-json\/wp\/v2\/product"}],"about":[{"href":"http:\/\/klubmamgdynia.pl\/index.php\/wp-json\/wp\/v2\/types\/product"}],"replies":[{"embeddable":true,"href":"http:\/\/klubmamgdynia.pl\/index.php\/wp-json\/wp\/v2\/comments?post=9515"}],"wp:featuredmedia":[{"embeddable":true,"href":"http:\/\/klubmamgdynia.pl\/index.php\/wp-json\/wp\/v2\/media\/9516"}],"wp:attachment":[{"href":"http:\/\/klubmamgdynia.pl\/index.php\/wp-json\/wp\/v2\/media?parent=9515"}],"wp:term":[{"taxonomy":"product_cat","embeddable":true,"href":"http:\/\/klubmamgdynia.pl\/index.php\/wp-json\/wp\/v2\/product_cat?post=9515"},{"taxonomy":"product_tag","embeddable":true,"href":"http:\/\/klubmamgdynia.pl\/index.php\/wp-json\/wp\/v2\/product_tag?post=9515"}],"curies":[{"name":"wp","href":"https:\/\/api.w.org\/{rel}","templated":true}]}}