{"id":9517,"date":"2021-02-28T12:51:44","date_gmt":"2021-02-28T11:51:44","guid":{"rendered":"http:\/\/klubmamgdynia.pl\/index.php\/produkt\/doris-klocki-edukacyjne-konstrukcyjne-jezyki-wafle-140el\/"},"modified":"2026-04-30T03:03:16","modified_gmt":"2026-04-30T01:03:16","slug":"doris-klocki-edukacyjne-konstrukcyjne-jezyki-wafle-140el","status":"publish","type":"product","link":"http:\/\/klubmamgdynia.pl\/index.php\/produkt\/doris-klocki-edukacyjne-konstrukcyjne-jezyki-wafle-140el\/","title":{"rendered":"Doris Klocki Edukacyjne Konstrukcyjne Je\u017cyki Wafle 140El"},"content":{"rendered":"<p>Kreatywne kolorowe klocki, z kt\u00f3rych mo\u017cna wybudowa\u0107 przer\u00f3\u017cne budowle. Klocki s\u0105 edukacyjn\u0105 zabawk\u0105. Pomagaj\u0105 w poznawaniu nowych kszta\u0142t\u00f3w, kolor\u00f3w oraz rozwijaj\u0105 zdolno\u015bci manualne. Klocki zaprojektowanie s\u0105 tak aby pobudzi\u0107 rozwijaj\u0105ce si\u0119 zmys\u0142y dziecka: wzrok poprzez wyraziste kolory oraz dotyk poprzez oryginalny kszta\u0142t. Klocki maj\u0105 ogromne zalety: -niezwykle prosta zabawka stymuluj\u0105ca rozw\u00f3j wielu zdolno\u015bci u Twojego dziecka -zabawa klockami wspomaga rozw\u00f3j zdolno\u015bci matematycznych i orientacji przestrzennej -zabawa klockami poprawia koordynacj\u0119 wzrokow\u0105 i zdolno\u015bci manualne oraz rozwija wyobra\u017ani\u0119 dziecka -podczas zabawy klockami dziecko uczy si\u0119 rozpoznawania kszta\u0142t\u00f3w i kolor\u00f3w -du\u017ca liczba klock\u00f3w pozwala na budowanie ci\u0105gle nowych struktur z tych samych element\u00f3w Zestaw zawiera: -kwadratowe klocki &#8211; 132 sztuki (22 sze\u015bciany), -3 prostok\u0105tne klocki, -2 tr\u00f3jk\u0105ty, -1 ko\u0142o, -2 kwadraty, -obrazkowa ksi\u0105\u017ceczka z przyk\u0142adowymi budowlami, -oryginalne opakowanie. Wymiary opakowania: 46 x 33,5 x 5,5 cm Wiek: 3+<\/p>\n<h2>Doris Klocki Edukacyjne Konstrukcyjne Je\u017cyki Wafle 140El Doris<\/h2>\n<p>kolorowanka my little pony, co kupic na roczek, quiz kajko i kokosz szko\u0142a latania, test czerwone krzes\u0142o, stare piosenki, gdzie strumyk p\u0142ynie z wolna tekst, kanapeczki na urodziny dziecka, dobre \u017carty na prima aprilis, kolorowanki jesie\u0144 do druku, znaczenie imiona alan, izabella imi\u0119, zabawy na dzie\u0144 dziecka w szkole, wroc\u0142aw i okolice atrakcje, flagi pa\u0144stw quiz, zagadki o zwierz\u0119tach wiejskich, cytaty o dzieciach i rodzicach, kostek imi\u0119, zagadki na logik\u0119, pi\u0119kne cytaty o nauczycielach, prank na prima aprilis, mapa polski do druku<\/p>\n<p>yyyyy<\/p>\n<p>&nbsp;<\/p>\n","protected":false},"excerpt":{"rendered":"<p>Kreatywne kolorowe klocki, z kt\u00f3rych mo\u017cna wybudowa\u0107 przer\u00f3\u017cne budowle. Klocki s\u0105 edukacyjn\u0105 zabawk\u0105. Pomagaj\u0105 w poznawaniu nowych kszta\u0142t\u00f3w, kolor\u00f3w oraz rozwijaj\u0105 zdolno\u015bci manualne. Klocki zaprojektowanie s\u0105 tak aby pobudzi\u0107 rozwijaj\u0105ce si\u0119 zmys\u0142y dziecka: wzrok poprzez wyraziste kolory oraz dotyk poprzez oryginalny kszta\u0142t. Klocki maj\u0105 ogromne zalety: -niezwykle prosta zabawka stymuluj\u0105ca rozw\u00f3j wielu zdolno\u015bci u Twojego [&hellip;]<\/p>\n","protected":false},"featured_media":9518,"comment_status":"closed","ping_status":"open","template":"","meta":[],"product_cat":[338,113],"product_tag":[640,735,577],"class_list":["post-9517","product","type-product","status-publish","has-post-thumbnail","hentry","product_cat-doris","product_cat-klocki","product_tag-prezent-dla-rocznej-dziewczynki","product_tag-prezent-na-roczek-dziewczynka","product_tag-znaki-drogowe-test"],"_links":{"self":[{"href":"http:\/\/klubmamgdynia.pl\/index.php\/wp-json\/wp\/v2\/product\/9517","targetHints":{"allow":["GET"]}}],"collection":[{"href":"http:\/\/klubmamgdynia.pl\/index.php\/wp-json\/wp\/v2\/product"}],"about":[{"href":"http:\/\/klubmamgdynia.pl\/index.php\/wp-json\/wp\/v2\/types\/product"}],"replies":[{"embeddable":true,"href":"http:\/\/klubmamgdynia.pl\/index.php\/wp-json\/wp\/v2\/comments?post=9517"}],"wp:featuredmedia":[{"embeddable":true,"href":"http:\/\/klubmamgdynia.pl\/index.php\/wp-json\/wp\/v2\/media\/9518"}],"wp:attachment":[{"href":"http:\/\/klubmamgdynia.pl\/index.php\/wp-json\/wp\/v2\/media?parent=9517"}],"wp:term":[{"taxonomy":"product_cat","embeddable":true,"href":"http:\/\/klubmamgdynia.pl\/index.php\/wp-json\/wp\/v2\/product_cat?post=9517"},{"taxonomy":"product_tag","embeddable":true,"href":"http:\/\/klubmamgdynia.pl\/index.php\/wp-json\/wp\/v2\/product_tag?post=9517"}],"curies":[{"name":"wp","href":"https:\/\/api.w.org\/{rel}","templated":true}]}}