{"id":9519,"date":"2023-03-05T00:30:33","date_gmt":"2023-03-04T23:30:33","guid":{"rendered":"http:\/\/klubmamgdynia.pl\/?post_type=product&#038;p=9519"},"modified":"2026-04-20T09:57:33","modified_gmt":"2026-04-20T07:57:33","slug":"bright-starts-mata-sensory-zoo-52039","status":"publish","type":"product","link":"http:\/\/klubmamgdynia.pl\/index.php\/produkt\/bright-starts-mata-sensory-zoo-52039\/","title":{"rendered":"Bright Starts Mata Sensory Zoo 52039"},"content":{"rendered":"<p>Kolorowa mata z motywem zoo, wykonana jest z przyjemnego w dotyku materia\u0142u.W sk\u0142ad maty wchodz\u0105 4 zabaweczki:-dzwoni\u0105ca zawieszka lew-gryzak s\u0142onik-bezpieczne lustereczko-grzechotka pier\u015bcie\u0144Mata jest \u0142atwa w z\u0142o\u017ceniu co umo\u017cliwia zabranie jej ze sob\u0105 wsz\u0119dzie. Na macie znajduj\u0105 si\u0119 dodatkowe p\u0119telki do przyczepienia wi\u0119kszej ilo\u015bci zabaweczek.Mat\u0119 mo\u017cna pra\u0107 w pralce.Produkt przeznaczony dla dzieci od dnia narodzin.<\/p>\n<h2>Bright Starts Mata Sensory Zoo 52039 Bright Starts<\/h2>\n<p>bajki dla chlopcow, wiersze \u0142ama\u0144ce j\u0119zykowe dla dzieci, kolorowanka do malowania farbami, zagadki dla dzieci 10-12 lat trudne, prezent na roczek dla chrze\u015bniaka, praktyczny prezent dla rocznego dziecka, maska iron man, cytat na dzie\u0144 matki, maski do druku kolorowe, test miko\u0142ajek 25 pyta\u0144, miriam imie, choinko pi\u0119kna jak las tekst, marcelina imi\u0119, prezent dla ch\u0142opca na roczek<\/p>\n<p>yyyyy<\/p>\n<p>&nbsp;<\/p>\n","protected":false},"excerpt":{"rendered":"<p>Kolorowa mata z motywem zoo, wykonana jest z przyjemnego w dotyku materia\u0142u.W sk\u0142ad maty wchodz\u0105 4 zabaweczki:-dzwoni\u0105ca zawieszka lew-gryzak s\u0142onik-bezpieczne lustereczko-grzechotka pier\u015bcie\u0144Mata jest \u0142atwa w z\u0142o\u017ceniu co umo\u017cliwia zabranie jej ze sob\u0105 wsz\u0119dzie. Na macie znajduj\u0105 si\u0119 dodatkowe p\u0119telki do przyczepienia wi\u0119kszej ilo\u015bci zabaweczek.Mat\u0119 mo\u017cna pra\u0107 w pralce.Produkt przeznaczony dla dzieci od dnia narodzin. Bright [&hellip;]<\/p>\n","protected":false},"featured_media":9520,"comment_status":"closed","ping_status":"open","template":"","meta":[],"product_cat":[1600,55],"product_tag":[863,622,841,647],"class_list":["post-9519","product","type-product","status-publish","has-post-thumbnail","hentry","product_cat-bright-starts","product_cat-maty-edukacyjne","product_tag-bajki-dla-dziewczynek","product_tag-fajne-zagadki","product_tag-quiz-o-flagach","product_tag-warszawa-z-dzieckiem"],"_links":{"self":[{"href":"http:\/\/klubmamgdynia.pl\/index.php\/wp-json\/wp\/v2\/product\/9519","targetHints":{"allow":["GET"]}}],"collection":[{"href":"http:\/\/klubmamgdynia.pl\/index.php\/wp-json\/wp\/v2\/product"}],"about":[{"href":"http:\/\/klubmamgdynia.pl\/index.php\/wp-json\/wp\/v2\/types\/product"}],"replies":[{"embeddable":true,"href":"http:\/\/klubmamgdynia.pl\/index.php\/wp-json\/wp\/v2\/comments?post=9519"}],"wp:featuredmedia":[{"embeddable":true,"href":"http:\/\/klubmamgdynia.pl\/index.php\/wp-json\/wp\/v2\/media\/9520"}],"wp:attachment":[{"href":"http:\/\/klubmamgdynia.pl\/index.php\/wp-json\/wp\/v2\/media?parent=9519"}],"wp:term":[{"taxonomy":"product_cat","embeddable":true,"href":"http:\/\/klubmamgdynia.pl\/index.php\/wp-json\/wp\/v2\/product_cat?post=9519"},{"taxonomy":"product_tag","embeddable":true,"href":"http:\/\/klubmamgdynia.pl\/index.php\/wp-json\/wp\/v2\/product_tag?post=9519"}],"curies":[{"name":"wp","href":"https:\/\/api.w.org\/{rel}","templated":true}]}}