{"id":952,"date":"2019-07-05T02:49:11","date_gmt":"2019-07-05T00:49:11","guid":{"rendered":"http:\/\/klubmamgdynia.pl\/index.php\/produkt\/ampel-zestaw-znaki-drogowe-i-sygnalizator-swietlny-swiat\/"},"modified":"2026-04-06T20:36:55","modified_gmt":"2026-04-06T18:36:55","slug":"ampel-zestaw-znaki-drogowe-i-sygnalizator-swietlny-swiat","status":"publish","type":"product","link":"http:\/\/klubmamgdynia.pl\/index.php\/produkt\/ampel-zestaw-znaki-drogowe-i-sygnalizator-swietlny-swiat\/","title":{"rendered":"Ampel Zestaw Znaki Drogowe I Sygnalizator \u015awietlny \u015awiat"},"content":{"rendered":"<p>Zestaw znaki drogowe i sygnalizator \u015bwietlnyWysoko\u015b\u0107 \u015bwiate\u0142 12cmBaterie w zestawie.<\/p>\n<h2>Ampel Zestaw Znaki Drogowe I Sygnalizator \u015awietlny \u015awiat <\/h2>\n<p>historia pluszowego misia dla dzieci, bajeczki na dobranoc, ostatni dzwonek tekst, czytanki na dobranoc, zabawy ruchowe dla dzieci, alfons, p\u0142atki \u015bniegu szablon, pomys\u0142y na prezent na roczek, asiunia &#8211; test z lektury pdf, quiz bo\u017ce narodzenie, miasto dzieci pl<\/p>\n<p>yyyyy<\/p>\n<p>&nbsp;<\/p>\n","protected":false},"excerpt":{"rendered":"<p>Zestaw znaki drogowe i sygnalizator \u015bwietlnyWysoko\u015b\u0107 \u015bwiate\u0142 12cmBaterie w zestawie. Ampel Zestaw Znaki Drogowe I Sygnalizator \u015awietlny \u015awiat historia pluszowego misia dla dzieci, bajeczki na dobranoc, ostatni dzwonek tekst, czytanki na dobranoc, zabawy ruchowe dla dzieci, alfons, p\u0142atki \u015bniegu szablon, pomys\u0142y na prezent na roczek, asiunia &#8211; test z lektury pdf, quiz bo\u017ce narodzenie, miasto [&hellip;]<\/p>\n","protected":false},"featured_media":953,"comment_status":"closed","ping_status":"open","template":"","meta":[],"product_cat":[39],"product_tag":[666,856,794,701],"class_list":["post-952","product","type-product","status-publish","has-post-thumbnail","hentry","product_cat-zabawki-interaktywne","product_tag-afrykanskie-imiona","product_tag-prezent-dla-16-latki","product_tag-test-opowiesci-z-narnii-lew-czarownica-i-stara-szafa-do-druku","product_tag-zgadywanki-dla-dzieci"],"_links":{"self":[{"href":"http:\/\/klubmamgdynia.pl\/index.php\/wp-json\/wp\/v2\/product\/952","targetHints":{"allow":["GET"]}}],"collection":[{"href":"http:\/\/klubmamgdynia.pl\/index.php\/wp-json\/wp\/v2\/product"}],"about":[{"href":"http:\/\/klubmamgdynia.pl\/index.php\/wp-json\/wp\/v2\/types\/product"}],"replies":[{"embeddable":true,"href":"http:\/\/klubmamgdynia.pl\/index.php\/wp-json\/wp\/v2\/comments?post=952"}],"wp:featuredmedia":[{"embeddable":true,"href":"http:\/\/klubmamgdynia.pl\/index.php\/wp-json\/wp\/v2\/media\/953"}],"wp:attachment":[{"href":"http:\/\/klubmamgdynia.pl\/index.php\/wp-json\/wp\/v2\/media?parent=952"}],"wp:term":[{"taxonomy":"product_cat","embeddable":true,"href":"http:\/\/klubmamgdynia.pl\/index.php\/wp-json\/wp\/v2\/product_cat?post=952"},{"taxonomy":"product_tag","embeddable":true,"href":"http:\/\/klubmamgdynia.pl\/index.php\/wp-json\/wp\/v2\/product_tag?post=952"}],"curies":[{"name":"wp","href":"https:\/\/api.w.org\/{rel}","templated":true}]}}