{"id":9523,"date":"2024-01-20T17:24:24","date_gmt":"2024-01-20T16:24:24","guid":{"rendered":"http:\/\/klubmamgdynia.pl\/?post_type=product&#038;p=9523"},"modified":"2026-05-17T22:05:38","modified_gmt":"2026-05-17T20:05:38","slug":"moose-kindi-kids-peppa-mint-z-akcesoriami","status":"publish","type":"product","link":"http:\/\/klubmamgdynia.pl\/index.php\/produkt\/moose-kindi-kids-peppa-mint-z-akcesoriami\/","title":{"rendered":"Moose Kindi Kids Peppa Mint Z Akcesoriami"},"content":{"rendered":"<p>Moose Kindi Kids Peppa Mint Z Akcesoriami<\/p>\n<p>Poznaj<br \/>\nKindi Kids! Najs\u0142odsze lalki jakie kiedykolwiek widzia\u0142e\u015b. Te urocze<br \/>\ndziewczynki s\u0105 pe\u0142ne zabawy! Nie mo\u017cemy si\u0119 doczeka\u0107, aby sp\u0119dzi\u0107 z Tob\u0105<br \/>\nmagiczny dzie\u0144! Wspania\u0142e lalki z pi\u0119knymi r\u00f3\u017cnobarwnymi w\u0142osami, kiwaj\u0105c\u0105<br \/>\ng\u0142ow\u0105 oraz du\u017cymi, brokatowymi oczami. Lalki maj\u0105 kolorowe zdejmowane ubranka<br \/>\noraz buciki. Ka\u017cda ma w zestawie inne przek\u0105ski.\u00a0Lalka<br \/>\nPeppa Mint + Akcesoria na przek\u0105sk\u0119 KDK50007. Lalka Peppa Mint urzeknie Ci\u0119<br \/>\nnowoczesnym, lazurowym kolorem w\u0142os\u00f3w oraz opask\u0105 z kulkami lod\u00f3w. Ma du\u017ce<br \/>\nturkusowe, brokatowe oczy, zdejmowan\u0105 kolorow\u0105 sukienk\u0119 i buty. W zestawie<br \/>\nznajduj\u0105 si\u0119 dwa interaktywne akcesoria &#8211; pucharek z lodami i ga\u0142ka magicznych<br \/>\nlod\u00f3w. Kiedy \u0142y\u017cka dotknie lod\u00f3w, lalka wybierze smak na jaki ma ochot\u0119. Odkryj<br \/>\nca\u0142\u0105 kolekcj\u0119 przyjaci\u00f3\u0142 Kindi Kids: Donatina, Rainbow Kate, Marsha Mello,<br \/>\nJessicake i Peppa Mint (sprzedawane oddzielnie) i \u015bled\u017a ich przygody!                            <\/p>\n<p>Zawarto\u015b\u0107<br \/>\nzestawu i cechy:kindi<br \/>\nkids &#8211; lalka Peppa Mint (seria 1)du\u017ce<br \/>\nbrokatowe oczykolorowe<br \/>\nw\u0142osykiwaj\u0105ca<br \/>\ng\u0142owaruchome<br \/>\nr\u0119ce i nogizdejmowana<br \/>\nsukienka i bucikiopaska<br \/>\ndo w\u0142os\u00f3w2<br \/>\ninteraktywne akcesoria: pucharek z lodami i ga\u0142ka magicznych lod\u00f3ww<br \/>\nkolekcji: Donatina, Rainbow Kate, Marsha Mello, Jessicake i Peppa Mint<br \/>\n(sprzedawane oddzielnie)<\/p>\n<h2>Moose Kindi Kids Peppa Mint Z Akcesoriami TM Toys<\/h2>\n<p>quiz o koniach, kolorowanka \u015bwinka peppa, mia, dary jesieni kolorowanki jesie\u0144, ma\u0142y ksi\u0105\u017ce cytaty o przyja\u017ani<\/p>\n<p>yyyyy<\/p>\n<p>&nbsp;<\/p>\n","protected":false},"excerpt":{"rendered":"<p>Moose Kindi Kids Peppa Mint Z Akcesoriami Poznaj Kindi Kids! Najs\u0142odsze lalki jakie kiedykolwiek widzia\u0142e\u015b. Te urocze dziewczynki s\u0105 pe\u0142ne zabawy! Nie mo\u017cemy si\u0119 doczeka\u0107, aby sp\u0119dzi\u0107 z Tob\u0105 magiczny dzie\u0144! Wspania\u0142e lalki z pi\u0119knymi r\u00f3\u017cnobarwnymi w\u0142osami, kiwaj\u0105c\u0105 g\u0142ow\u0105 oraz du\u017cymi, brokatowymi oczami. Lalki maj\u0105 kolorowe zdejmowane ubranka oraz buciki. Ka\u017cda ma w zestawie inne [&hellip;]<\/p>\n","protected":false},"featured_media":9524,"comment_status":"closed","ping_status":"open","template":"","meta":[],"product_cat":[65,145],"product_tag":[844,670,771,581,713],"class_list":["post-9523","product","type-product","status-publish","has-post-thumbnail","hentry","product_cat-lalki","product_cat-tm-toys","product_tag-co-kupic-na-roczek","product_tag-irma","product_tag-stolice-europy-quiz","product_tag-zagadki-dla-8-latka","product_tag-zagadki-logiczne-z-odpowiedziami"],"_links":{"self":[{"href":"http:\/\/klubmamgdynia.pl\/index.php\/wp-json\/wp\/v2\/product\/9523","targetHints":{"allow":["GET"]}}],"collection":[{"href":"http:\/\/klubmamgdynia.pl\/index.php\/wp-json\/wp\/v2\/product"}],"about":[{"href":"http:\/\/klubmamgdynia.pl\/index.php\/wp-json\/wp\/v2\/types\/product"}],"replies":[{"embeddable":true,"href":"http:\/\/klubmamgdynia.pl\/index.php\/wp-json\/wp\/v2\/comments?post=9523"}],"wp:featuredmedia":[{"embeddable":true,"href":"http:\/\/klubmamgdynia.pl\/index.php\/wp-json\/wp\/v2\/media\/9524"}],"wp:attachment":[{"href":"http:\/\/klubmamgdynia.pl\/index.php\/wp-json\/wp\/v2\/media?parent=9523"}],"wp:term":[{"taxonomy":"product_cat","embeddable":true,"href":"http:\/\/klubmamgdynia.pl\/index.php\/wp-json\/wp\/v2\/product_cat?post=9523"},{"taxonomy":"product_tag","embeddable":true,"href":"http:\/\/klubmamgdynia.pl\/index.php\/wp-json\/wp\/v2\/product_tag?post=9523"}],"curies":[{"name":"wp","href":"https:\/\/api.w.org\/{rel}","templated":true}]}}