{"id":9525,"date":"2011-12-31T13:21:08","date_gmt":"2011-12-31T12:21:08","guid":{"rendered":"http:\/\/klubmamgdynia.pl\/index.php\/produkt\/enfamil-premium-2-mfgm-mleko-nastepne-dla-niemowlat-powyzej-6-miesiaca-zestaw-4x800g\/"},"modified":"2026-04-25T16:25:33","modified_gmt":"2026-04-25T14:25:33","slug":"enfamil-premium-2-mfgm-mleko-nastepne-dla-niemowlat-powyzej-6-miesiaca-zestaw-4x800g","status":"publish","type":"product","link":"http:\/\/klubmamgdynia.pl\/index.php\/produkt\/enfamil-premium-2-mfgm-mleko-nastepne-dla-niemowlat-powyzej-6-miesiaca-zestaw-4x800g\/","title":{"rendered":"Enfamil Premium 2 Mfgm Mleko Nast\u0119pne Dla Niemowl\u0105t Powy\u017cej 6. Miesi\u0105ca Zestaw 4x800G"},"content":{"rendered":"<p>2 MFGM Mleko nast\u0119pne dla niemowl\u0105t powy\u017cej 6. miesi\u0105ca Zestaw 4&#215;2 MFGM Mleko modyfikowane jest przeznaczone dla niemowl\u0105t powy\u017cej 6. miesi\u0105ca. Zawiera MFGM w postaci koncentratu bia\u0142ek serwatkowych (z mleka). Cechy produktu wynikaj\u0105 z funkcji zawartych w nim sk\u0142adnik\u00f3w.Czym jest MFGM? wyst\u0119puje naturalnie w mleku matki jest bogaty w sk\u0142adniki od\u017cywcze to b\u0142ona powlekaj\u0105ca kuleczki t\u0142uszczu w kobiecym pokarmie dotychczas by\u0142a tracona podczas produkcji mleka modyfikowanegoBadania kliniczne potwierdzaj\u0105 dzia\u0142anie MFGM: wspiera odporno\u015b\u0107 stymuluje rozw\u00f3j m\u00f3zgu obni\u017ca ryzyko wyst\u0105pienia ostrego zapalenia ucha \u015brodkowego rzadsze stosowanie lek\u00f3w przeciwgor\u0105czkowych zmniejszona cz\u0119sto\u015b\u0107 wyst\u0119powania biegunekMleko modyfikowane z tym sk\u0142adnikiem mo\u017ce wspiera\u0107 dzieci\u0119c\u0105 odporno\u015b\u0107 na wz\u00f3r matczynego idea\u0142u!* W stosunku do grupy kontrolnej otrzymuj\u0105cej standardowe mleko modyfikowane.Zawiera kwas DHA, niezb\u0119dny kwas t\u0142uszczowy Omega 3**. Zapytaj lekarza jak\u0105 rol\u0119 odgrywa kwas DHA, prebiotyki i nukleotydy.** Zgodnie z wymogiem prawnym dotycz\u0105cym wszystkich preparat\u00f3w do pocz\u0105tkowego \u017cywienia niemowl\u0105tDlaczego warto wybra\u0107 Enfamil?W naszych produktach do \u017cywienia niemowl\u0105t i ma\u0142ych dzieci dostarczamy to, co najlepsze. Badania naukowe przeprowadzone z wykorzystaniem preparat\u00f3w Enfamil wykaza\u0142y, \u017ce 0,3% DHA to poziom, kt\u00f3ry wspomaga prawid\u0142owy rozw\u00f3j wzroku Twojego dziecka do 12. miesi\u0105ca \u017cycia. Poziom ten zosta\u0142 r\u00f3wnie\u017c potwierdzony przez Europejski Urz\u0105d ds. Bezpiecze\u0144stwa \u017bywno\u015bci (EFSA), jako poziom przyczyniaj\u0105cy si\u0119 do prawid\u0142owego rozwoju wzroku u niemowl\u0105t.Dotyczy: Enfamil Premium 2 mleko nast\u0119pne, Enfamil Premium 3, Enfamil Premium 4 oraz Enfamil 0-Lac, Enfamil A.R. 1, Enfamil A.R. 2, Enfamil Comfort \u2013 dietetyczne \u015brodki spo\u017cywcze specjalnego przeznaczenia medycznego i musz\u0105 by\u0107 stosowane po konsultacji z lekarzem.<\/p>\n<h2>Enfamil Premium 2 Mfgm Mleko Nast\u0119pne Dla Niemowl\u0105t Powy\u017cej 6. Miesi\u0105ca Zestaw 4x800G Enfamil<\/h2>\n<p>prezent dla nastolatk\u00f3w, kolorowanki lol, pawe\u0142, test z lektury dzieci z bullerbyn, kolorowanki do druku lol, rysunki do druku, test opowie\u015b\u0107 wigilijna, opowiadanie o miko\u0142aju dla przedszkolak\u00f3w, w zieleni \u0142\u0105ka majowa tekst, ozdoby wielkanocne z dzie\u0107mi, prezent dla 17 latka, leon imi\u0119, wzruszaj\u0105ce s\u0142owa dla przyjaciela, najpi\u0119kniejsze cytaty cytaty dla mamy, lol do druku, atrakcje dla nastolatk\u00f3w, \u015bwinka peppa do czytania<\/p>\n<p>yyyyy<\/p>\n<p>&nbsp;<\/p>\n","protected":false},"excerpt":{"rendered":"<p>2 MFGM Mleko nast\u0119pne dla niemowl\u0105t powy\u017cej 6. miesi\u0105ca Zestaw 4&#215;2 MFGM Mleko modyfikowane jest przeznaczone dla niemowl\u0105t powy\u017cej 6. miesi\u0105ca. Zawiera MFGM w postaci koncentratu bia\u0142ek serwatkowych (z mleka). Cechy produktu wynikaj\u0105 z funkcji zawartych w nim sk\u0142adnik\u00f3w.Czym jest MFGM? wyst\u0119puje naturalnie w mleku matki jest bogaty w sk\u0142adniki od\u017cywcze to b\u0142ona powlekaj\u0105ca kuleczki [&hellip;]<\/p>\n","protected":false},"featured_media":9526,"comment_status":"closed","ping_status":"open","template":"","meta":[],"product_cat":[1406,19],"product_tag":[836,681,727,867,787,803,794],"class_list":["post-9525","product","type-product","status-publish","has-post-thumbnail","hentry","product_cat-enfamil","product_cat-mleka-nastepne","product_tag-co-kupic-dziecku-na-roczek","product_tag-flagi-europy-quiz","product_tag-godlo-polski-do-druku","product_tag-kolorowanki-dla-dziewczynek","product_tag-nauka-pisania-wyrazow-dla-dzieci-do-druku-pdf","product_tag-szlaczki-do-druku","product_tag-test-opowiesci-z-narnii-lew-czarownica-i-stara-szafa-do-druku"],"_links":{"self":[{"href":"http:\/\/klubmamgdynia.pl\/index.php\/wp-json\/wp\/v2\/product\/9525","targetHints":{"allow":["GET"]}}],"collection":[{"href":"http:\/\/klubmamgdynia.pl\/index.php\/wp-json\/wp\/v2\/product"}],"about":[{"href":"http:\/\/klubmamgdynia.pl\/index.php\/wp-json\/wp\/v2\/types\/product"}],"replies":[{"embeddable":true,"href":"http:\/\/klubmamgdynia.pl\/index.php\/wp-json\/wp\/v2\/comments?post=9525"}],"wp:featuredmedia":[{"embeddable":true,"href":"http:\/\/klubmamgdynia.pl\/index.php\/wp-json\/wp\/v2\/media\/9526"}],"wp:attachment":[{"href":"http:\/\/klubmamgdynia.pl\/index.php\/wp-json\/wp\/v2\/media?parent=9525"}],"wp:term":[{"taxonomy":"product_cat","embeddable":true,"href":"http:\/\/klubmamgdynia.pl\/index.php\/wp-json\/wp\/v2\/product_cat?post=9525"},{"taxonomy":"product_tag","embeddable":true,"href":"http:\/\/klubmamgdynia.pl\/index.php\/wp-json\/wp\/v2\/product_tag?post=9525"}],"curies":[{"name":"wp","href":"https:\/\/api.w.org\/{rel}","templated":true}]}}