{"id":9527,"date":"2019-08-10T03:57:44","date_gmt":"2019-08-10T01:57:44","guid":{"rendered":"http:\/\/klubmamgdynia.pl\/index.php\/produkt\/ukladanka-ksztalty-sorter\/"},"modified":"2026-05-02T03:23:03","modified_gmt":"2026-05-02T01:23:03","slug":"ukladanka-ksztalty-sorter","status":"publish","type":"product","link":"http:\/\/klubmamgdynia.pl\/index.php\/produkt\/ukladanka-ksztalty-sorter\/","title":{"rendered":"Uk\u0142adanka Kszta\u0142ty Sorter"},"content":{"rendered":"<p>Uk\u0142adanka sk\u0142ada si\u0119 z 12 kolorowych element\u00f3w w r\u00f3\u017cnych kszta\u0142tach i kolorach.Podstawa uk\u0142adanki to 6 puzzli do kt\u00f3rych trzeba dopasowa\u0107 pasuj\u0105ce elementy.Zabawka rozwija kreatywno\u015b\u0107, zdolno\u015bci manualne, wyostrza zmys\u0142 koncentracji oraz uczy rozr\u00f3\u017cniania kszta\u0142t\u00f3w i kolor\u00f3w. Wspomaga rozw\u00f3j: ma\u0142ej motoryki, koordynacji oko \u2013 r\u0119ka, logicznego my\u015blenia.Sorter wykonany jest z wysokiej jako\u015bci drewna. Nie ma ostrych kszta\u0142t\u00f3w. Do produkcji zabawki u\u017cyto nietoksycznych farb.<\/p>\n<h2>Uk\u0142adanka Kszta\u0142ty Sorter Quercetti<\/h2>\n<p>znaczenie imiona pola, prezent dla nastolatk\u00f3w 2020, s\u0142oneczko, kuba imie, god\u0142o polski do druku, kolorowanki, kiedy dzieci chodza na halloween, zadania logiczne dla dzieci, prezent dla 1 latka, kolorowanka wakacje, kolorowanka harry potter do druku, kolorowanka spongebob, znaczenie imienia alan, zagatki, alan imie, test z lektury narnia lew czarownica i stara szafa, origami kotek<\/p>\n<p>yyyyy<\/p>\n<p>&nbsp;<\/p>\n","protected":false},"excerpt":{"rendered":"<p>Uk\u0142adanka sk\u0142ada si\u0119 z 12 kolorowych element\u00f3w w r\u00f3\u017cnych kszta\u0142tach i kolorach.Podstawa uk\u0142adanki to 6 puzzli do kt\u00f3rych trzeba dopasowa\u0107 pasuj\u0105ce elementy.Zabawka rozwija kreatywno\u015b\u0107, zdolno\u015bci manualne, wyostrza zmys\u0142 koncentracji oraz uczy rozr\u00f3\u017cniania kszta\u0142t\u00f3w i kolor\u00f3w. Wspomaga rozw\u00f3j: ma\u0142ej motoryki, koordynacji oko \u2013 r\u0119ka, logicznego my\u015blenia.Sorter wykonany jest z wysokiej jako\u015bci drewna. Nie ma ostrych kszta\u0142t\u00f3w. [&hellip;]<\/p>\n","protected":false},"featured_media":9528,"comment_status":"closed","ping_status":"open","template":"","meta":[],"product_cat":[1155,61],"product_tag":[864,578,613,653,725],"class_list":["post-9527","product","type-product","status-publish","has-post-thumbnail","hentry","product_cat-quercetti","product_cat-zabawki-edukacyjne-dla-niemowlat","product_tag-basen-warszawa","product_tag-fajne-zarty-na-prima-aprilis","product_tag-na-wyspach-bergamutach","product_tag-warszawa-dla-dzieci","product_tag-zgadywanki"],"_links":{"self":[{"href":"http:\/\/klubmamgdynia.pl\/index.php\/wp-json\/wp\/v2\/product\/9527","targetHints":{"allow":["GET"]}}],"collection":[{"href":"http:\/\/klubmamgdynia.pl\/index.php\/wp-json\/wp\/v2\/product"}],"about":[{"href":"http:\/\/klubmamgdynia.pl\/index.php\/wp-json\/wp\/v2\/types\/product"}],"replies":[{"embeddable":true,"href":"http:\/\/klubmamgdynia.pl\/index.php\/wp-json\/wp\/v2\/comments?post=9527"}],"wp:featuredmedia":[{"embeddable":true,"href":"http:\/\/klubmamgdynia.pl\/index.php\/wp-json\/wp\/v2\/media\/9528"}],"wp:attachment":[{"href":"http:\/\/klubmamgdynia.pl\/index.php\/wp-json\/wp\/v2\/media?parent=9527"}],"wp:term":[{"taxonomy":"product_cat","embeddable":true,"href":"http:\/\/klubmamgdynia.pl\/index.php\/wp-json\/wp\/v2\/product_cat?post=9527"},{"taxonomy":"product_tag","embeddable":true,"href":"http:\/\/klubmamgdynia.pl\/index.php\/wp-json\/wp\/v2\/product_tag?post=9527"}],"curies":[{"name":"wp","href":"https:\/\/api.w.org\/{rel}","templated":true}]}}