{"id":9529,"date":"2025-09-19T10:16:37","date_gmt":"2025-09-19T08:16:37","guid":{"rendered":"http:\/\/klubmamgdynia.pl\/?post_type=product&#038;p=9529"},"modified":"2026-04-30T20:47:55","modified_gmt":"2026-04-30T18:47:55","slug":"depesche-6549-zelopisy-miss-melody","status":"publish","type":"product","link":"http:\/\/klubmamgdynia.pl\/index.php\/produkt\/depesche-6549-zelopisy-miss-melody\/","title":{"rendered":"Depesche 6549 \u017belopisy Miss Melody"},"content":{"rendered":"<p>W zestawie znajduje si\u0119 5 \u017celopis\u00f3w w etui.<\/p>\n<h2>Depesche 6549 \u017belopisy Miss Melody Depesche<\/h2>\n<p>test z lektury opowie\u015bci z narnii lew czarownica i stara szafa z odpowiedziami, m\u0105dre bajki dla dzieci do czytania, swinka peppa do czytania, quizy znaki drogowe, aaa kotki dwa tekst, trudne zagadki logiczne z odpowiedziami<\/p>\n<p>yyyyy<\/p>\n<p>&nbsp;<\/p>\n","protected":false},"excerpt":{"rendered":"<p>W zestawie znajduje si\u0119 5 \u017celopis\u00f3w w etui. Depesche 6549 \u017belopisy Miss Melody Depesche test z lektury opowie\u015bci z narnii lew czarownica i stara szafa z odpowiedziami, m\u0105dre bajki dla dzieci do czytania, swinka peppa do czytania, quizy znaki drogowe, aaa kotki dwa tekst, trudne zagadki logiczne z odpowiedziami yyyyy &nbsp;<\/p>\n","protected":false},"featured_media":9530,"comment_status":"closed","ping_status":"open","template":"","meta":[],"product_cat":[1826,962],"product_tag":[585,697,638,613],"class_list":["post-9529","product","type-product","status-publish","has-post-thumbnail","hentry","product_cat-depesche","product_cat-szkolne-przybory-do-pisania","product_tag-kolorowanki-dla-chlopcow","product_tag-krotkie-bajki-do-czytania","product_tag-miastodzieci","product_tag-na-wyspach-bergamutach"],"_links":{"self":[{"href":"http:\/\/klubmamgdynia.pl\/index.php\/wp-json\/wp\/v2\/product\/9529","targetHints":{"allow":["GET"]}}],"collection":[{"href":"http:\/\/klubmamgdynia.pl\/index.php\/wp-json\/wp\/v2\/product"}],"about":[{"href":"http:\/\/klubmamgdynia.pl\/index.php\/wp-json\/wp\/v2\/types\/product"}],"replies":[{"embeddable":true,"href":"http:\/\/klubmamgdynia.pl\/index.php\/wp-json\/wp\/v2\/comments?post=9529"}],"wp:featuredmedia":[{"embeddable":true,"href":"http:\/\/klubmamgdynia.pl\/index.php\/wp-json\/wp\/v2\/media\/9530"}],"wp:attachment":[{"href":"http:\/\/klubmamgdynia.pl\/index.php\/wp-json\/wp\/v2\/media?parent=9529"}],"wp:term":[{"taxonomy":"product_cat","embeddable":true,"href":"http:\/\/klubmamgdynia.pl\/index.php\/wp-json\/wp\/v2\/product_cat?post=9529"},{"taxonomy":"product_tag","embeddable":true,"href":"http:\/\/klubmamgdynia.pl\/index.php\/wp-json\/wp\/v2\/product_tag?post=9529"}],"curies":[{"name":"wp","href":"https:\/\/api.w.org\/{rel}","templated":true}]}}