{"id":9531,"date":"2025-09-21T03:25:36","date_gmt":"2025-09-21T01:25:36","guid":{"rendered":"http:\/\/klubmamgdynia.pl\/?post_type=product&#038;p=9531"},"modified":"2026-04-29T17:56:06","modified_gmt":"2026-04-29T15:56:06","slug":"quercetti-syrail-roler-coaster-150-czesci","status":"publish","type":"product","link":"http:\/\/klubmamgdynia.pl\/index.php\/produkt\/quercetti-syrail-roler-coaster-150-czesci\/","title":{"rendered":"Quercetti Syrail Roler Coaster 150 Cz\u0119\u015bci"},"content":{"rendered":"<p>QUERCETTI TOR KULKOWY ROLLER COASTER MINI RAILTen zestaw sk\u0142ada si\u0119 z 150 gi\u0119tkich i nie\u0142amliwych cz\u0119\u015bci jak tory, ci\u0119gna, ko\u0142owrotki, \u0142\u0105czniki oraz kulki. W zabawie mo\u017cna odwzorowywa\u0107 modele zamieszczone na instrukcji lub eksperymentowa\u0107 i budowa\u0107 w\u0142asne konstrukcje. D\u0142ugo\u015b\u0107 toru 8m. Zabawka stymuluje kreatywno\u015b\u0107, rozumowanie przestrzenne oraz rozwija zdolno\u015bci manualne. Zabawka zosta\u0142a wyprodukowana we W\u0142oszech.<\/p>\n<h2>Quercetti Syrail Roler Coaster 150 Cz\u0119\u015bci Quercetti<\/h2>\n<p>imi\u0119 kostek, tekst kolysanek, stare piosenki, bajka o biedronce, ozdoby choinkowe dla dzieci, dzieci cytaty, \u015bmieszne zagadki, aron, quizy dla dzieci o zwierz\u0119tach, oryginalny prezent dla nastolatk\u00f3w, zagadki matematyczne na logik\u0119, gry edukacyjne dla dzieci online za darmo, znaczenie imienia paula, prezent na pierwsze urodziny, cytaty o rodzinie i dzieciach, wr\u00f3\u017cby andrzejkowe dla dzieci zawody, zagadki wielkanocne dla dzieci<\/p>\n<p>yyyyy<\/p>\n<p>&nbsp;<\/p>\n","protected":false},"excerpt":{"rendered":"<p>QUERCETTI TOR KULKOWY ROLLER COASTER MINI RAILTen zestaw sk\u0142ada si\u0119 z 150 gi\u0119tkich i nie\u0142amliwych cz\u0119\u015bci jak tory, ci\u0119gna, ko\u0142owrotki, \u0142\u0105czniki oraz kulki. W zabawie mo\u017cna odwzorowywa\u0107 modele zamieszczone na instrukcji lub eksperymentowa\u0107 i budowa\u0107 w\u0142asne konstrukcje. D\u0142ugo\u015b\u0107 toru 8m. Zabawka stymuluje kreatywno\u015b\u0107, rozumowanie przestrzenne oraz rozwija zdolno\u015bci manualne. Zabawka zosta\u0142a wyprodukowana we W\u0142oszech. Quercetti [&hellip;]<\/p>\n","protected":false},"featured_media":9532,"comment_status":"closed","ping_status":"open","template":"","meta":[],"product_cat":[113,1155],"product_tag":[833,637,794,741,698],"class_list":["post-9531","product","type-product","status-publish","has-post-thumbnail","hentry","product_cat-klocki","product_cat-quercetti","product_tag-bajki-dla-dzieci-do-czytania","product_tag-niech-zyja-wakacje-tekst","product_tag-test-opowiesci-z-narnii-lew-czarownica-i-stara-szafa-do-druku","product_tag-wlochy","product_tag-zagadki-dla-przedszkolakow"],"_links":{"self":[{"href":"http:\/\/klubmamgdynia.pl\/index.php\/wp-json\/wp\/v2\/product\/9531","targetHints":{"allow":["GET"]}}],"collection":[{"href":"http:\/\/klubmamgdynia.pl\/index.php\/wp-json\/wp\/v2\/product"}],"about":[{"href":"http:\/\/klubmamgdynia.pl\/index.php\/wp-json\/wp\/v2\/types\/product"}],"replies":[{"embeddable":true,"href":"http:\/\/klubmamgdynia.pl\/index.php\/wp-json\/wp\/v2\/comments?post=9531"}],"wp:featuredmedia":[{"embeddable":true,"href":"http:\/\/klubmamgdynia.pl\/index.php\/wp-json\/wp\/v2\/media\/9532"}],"wp:attachment":[{"href":"http:\/\/klubmamgdynia.pl\/index.php\/wp-json\/wp\/v2\/media?parent=9531"}],"wp:term":[{"taxonomy":"product_cat","embeddable":true,"href":"http:\/\/klubmamgdynia.pl\/index.php\/wp-json\/wp\/v2\/product_cat?post=9531"},{"taxonomy":"product_tag","embeddable":true,"href":"http:\/\/klubmamgdynia.pl\/index.php\/wp-json\/wp\/v2\/product_tag?post=9531"}],"curies":[{"name":"wp","href":"https:\/\/api.w.org\/{rel}","templated":true}]}}