{"id":9533,"date":"2023-10-07T07:42:02","date_gmt":"2023-10-07T05:42:02","guid":{"rendered":"http:\/\/klubmamgdynia.pl\/?post_type=product&#038;p=9533"},"modified":"2026-05-17T23:08:40","modified_gmt":"2026-05-17T21:08:40","slug":"collecta-lemur-ogoniasty-88831","status":"publish","type":"product","link":"http:\/\/klubmamgdynia.pl\/index.php\/produkt\/collecta-lemur-ogoniasty-88831\/","title":{"rendered":"Collecta Lemur Ogoniasty 88831"},"content":{"rendered":"<p>Lemur ogoniasty to figurka kolekcjonerska firmy Collecta. Produkty tej firmy cechuje wysoka jako\u015b\u0107 wykonania oraz wiernie oddany kszta\u0142t oraz kolor zwierz\u0119cia. Ca\u0142a kolekcja obejmuje przesz\u0142o 553 gatunk\u00f3w, podzielonych na 9 kategorii i 4 grupy cenowe: S-small; M-medium; L-large; XL- X large; oraz figurki deluxe i akcesoria.EAN: 4892900888316<\/p>\n<h2>Collecta Lemur Ogoniasty 88831 Collecta<\/h2>\n<p>lol do druku, zagadki dla dzieci 10 lat, desery dla dzieci, jedzie poci\u0105g z daleka tekst, kolorowanki miasto dzieci, zagadki dla dzieci 6-7 lat, rysowanki, najtrudniejsze zagadki, wzory zaprosze\u0144 zaproszenie na urodziny szablon do druku, aniela imie<\/p>\n<p>yyyyy<\/p>\n<p>&nbsp;<\/p>\n","protected":false},"excerpt":{"rendered":"<p>Lemur ogoniasty to figurka kolekcjonerska firmy Collecta. Produkty tej firmy cechuje wysoka jako\u015b\u0107 wykonania oraz wiernie oddany kszta\u0142t oraz kolor zwierz\u0119cia. Ca\u0142a kolekcja obejmuje przesz\u0142o 553 gatunk\u00f3w, podzielonych na 9 kategorii i 4 grupy cenowe: S-small; M-medium; L-large; XL- X large; oraz figurki deluxe i akcesoria.EAN: 4892900888316 Collecta Lemur Ogoniasty 88831 Collecta lol do druku, [&hellip;]<\/p>\n","protected":false},"featured_media":9534,"comment_status":"closed","ping_status":"open","template":"","meta":[],"product_cat":[490,95],"product_tag":[670,707,717,846],"class_list":["post-9533","product","type-product","status-publish","has-post-thumbnail","hentry","product_cat-collecta","product_cat-figurki-makiety-i-zestawy","product_tag-irma","product_tag-karty-pracy-dla-dzieci-z-ukrainy","product_tag-prezent-roczek","product_tag-rysowanki"],"_links":{"self":[{"href":"http:\/\/klubmamgdynia.pl\/index.php\/wp-json\/wp\/v2\/product\/9533","targetHints":{"allow":["GET"]}}],"collection":[{"href":"http:\/\/klubmamgdynia.pl\/index.php\/wp-json\/wp\/v2\/product"}],"about":[{"href":"http:\/\/klubmamgdynia.pl\/index.php\/wp-json\/wp\/v2\/types\/product"}],"replies":[{"embeddable":true,"href":"http:\/\/klubmamgdynia.pl\/index.php\/wp-json\/wp\/v2\/comments?post=9533"}],"wp:featuredmedia":[{"embeddable":true,"href":"http:\/\/klubmamgdynia.pl\/index.php\/wp-json\/wp\/v2\/media\/9534"}],"wp:attachment":[{"href":"http:\/\/klubmamgdynia.pl\/index.php\/wp-json\/wp\/v2\/media?parent=9533"}],"wp:term":[{"taxonomy":"product_cat","embeddable":true,"href":"http:\/\/klubmamgdynia.pl\/index.php\/wp-json\/wp\/v2\/product_cat?post=9533"},{"taxonomy":"product_tag","embeddable":true,"href":"http:\/\/klubmamgdynia.pl\/index.php\/wp-json\/wp\/v2\/product_tag?post=9533"}],"curies":[{"name":"wp","href":"https:\/\/api.w.org\/{rel}","templated":true}]}}