{"id":9535,"date":"2021-04-14T09:12:05","date_gmt":"2021-04-14T07:12:05","guid":{"rendered":"http:\/\/klubmamgdynia.pl\/index.php\/produkt\/collecta-zwierzeta-domowe-ciele-rasy-brahman-88581\/"},"modified":"2026-05-17T22:29:49","modified_gmt":"2026-05-17T20:29:49","slug":"collecta-zwierzeta-domowe-ciele-rasy-brahman-88581","status":"publish","type":"product","link":"http:\/\/klubmamgdynia.pl\/index.php\/produkt\/collecta-zwierzeta-domowe-ciele-rasy-brahman-88581\/","title":{"rendered":"Collecta Zwierz\u0119ta domowe Ciel\u0119 Rasy Brahman (88581)"},"content":{"rendered":"<p>Figurka zwierzcia gospodarskiego (ciel Brahman) od firmy COLLECTA. Zabawka odznacza si dbaoci o detale (np. nierwnoci na fakturze imitujce sier, realistyczne wzornictwo kolorystyczne). Zwierz stoi stabilnie na swoich wasnych nogach. Produkt cechuje wiernie oddana sylwetka i umaszczenie zwierzcia. Uwag przycigaj specyficzne fady skry na szyi. Wszystkie szczegy s zgodne z wiedz naukow na temat tego gatunku, dlatego moe by to rwnie zabawka edukacyjna. Miniaturka zostaa zapakowana w foliow torebk. Posiada zabezpieczenie z tekturki w rodku, ktre zwiksza bezpieczestwo podczas transportu. Figurka moe stanowi uzupenienie innych miniaturek zwierzt gospodarskich, ktre ju posiadamy.Wymiary opakowania i zabawki: 7x2x6cmWiek: 3+<\/p>\n<h2>Collecta Zwierz\u0119ta domowe Ciel\u0119 Rasy Brahman (88581) Collecta<\/h2>\n<p>litera r do druku, milena imie, karyna, \u017c\u0105rty na prima aprilis, melania imi\u0119, pikachu kolorowanka, harry potter kolorowanka, wroc\u0142aw i okolice atrakcje, zagadki dla 6 latka, kolorowanki do druku pieski, zagadki logiczne \u015bmieszne, zaproszenie na urodziny do druku pdf, dzie\u0144 pluszowego misia, test opowie\u015bci z narnii lew czarownica i stara szafa do druku<\/p>\n<p>yyyyy<\/p>\n<p>&nbsp;<\/p>\n","protected":false},"excerpt":{"rendered":"<p>Figurka zwierzcia gospodarskiego (ciel Brahman) od firmy COLLECTA. Zabawka odznacza si dbaoci o detale (np. nierwnoci na fakturze imitujce sier, realistyczne wzornictwo kolorystyczne). Zwierz stoi stabilnie na swoich wasnych nogach. Produkt cechuje wiernie oddana sylwetka i umaszczenie zwierzcia. Uwag przycigaj specyficzne fady skry na szyi. Wszystkie szczegy s zgodne z wiedz naukow na temat tego [&hellip;]<\/p>\n","protected":false},"featured_media":9536,"comment_status":"closed","ping_status":"open","template":"","meta":[],"product_cat":[490,95],"product_tag":[753,612,582,835,710],"class_list":["post-9535","product","type-product","status-publish","has-post-thumbnail","hentry","product_cat-collecta","product_cat-figurki-makiety-i-zestawy","product_tag-kamila","product_tag-kolorowanki-do-druku","product_tag-nauka-pisania-literek-do-wydruku-pdf","product_tag-radosc-dziecka-cytaty","product_tag-zagadki-dla-dzieci-10-12-lat"],"_links":{"self":[{"href":"http:\/\/klubmamgdynia.pl\/index.php\/wp-json\/wp\/v2\/product\/9535","targetHints":{"allow":["GET"]}}],"collection":[{"href":"http:\/\/klubmamgdynia.pl\/index.php\/wp-json\/wp\/v2\/product"}],"about":[{"href":"http:\/\/klubmamgdynia.pl\/index.php\/wp-json\/wp\/v2\/types\/product"}],"replies":[{"embeddable":true,"href":"http:\/\/klubmamgdynia.pl\/index.php\/wp-json\/wp\/v2\/comments?post=9535"}],"wp:featuredmedia":[{"embeddable":true,"href":"http:\/\/klubmamgdynia.pl\/index.php\/wp-json\/wp\/v2\/media\/9536"}],"wp:attachment":[{"href":"http:\/\/klubmamgdynia.pl\/index.php\/wp-json\/wp\/v2\/media?parent=9535"}],"wp:term":[{"taxonomy":"product_cat","embeddable":true,"href":"http:\/\/klubmamgdynia.pl\/index.php\/wp-json\/wp\/v2\/product_cat?post=9535"},{"taxonomy":"product_tag","embeddable":true,"href":"http:\/\/klubmamgdynia.pl\/index.php\/wp-json\/wp\/v2\/product_tag?post=9535"}],"curies":[{"name":"wp","href":"https:\/\/api.w.org\/{rel}","templated":true}]}}