{"id":9537,"date":"2014-12-16T16:04:13","date_gmt":"2014-12-16T15:04:13","guid":{"rendered":"http:\/\/klubmamgdynia.pl\/index.php\/produkt\/collecta-klacz-rasy-thoroughbred\/"},"modified":"2026-05-17T22:12:51","modified_gmt":"2026-05-17T20:12:51","slug":"collecta-klacz-rasy-thoroughbred","status":"publish","type":"product","link":"http:\/\/klubmamgdynia.pl\/index.php\/produkt\/collecta-klacz-rasy-thoroughbred\/","title":{"rendered":"Collecta Klacz Rasy Thoroughbred"},"content":{"rendered":"<p>Figurka kolekcjonerska firmy Collecta. Produkty tej firmy cechuje wysoka jako\u015b\u0107 wykonania oraz wiernie oddany kszta\u0142t oraz kolor zwierz\u0119cia. Ca\u0142a kolekcja obejmuje przesz\u0142o 553 gatunk\u00f3w.<\/p>\n<h2>Collecta Klacz Rasy Thoroughbred Collecta<\/h2>\n<p>kolorowanka lego ninjago, dobrej nocy, kolorowanka peppa do druku, maurycy, maski na twarz dla dzieci do wydruku, miko\u0142ajek test z lektury, lego ninjago kolorowanki, nasza zima z\u0142a tekst, rzadkie imiona japo\u0144skie, logiczne zagadki dla dzieci, plac zabaw warszawa, prezent dla m\u0142odzie\u017cy, quiz o miko\u0142ajku, zagadki o zwierzetach, ma\u0142y ksi\u0105\u017ce test, co kupi\u0107 nastolatkowi, tabliczka mno\u017cenia kolorowanki do wydruku, zabawy ruchowe dla dzieci w przedszkolu, ko\u0142ysanki tekst, my little pony kolorowanki<\/p>\n<p>yyyyy<\/p>\n<p>&nbsp;<\/p>\n","protected":false},"excerpt":{"rendered":"<p>Figurka kolekcjonerska firmy Collecta. Produkty tej firmy cechuje wysoka jako\u015b\u0107 wykonania oraz wiernie oddany kszta\u0142t oraz kolor zwierz\u0119cia. Ca\u0142a kolekcja obejmuje przesz\u0142o 553 gatunk\u00f3w. Collecta Klacz Rasy Thoroughbred Collecta kolorowanka lego ninjago, dobrej nocy, kolorowanka peppa do druku, maurycy, maski na twarz dla dzieci do wydruku, miko\u0142ajek test z lektury, lego ninjago kolorowanki, nasza zima [&hellip;]<\/p>\n","protected":false},"featured_media":9538,"comment_status":"closed","ping_status":"open","template":"","meta":[],"product_cat":[490,95],"product_tag":[658,871,801,799],"class_list":["post-9537","product","type-product","status-publish","has-post-thumbnail","hentry","product_cat-collecta","product_cat-figurki-makiety-i-zestawy","product_tag-alan-znaczenie-imienia","product_tag-bajka-o-smoku-wawelskim","product_tag-bajki-terapeutyczne-o-emocjach","product_tag-zagadka-logiczna"],"_links":{"self":[{"href":"http:\/\/klubmamgdynia.pl\/index.php\/wp-json\/wp\/v2\/product\/9537","targetHints":{"allow":["GET"]}}],"collection":[{"href":"http:\/\/klubmamgdynia.pl\/index.php\/wp-json\/wp\/v2\/product"}],"about":[{"href":"http:\/\/klubmamgdynia.pl\/index.php\/wp-json\/wp\/v2\/types\/product"}],"replies":[{"embeddable":true,"href":"http:\/\/klubmamgdynia.pl\/index.php\/wp-json\/wp\/v2\/comments?post=9537"}],"wp:featuredmedia":[{"embeddable":true,"href":"http:\/\/klubmamgdynia.pl\/index.php\/wp-json\/wp\/v2\/media\/9538"}],"wp:attachment":[{"href":"http:\/\/klubmamgdynia.pl\/index.php\/wp-json\/wp\/v2\/media?parent=9537"}],"wp:term":[{"taxonomy":"product_cat","embeddable":true,"href":"http:\/\/klubmamgdynia.pl\/index.php\/wp-json\/wp\/v2\/product_cat?post=9537"},{"taxonomy":"product_tag","embeddable":true,"href":"http:\/\/klubmamgdynia.pl\/index.php\/wp-json\/wp\/v2\/product_tag?post=9537"}],"curies":[{"name":"wp","href":"https:\/\/api.w.org\/{rel}","templated":true}]}}