{"id":9539,"date":"2017-01-04T19:07:38","date_gmt":"2017-01-04T18:07:38","guid":{"rendered":"http:\/\/klubmamgdynia.pl\/index.php\/produkt\/hipp-2-ha-combiotic-hipoalergiczne-mleko-nastepne-z-metafolin-600g\/"},"modified":"2026-04-05T23:49:36","modified_gmt":"2026-04-05T21:49:36","slug":"hipp-2-ha-combiotic-hipoalergiczne-mleko-nastepne-z-metafolin-600g","status":"publish","type":"product","link":"http:\/\/klubmamgdynia.pl\/index.php\/produkt\/hipp-2-ha-combiotic-hipoalergiczne-mleko-nastepne-z-metafolin-600g\/","title":{"rendered":"Hipp 2 Ha Combiotic Hipoalergiczne Mleko Nast\u0119pne Z Metafolin 600G"},"content":{"rendered":"<h2>Hipp 2 Ha Combiotic Hipoalergiczne Mleko Nast\u0119pne Z Metafolin 600G <\/h2>\n<p>test z dzieci z bullerbyn, ko\u0142ysanki tekst, mira imi\u0119, anastazja imi\u0119, wiersze o wakacjach, co na prezent dla 7 latki, alfons, maska do druku, szablon choinki do wydruku, opowie\u015bci z narnii lew czarownica i stara szafa quiz, test z dzieci z bullerbyn, prezent na dzie\u0144 dziecka dla nastolatk\u00f3w, atrakcje dla dzieci warszawa, ma\u0142y ksi\u0105\u017ce cytaty o przyja\u017ani, nauka zegara do druku pdf, karnawa\u0142 maska karnawa\u0142owa szablon<\/p>\n<p>yyyyy<\/p>\n<p>&nbsp;<\/p>\n","protected":false},"excerpt":{"rendered":"<p>Hipp 2 Ha Combiotic Hipoalergiczne Mleko Nast\u0119pne Z Metafolin 600G test z dzieci z bullerbyn, ko\u0142ysanki tekst, mira imi\u0119, anastazja imi\u0119, wiersze o wakacjach, co na prezent dla 7 latki, alfons, maska do druku, szablon choinki do wydruku, opowie\u015bci z narnii lew czarownica i stara szafa quiz, test z dzieci z bullerbyn, prezent na dzie\u0144 [&hellip;]<\/p>\n","protected":false},"featured_media":9540,"comment_status":"closed","ping_status":"open","template":"","meta":[],"product_cat":[19],"product_tag":[650,866,599,641,872,820],"class_list":["post-9539","product","type-product","status-publish","has-post-thumbnail","hentry","product_cat-mleka-nastepne","product_tag-choinka-z-bibuly","product_tag-opis-do-zdjecia-dziecka-na-fb","product_tag-prezent-dla-nastolatkow-2021","product_tag-trudne-zagadki-logiczne","product_tag-zagadki-dla-dzieci-6-lat","product_tag-ziemia-wyspa-zielona-tekst"],"_links":{"self":[{"href":"http:\/\/klubmamgdynia.pl\/index.php\/wp-json\/wp\/v2\/product\/9539","targetHints":{"allow":["GET"]}}],"collection":[{"href":"http:\/\/klubmamgdynia.pl\/index.php\/wp-json\/wp\/v2\/product"}],"about":[{"href":"http:\/\/klubmamgdynia.pl\/index.php\/wp-json\/wp\/v2\/types\/product"}],"replies":[{"embeddable":true,"href":"http:\/\/klubmamgdynia.pl\/index.php\/wp-json\/wp\/v2\/comments?post=9539"}],"wp:featuredmedia":[{"embeddable":true,"href":"http:\/\/klubmamgdynia.pl\/index.php\/wp-json\/wp\/v2\/media\/9540"}],"wp:attachment":[{"href":"http:\/\/klubmamgdynia.pl\/index.php\/wp-json\/wp\/v2\/media?parent=9539"}],"wp:term":[{"taxonomy":"product_cat","embeddable":true,"href":"http:\/\/klubmamgdynia.pl\/index.php\/wp-json\/wp\/v2\/product_cat?post=9539"},{"taxonomy":"product_tag","embeddable":true,"href":"http:\/\/klubmamgdynia.pl\/index.php\/wp-json\/wp\/v2\/product_tag?post=9539"}],"curies":[{"name":"wp","href":"https:\/\/api.w.org\/{rel}","templated":true}]}}