{"id":9541,"date":"2024-04-18T15:08:06","date_gmt":"2024-04-18T13:08:06","guid":{"rendered":"http:\/\/klubmamgdynia.pl\/?post_type=product&#038;p=9541"},"modified":"2026-04-30T12:57:18","modified_gmt":"2026-04-30T10:57:18","slug":"lovi-kubek-360-drink-master-250-ml-wild-soul-boy-1-605new","status":"publish","type":"product","link":"http:\/\/klubmamgdynia.pl\/index.php\/produkt\/lovi-kubek-360-drink-master-250-ml-wild-soul-boy-1-605new\/","title":{"rendered":"LOVI Kubek\u00b0 360 Drink Master 250 ml Wild Soul Boy (1\/605new)"},"content":{"rendered":"<h2>LOVI Kubek\u00b0 360 Drink Master 250 ml Wild Soul Boy (1\/605new) LOVI<\/h2>\n<p>doros\u0142ych kolorowanki dziewczyny, pch\u0142y na noc, zabawy tematyczne przyk\u0142ady, pomys\u0142 na prezent dla nastolatki, nietypowe imiona, zabawa dla 7 latka, zdrowe przepisy dla dzieci, zagadki matematyczne logiczne, lucjan, gwiazdka do druku<\/p>\n<p>yyyyy<\/p>\n<p>&nbsp;<\/p>\n","protected":false},"excerpt":{"rendered":"<p>LOVI Kubek\u00b0 360 Drink Master 250 ml Wild Soul Boy (1\/605new) LOVI doros\u0142ych kolorowanki dziewczyny, pch\u0142y na noc, zabawy tematyczne przyk\u0142ady, pomys\u0142 na prezent dla nastolatki, nietypowe imiona, zabawa dla 7 latka, zdrowe przepisy dla dzieci, zagadki matematyczne logiczne, lucjan, gwiazdka do druku yyyyy &nbsp;<\/p>\n","protected":false},"featured_media":9542,"comment_status":"closed","ping_status":"open","template":"","meta":[],"product_cat":[1467,215],"product_tag":[802,580,645,594],"class_list":["post-9541","product","type-product","status-publish","has-post-thumbnail","hentry","product_cat-lovi","product_cat-naczynia-i-sztucce-dla-dzieci","product_tag-co-kupic-dziewczynce-na-roczek","product_tag-janusz","product_tag-latwe-zagadki","product_tag-podchwytliwe-zagadki-dla-dzieci"],"_links":{"self":[{"href":"http:\/\/klubmamgdynia.pl\/index.php\/wp-json\/wp\/v2\/product\/9541","targetHints":{"allow":["GET"]}}],"collection":[{"href":"http:\/\/klubmamgdynia.pl\/index.php\/wp-json\/wp\/v2\/product"}],"about":[{"href":"http:\/\/klubmamgdynia.pl\/index.php\/wp-json\/wp\/v2\/types\/product"}],"replies":[{"embeddable":true,"href":"http:\/\/klubmamgdynia.pl\/index.php\/wp-json\/wp\/v2\/comments?post=9541"}],"wp:featuredmedia":[{"embeddable":true,"href":"http:\/\/klubmamgdynia.pl\/index.php\/wp-json\/wp\/v2\/media\/9542"}],"wp:attachment":[{"href":"http:\/\/klubmamgdynia.pl\/index.php\/wp-json\/wp\/v2\/media?parent=9541"}],"wp:term":[{"taxonomy":"product_cat","embeddable":true,"href":"http:\/\/klubmamgdynia.pl\/index.php\/wp-json\/wp\/v2\/product_cat?post=9541"},{"taxonomy":"product_tag","embeddable":true,"href":"http:\/\/klubmamgdynia.pl\/index.php\/wp-json\/wp\/v2\/product_tag?post=9541"}],"curies":[{"name":"wp","href":"https:\/\/api.w.org\/{rel}","templated":true}]}}