{"id":9543,"date":"2021-10-08T05:13:56","date_gmt":"2021-10-08T03:13:56","guid":{"rendered":"http:\/\/klubmamgdynia.pl\/index.php\/produkt\/schleich-figurka-kon-paint-horse-zrebie-horse-club-red\/"},"modified":"2026-04-23T11:24:44","modified_gmt":"2026-04-23T09:24:44","slug":"schleich-figurka-kon-paint-horse-zrebie-horse-club-red","status":"publish","type":"product","link":"http:\/\/klubmamgdynia.pl\/index.php\/produkt\/schleich-figurka-kon-paint-horse-zrebie-horse-club-red\/","title":{"rendered":"Schleich Figurka Ko\u0144 Paint Horse \u0179rebi\u0119 Horse Club Red"},"content":{"rendered":"<p>\u0179rebi\u0119 rasy paint horse\u0179rebi\u0119ta paint horse rodz\u0105 si\u0119 ju\u017c z pi\u0119knymi \u0142atami &#8211; typowymi dla tej rasy. W\u0142a\u015bciwie te konie to srokata odmiana quarter horses. Jednak\u017ce wcze\u015bniej tylko jednobarwne konie mog\u0142y by\u0107 wpisywane do ksi\u0119gi stadnej. Jednak popularno\u015b\u0107 paint horse dwie dekady p\u00f3\u017aniej przyczyni\u0142a si\u0119 do wprowadzenia ich jako odr\u0119bnej rasy.To nowa seria produkt\u00f3w Schleich &#8211; Red. Figurka, kt\u00f3rej numer oznaczony jest dodatkowo liter\u0105 S, znajduje si\u0119 w p\u00f3\u0142przezroczystej saszetce, z pi\u0119knym zadrukowanym t\u0142em nawi\u0105zuj\u0105cym do serii, z kt\u00f3rej pochodzi produkt. W tym wypadku to seria Horse Club. Produkt wraz z saszetk\u0105 stanowi\u0105 sp\u00f3jny zestaw, kt\u00f3ry stanowi\u0107 mo\u017ce doskona\u0142\u0105 form\u0119 prezentu.CiekawostkaRasa paint horse oficjalnie powsta\u0142a dopiero w roku 1965.<\/p>\n<h2>Schleich Figurka Ko\u0144 Paint Horse \u0179rebi\u0119 Horse Club Red Schleich<\/h2>\n<p>roszpunka kolorowanka, zagatki, platformy edukacyjne dla dzieci, m\u0105dre bajki dla dzieci do czytania, quizy \u015bwi\u0105teczne bo\u017ce narodzenie, g\u0142upie zagadki, walentynka kolorowanka<\/p>\n<p>yyyyy<\/p>\n<p>&nbsp;<\/p>\n","protected":false},"excerpt":{"rendered":"<p>\u0179rebi\u0119 rasy paint horse\u0179rebi\u0119ta paint horse rodz\u0105 si\u0119 ju\u017c z pi\u0119knymi \u0142atami &#8211; typowymi dla tej rasy. W\u0142a\u015bciwie te konie to srokata odmiana quarter horses. Jednak\u017ce wcze\u015bniej tylko jednobarwne konie mog\u0142y by\u0107 wpisywane do ksi\u0119gi stadnej. Jednak popularno\u015b\u0107 paint horse dwie dekady p\u00f3\u017aniej przyczyni\u0142a si\u0119 do wprowadzenia ich jako odr\u0119bnej rasy.To nowa seria produkt\u00f3w Schleich [&hellip;]<\/p>\n","protected":false},"featured_media":9544,"comment_status":"closed","ping_status":"open","template":"","meta":[],"product_cat":[95,952],"product_tag":[836,808,654,644,783,830],"class_list":["post-9543","product","type-product","status-publish","has-post-thumbnail","hentry","product_cat-figurki-makiety-i-zestawy","product_cat-schleich","product_tag-co-kupic-dziecku-na-roczek","product_tag-imie-mia","product_tag-krotkie-bajki-dla-dzieci-do-czytania","product_tag-mia","product_tag-prezenty-na-roczek-dla-chlopca","product_tag-rodzina-cytaty"],"_links":{"self":[{"href":"http:\/\/klubmamgdynia.pl\/index.php\/wp-json\/wp\/v2\/product\/9543","targetHints":{"allow":["GET"]}}],"collection":[{"href":"http:\/\/klubmamgdynia.pl\/index.php\/wp-json\/wp\/v2\/product"}],"about":[{"href":"http:\/\/klubmamgdynia.pl\/index.php\/wp-json\/wp\/v2\/types\/product"}],"replies":[{"embeddable":true,"href":"http:\/\/klubmamgdynia.pl\/index.php\/wp-json\/wp\/v2\/comments?post=9543"}],"wp:featuredmedia":[{"embeddable":true,"href":"http:\/\/klubmamgdynia.pl\/index.php\/wp-json\/wp\/v2\/media\/9544"}],"wp:attachment":[{"href":"http:\/\/klubmamgdynia.pl\/index.php\/wp-json\/wp\/v2\/media?parent=9543"}],"wp:term":[{"taxonomy":"product_cat","embeddable":true,"href":"http:\/\/klubmamgdynia.pl\/index.php\/wp-json\/wp\/v2\/product_cat?post=9543"},{"taxonomy":"product_tag","embeddable":true,"href":"http:\/\/klubmamgdynia.pl\/index.php\/wp-json\/wp\/v2\/product_tag?post=9543"}],"curies":[{"name":"wp","href":"https:\/\/api.w.org\/{rel}","templated":true}]}}