{"id":9545,"date":"2023-05-01T11:10:26","date_gmt":"2023-05-01T09:10:26","guid":{"rendered":"http:\/\/klubmamgdynia.pl\/?post_type=product&#038;p=9545"},"modified":"2026-04-26T09:06:32","modified_gmt":"2026-04-26T07:06:32","slug":"melissa-doug-drewniany-pociag-z-klockami","status":"publish","type":"product","link":"http:\/\/klubmamgdynia.pl\/index.php\/produkt\/melissa-doug-drewniany-pociag-z-klockami\/","title":{"rendered":"Melissa &amp; Doug Drewniany Poci\u0105g Z Klockami"},"content":{"rendered":"<p>Kolorowy poci\u0105g, sorter, samoch\u00f3d &#8211; te wszystkie produkty mo\u017cna odnale\u017a\u0107 w tej zabawce. 15 klock\u00f3w, \u0142atwych do uchwycenia mo\u017cna za\u0142adowa\u0107 jako towar w poci\u0105gu. Wagony mo\u017cna odczepia\u0107. Kiedy na platformie nie zostanie u\u0142o\u017cony \u017caden klocek, wtedy poci\u0105gi zamieniaj\u0105 si\u0119 w samochody. Zabawka doskonale \u0107wiczy zdolno\u015bci manualne, ma\u0142\u0105 motoryk\u0119 oraz wspiera koordynacj\u0119 r\u0119ka &#8211; oko. NAZWA DREWNIANY POCI\u0104G Z KLOCKAMI PRODUCENT MELISSA &amp; DOUG WIEK 3+ EAN 0000772105729 Znajd\u017a podobne wed\u0142ug klucza: MELISSA_&amp;_DOUG DREWNIANY POCI\u0104G (290402)<\/p>\n<h2>Melissa &amp; Doug Drewniany Poci\u0105g Z Klockami Melissa &amp; Doug<\/h2>\n<p>zagadki s\u0142owne, impreza halloween 2021 dla dzieci, fajne zagadki, traktor z przyczep\u0105 kolorowanka, zagadki przyrodnicze, anio\u0142ki w niebie pisz\u0105<\/p>\n<p>yyyyy<\/p>\n<p>&nbsp;<\/p>\n","protected":false},"excerpt":{"rendered":"<p>Kolorowy poci\u0105g, sorter, samoch\u00f3d &#8211; te wszystkie produkty mo\u017cna odnale\u017a\u0107 w tej zabawce. 15 klock\u00f3w, \u0142atwych do uchwycenia mo\u017cna za\u0142adowa\u0107 jako towar w poci\u0105gu. Wagony mo\u017cna odczepia\u0107. Kiedy na platformie nie zostanie u\u0142o\u017cony \u017caden klocek, wtedy poci\u0105gi zamieniaj\u0105 si\u0119 w samochody. Zabawka doskonale \u0107wiczy zdolno\u015bci manualne, ma\u0142\u0105 motoryk\u0119 oraz wspiera koordynacj\u0119 r\u0119ka &#8211; oko. NAZWA [&hellip;]<\/p>\n","protected":false},"featured_media":9546,"comment_status":"closed","ping_status":"open","template":"","meta":[],"product_cat":[1204,295],"product_tag":[612,850,693,592,724],"class_list":["post-9545","product","type-product","status-publish","has-post-thumbnail","hentry","product_cat-melissa-doug","product_cat-pozostale-zabawki","product_tag-kolorowanki-do-druku","product_tag-wroclaw-atrakcje-dla-dzieci","product_tag-zagadki-dla-doroslych","product_tag-zagadki-dla-dzieci","product_tag-zagadki-podchwytliwe"],"_links":{"self":[{"href":"http:\/\/klubmamgdynia.pl\/index.php\/wp-json\/wp\/v2\/product\/9545","targetHints":{"allow":["GET"]}}],"collection":[{"href":"http:\/\/klubmamgdynia.pl\/index.php\/wp-json\/wp\/v2\/product"}],"about":[{"href":"http:\/\/klubmamgdynia.pl\/index.php\/wp-json\/wp\/v2\/types\/product"}],"replies":[{"embeddable":true,"href":"http:\/\/klubmamgdynia.pl\/index.php\/wp-json\/wp\/v2\/comments?post=9545"}],"wp:featuredmedia":[{"embeddable":true,"href":"http:\/\/klubmamgdynia.pl\/index.php\/wp-json\/wp\/v2\/media\/9546"}],"wp:attachment":[{"href":"http:\/\/klubmamgdynia.pl\/index.php\/wp-json\/wp\/v2\/media?parent=9545"}],"wp:term":[{"taxonomy":"product_cat","embeddable":true,"href":"http:\/\/klubmamgdynia.pl\/index.php\/wp-json\/wp\/v2\/product_cat?post=9545"},{"taxonomy":"product_tag","embeddable":true,"href":"http:\/\/klubmamgdynia.pl\/index.php\/wp-json\/wp\/v2\/product_tag?post=9545"}],"curies":[{"name":"wp","href":"https:\/\/api.w.org\/{rel}","templated":true}]}}