{"id":9547,"date":"2011-02-10T15:53:53","date_gmt":"2011-02-10T14:53:53","guid":{"rendered":"http:\/\/klubmamgdynia.pl\/index.php\/produkt\/tm-toys-hey-clay-masa-plastyczna-zestaw-owca-96995\/"},"modified":"2026-04-29T18:18:58","modified_gmt":"2026-04-29T16:18:58","slug":"tm-toys-hey-clay-masa-plastyczna-zestaw-owca-96995","status":"publish","type":"product","link":"http:\/\/klubmamgdynia.pl\/index.php\/produkt\/tm-toys-hey-clay-masa-plastyczna-zestaw-owca-96995\/","title":{"rendered":"Tm Toys Hey Clay Masa Plastyczna Zestaw Owca 96995"},"content":{"rendered":"<p>HEY CLAY &#8211; Masa Plastyczna &#8211; ZESTAW OWCA &#8211; 96995 Je\u015bli jeste\u015b fanem kreatywnych, manualnych zaj\u0119\u0107, mamy co\u015b specjalnie dla ciebie! Hey Clay proponuje zestaw, dzi\u0119ki kt\u00f3remu stworzymy figurki fantastycznych postaci od podstaw. Wci\u0105gaj\u0105ce zaj\u0119cie wy\u0107wiczy sprawno\u015b\u0107 manualn\u0105 oraz pomo\u017ce doskonali\u0107 umiej\u0119tno\u015bci plastyczne. Tworzenie projekt\u00f3w 3D b\u0119dzie te\u017c sposobem na trening dok\u0142adno\u015bci i cierpliwo\u015bci. Wszystko to b\u0119dzie mo\u017cliwe przy wsp\u00f3\u0142pracy z aplikacj\u0105 mobiln\u0105.Tym razem mamy szans\u0119 stworzy\u0107 bia\u0142o-czarn\u0105 owieczk\u0119. Kreatywny zestaw sk\u0142ada si\u0119 z 5 pojemnik\u00f3w z plastyczn\u0105 mas\u0105 &#8211; mi\u0119kk\u0105, delikatn\u0105 i pachn\u0105c\u0105. Przy jej pomocy stworzymy posta\u0107 owcy od podstaw. Pozosta\u0142a ilo\u015b\u0107 masy mo\u017ce pos\u0142u\u017cy\u0107 do innych plastycznych projekt\u00f3w. Figurka potrzebuje 24 godzin aby stwardnie\u0107. Kolejny krok to zabawa kolorowymi postaciami!Zestaw pozwala na bezp\u0142atny dost\u0119p do aplikacji Hey Clay, kt\u00f3ra jest inspiruj\u0105cym przewodnikiem po \u015bwiecie modelowania i projektowania. W tworzeniu figurek pomo\u017ce instrukcja dost\u0119pna w aplikacji. W przyst\u0119pny spos\u00f3b, krok po kroku dowiesz si\u0119 jak wyrze\u017abi\u0107 dan\u0105 posta\u0107. Dziecko rozpocznie tworzenie od prostych kszta\u0142t\u00f3w, by sko\u0144czy\u0107 na tr\u00f3jwymiarowej, kolorowej figurce. Zabawa manualna po\u0142\u0105czona z interaktywnym aspektem pozwoli na kreatywne zaj\u0119cie anga\u017cuj\u0105ce wiele zmys\u0142\u00f3w.Zestaw zawiera:- plastyczn\u0105 mas\u0119 &#8211; 5 szt.Wiek dziecka: 3+Producent: Hey ClayImporter: TM ToysKod produktu: 96995Wymiary opakowania: 14,5 cm x 7 cm x 7,5 cm<\/p>\n<h2>Tm Toys Hey Clay Masa Plastyczna Zestaw Owca 96995 TM Toys<\/h2>\n<p>nietypowe imiona damskie, w\u0119gierska g\u00f3rka, podchwytliwe zagadki i odpowiedzi, znaczenie imienia pola, kr\u00f3tkie czytanki dla dzieci do wydruku, film rodzinny o \u015bwi\u0119tach, kolorowanka flamingi, kolorowanki lego ninjago, romantyczna bajka na dobranoc, cytat o przyja\u017ani, park ujazdowski, karty pracy po ukrai\u0144sku, mia i ja kolorowanki do druku, zagadki dla dzieci, zabawy dla 5-6 latk\u00f3w, stolice europy quiz<\/p>\n<p>yyyyy<\/p>\n<p>&nbsp;<\/p>\n","protected":false},"excerpt":{"rendered":"<p>HEY CLAY &#8211; Masa Plastyczna &#8211; ZESTAW OWCA &#8211; 96995 Je\u015bli jeste\u015b fanem kreatywnych, manualnych zaj\u0119\u0107, mamy co\u015b specjalnie dla ciebie! Hey Clay proponuje zestaw, dzi\u0119ki kt\u00f3remu stworzymy figurki fantastycznych postaci od podstaw. Wci\u0105gaj\u0105ce zaj\u0119cie wy\u0107wiczy sprawno\u015b\u0107 manualn\u0105 oraz pomo\u017ce doskonali\u0107 umiej\u0119tno\u015bci plastyczne. Tworzenie projekt\u00f3w 3D b\u0119dzie te\u017c sposobem na trening dok\u0142adno\u015bci i cierpliwo\u015bci. Wszystko [&hellip;]<\/p>\n","protected":false},"featured_media":9548,"comment_status":"closed","ping_status":"open","template":"","meta":[],"product_cat":[145,21],"product_tag":[658,617,734,866,739,778,788],"class_list":["post-9547","product","type-product","status-publish","has-post-thumbnail","hentry","product_cat-tm-toys","product_cat-zabawki-plastyczne","product_tag-alan-znaczenie-imienia","product_tag-keyword","product_tag-milan-imie","product_tag-opis-do-zdjecia-dziecka-na-fb","product_tag-prima-aprilis-w-szkole","product_tag-zabawki-na-roczek-dla-chlopca","product_tag-zagadki-krotkie"],"_links":{"self":[{"href":"http:\/\/klubmamgdynia.pl\/index.php\/wp-json\/wp\/v2\/product\/9547","targetHints":{"allow":["GET"]}}],"collection":[{"href":"http:\/\/klubmamgdynia.pl\/index.php\/wp-json\/wp\/v2\/product"}],"about":[{"href":"http:\/\/klubmamgdynia.pl\/index.php\/wp-json\/wp\/v2\/types\/product"}],"replies":[{"embeddable":true,"href":"http:\/\/klubmamgdynia.pl\/index.php\/wp-json\/wp\/v2\/comments?post=9547"}],"wp:featuredmedia":[{"embeddable":true,"href":"http:\/\/klubmamgdynia.pl\/index.php\/wp-json\/wp\/v2\/media\/9548"}],"wp:attachment":[{"href":"http:\/\/klubmamgdynia.pl\/index.php\/wp-json\/wp\/v2\/media?parent=9547"}],"wp:term":[{"taxonomy":"product_cat","embeddable":true,"href":"http:\/\/klubmamgdynia.pl\/index.php\/wp-json\/wp\/v2\/product_cat?post=9547"},{"taxonomy":"product_tag","embeddable":true,"href":"http:\/\/klubmamgdynia.pl\/index.php\/wp-json\/wp\/v2\/product_tag?post=9547"}],"curies":[{"name":"wp","href":"https:\/\/api.w.org\/{rel}","templated":true}]}}