{"id":9549,"date":"2025-09-03T11:54:13","date_gmt":"2025-09-03T09:54:13","guid":{"rendered":"http:\/\/klubmamgdynia.pl\/?post_type=product&#038;p=9549"},"modified":"2026-04-30T09:52:25","modified_gmt":"2026-04-30T07:52:25","slug":"schleich-liassa-70442","status":"publish","type":"product","link":"http:\/\/klubmamgdynia.pl\/index.php\/produkt\/schleich-liassa-70442\/","title":{"rendered":"Schleich Liassa 70442"},"content":{"rendered":"<p>Schleich produkuje figurki zwierz\u0105t, ludzi, dinozaur\u00f3w i nie tylko, kt\u00f3re pobudzaj\u0105 wyobra\u017ani\u0119 dzieci.Ka\u017cda figurka Schleich zosta\u0142a wykonana z najwy\u017csz\u0105 dba\u0142o\u015bci\u0105 o szczeg\u00f3\u0142y. Starannie odlana z tworzywa i r\u0119cznie pomalowana, wiernie oddaje rzeczywisty wygl\u0105d zwierz\u0119cia czy postaci.Materia\u0142y, z kt\u00f3rych s\u0105 produkowane figurki Schleich zosta\u0142y wyselekcjonowane i przebadane tak, aby spe\u0142nia\u0107 najwy\u017csze normy bezpiecze\u0144stwa. Sta\u0142e kontrole w \u015bwiatowych fabrykach firmy Schleich zapewniaj\u0105 ci\u0105g\u0142e dostosowywanie do norm jako\u015bci nak\u0142adanych na zabawki na ca\u0142ym \u015bwiecie.Liassa, kobieta gepard jest pot\u0119\u017cn\u0105 bohaterk\u0105 gotow\u0105 do skoku ze sztyletem w lewej r\u0119ce, w po\u0142\u0105czeniu z towarzyszem gepard mo\u017ce uciec i nikt nie b\u0119dzie w stanie ich dogoni\u0107. Ona jest przyjacielem Umitok i dzia\u0142a jako pos\u0142aniec w Bayala.<\/p>\n<h2>Schleich Liassa 70442 Schleich<\/h2>\n<p>babciu droga babciu tekst, quiz znaki drogowe, kartka walentynkowa r\u0119cznie robiona \u0142atwa, prezent dla dziecka 1 rok, \u0142amig\u0142\u00f3wki logiczne dla dzieci, dla dzieci warszawa, \u015bwinka peppa bajka do czytania, sky kolorowanka, t\u0119cza kolorowanka, plac zabaw pozna\u0144, szczotka pasta kubek ciep\u0142a woda tekst, zagadki wielkanocne dla dzieci, imi\u0119 r\u00f3\u017ca, maski superbohater\u00f3w do wydrukowania, znaki drogowe quizy, film rodzinny o \u015bwi\u0119tach, flagi do druku, tupu tup po \u015bniegu tekst, quiz felix net i nika oraz gang niewidzialnych ludzi<\/p>\n<p>yyyyy<\/p>\n<p>&nbsp;<\/p>\n","protected":false},"excerpt":{"rendered":"<p>Schleich produkuje figurki zwierz\u0105t, ludzi, dinozaur\u00f3w i nie tylko, kt\u00f3re pobudzaj\u0105 wyobra\u017ani\u0119 dzieci.Ka\u017cda figurka Schleich zosta\u0142a wykonana z najwy\u017csz\u0105 dba\u0142o\u015bci\u0105 o szczeg\u00f3\u0142y. Starannie odlana z tworzywa i r\u0119cznie pomalowana, wiernie oddaje rzeczywisty wygl\u0105d zwierz\u0119cia czy postaci.Materia\u0142y, z kt\u00f3rych s\u0105 produkowane figurki Schleich zosta\u0142y wyselekcjonowane i przebadane tak, aby spe\u0142nia\u0107 najwy\u017csze normy bezpiecze\u0144stwa. Sta\u0142e kontrole w [&hellip;]<\/p>\n","protected":false},"featured_media":9550,"comment_status":"closed","ping_status":"open","template":"","meta":[],"product_cat":[95,952],"product_tag":[666,765,832,673,591,778,860],"class_list":["post-9549","product","type-product","status-publish","has-post-thumbnail","hentry","product_cat-figurki-makiety-i-zestawy","product_cat-schleich","product_tag-afrykanskie-imiona","product_tag-atrakcje-dla-dzieci-warszawa","product_tag-desery-dla-dzieci","product_tag-juz-blisko-koleda-tekst","product_tag-quiz-o-minecraft","product_tag-zabawki-na-roczek-dla-chlopca","product_tag-zagadki-logiczne-dla-doroslych"],"_links":{"self":[{"href":"http:\/\/klubmamgdynia.pl\/index.php\/wp-json\/wp\/v2\/product\/9549","targetHints":{"allow":["GET"]}}],"collection":[{"href":"http:\/\/klubmamgdynia.pl\/index.php\/wp-json\/wp\/v2\/product"}],"about":[{"href":"http:\/\/klubmamgdynia.pl\/index.php\/wp-json\/wp\/v2\/types\/product"}],"replies":[{"embeddable":true,"href":"http:\/\/klubmamgdynia.pl\/index.php\/wp-json\/wp\/v2\/comments?post=9549"}],"wp:featuredmedia":[{"embeddable":true,"href":"http:\/\/klubmamgdynia.pl\/index.php\/wp-json\/wp\/v2\/media\/9550"}],"wp:attachment":[{"href":"http:\/\/klubmamgdynia.pl\/index.php\/wp-json\/wp\/v2\/media?parent=9549"}],"wp:term":[{"taxonomy":"product_cat","embeddable":true,"href":"http:\/\/klubmamgdynia.pl\/index.php\/wp-json\/wp\/v2\/product_cat?post=9549"},{"taxonomy":"product_tag","embeddable":true,"href":"http:\/\/klubmamgdynia.pl\/index.php\/wp-json\/wp\/v2\/product_tag?post=9549"}],"curies":[{"name":"wp","href":"https:\/\/api.w.org\/{rel}","templated":true}]}}