{"id":9551,"date":"2014-04-14T22:27:20","date_gmt":"2014-04-14T20:27:20","guid":{"rendered":"http:\/\/klubmamgdynia.pl\/index.php\/produkt\/quercetti-ukladanka-daisy-box-chunky-pets-28-el\/"},"modified":"2026-04-06T20:48:14","modified_gmt":"2026-04-06T18:48:14","slug":"quercetti-ukladanka-daisy-box-chunky-pets-28-el","status":"publish","type":"product","link":"http:\/\/klubmamgdynia.pl\/index.php\/produkt\/quercetti-ukladanka-daisy-box-chunky-pets-28-el\/","title":{"rendered":"Quercetti Uk\u0142adanka Daisy Box Chunky Pets 28 el."},"content":{"rendered":"<p>Quercetti uk\u0142adanka Daisy Box Chunky Pegs to wspania\u0142a i tw\u00f3rcza zabawka, kt\u00f3ra stymuluje rozpoznawanie kolor\u00f3w, rozwija umiej\u0119tno\u015bci manualne oraz koordynacj\u0119 ruchow\u0105.Wszystkie elementy wykonane s\u0105 z tworzywa o wysokiej jako\u015bci, spe\u0142niaj\u0105cego najwy\u017csze normy bezpiecze\u0144stwa, ponadto s\u0105 elastyczne, zmywalne i maj\u0105 zaokr\u0105glone brzegi.Zabawka zawiera kolorowe klocki, bia\u0142\u0105 podstawk\u0119 do tworzenia budowli oraz plastikowe pude\u0142ko, s\u0142u\u017c\u0105ce do przechowywania klock\u00f3w jak i zabawy.EAN:  8007905002704Gwarancja:  24 miesi\u0105ceKod dostawcy:  040-0270Nr katalogowy:  040-0270Marka:  BrakRodzaj:  PlastikoweLiczba element\u00f3w:  28Wymagania wiekowe:  od 12 miesi\u0119cyP\u0142e\u0107:  Dziewczynki i ch\u0142opcyAkcesoria w zestawie:  &#8211; Kolorowe klocki- Bia\u0142\u0105 podstawk\u0119 do tworzenia budowli- Plastikowe pude\u0142koPozosta\u0142e parametry:  Wymiary opakowania: 33 x 13 x 31 cm<\/p>\n<h2>Quercetti Uk\u0142adanka Daisy Box Chunky Pets 28 el. Quercetti<\/h2>\n<p>jak narysowa\u0107 psa krok po kroku, zagadki na inteligencje, krecik bajka, pewna \u017caba by\u0142a s\u0142aba, imi\u0119 pola<\/p>\n<p>yyyyy<\/p>\n<p>&nbsp;<\/p>\n","protected":false},"excerpt":{"rendered":"<p>Quercetti uk\u0142adanka Daisy Box Chunky Pegs to wspania\u0142a i tw\u00f3rcza zabawka, kt\u00f3ra stymuluje rozpoznawanie kolor\u00f3w, rozwija umiej\u0119tno\u015bci manualne oraz koordynacj\u0119 ruchow\u0105.Wszystkie elementy wykonane s\u0105 z tworzywa o wysokiej jako\u015bci, spe\u0142niaj\u0105cego najwy\u017csze normy bezpiecze\u0144stwa, ponadto s\u0105 elastyczne, zmywalne i maj\u0105 zaokr\u0105glone brzegi.Zabawka zawiera kolorowe klocki, bia\u0142\u0105 podstawk\u0119 do tworzenia budowli oraz plastikowe pude\u0142ko, s\u0142u\u017c\u0105ce do przechowywania [&hellip;]<\/p>\n","protected":false},"featured_media":9552,"comment_status":"closed","ping_status":"open","template":"","meta":[],"product_cat":[1155,61],"product_tag":[789,729,734,586],"class_list":["post-9551","product","type-product","status-publish","has-post-thumbnail","hentry","product_cat-quercetti","product_cat-zabawki-edukacyjne-dla-niemowlat","product_tag-kaczuszka","product_tag-madre-bajki-dla-dzieci-do-czytania","product_tag-milan-imie","product_tag-smieszne-zagadki"],"_links":{"self":[{"href":"http:\/\/klubmamgdynia.pl\/index.php\/wp-json\/wp\/v2\/product\/9551","targetHints":{"allow":["GET"]}}],"collection":[{"href":"http:\/\/klubmamgdynia.pl\/index.php\/wp-json\/wp\/v2\/product"}],"about":[{"href":"http:\/\/klubmamgdynia.pl\/index.php\/wp-json\/wp\/v2\/types\/product"}],"replies":[{"embeddable":true,"href":"http:\/\/klubmamgdynia.pl\/index.php\/wp-json\/wp\/v2\/comments?post=9551"}],"wp:featuredmedia":[{"embeddable":true,"href":"http:\/\/klubmamgdynia.pl\/index.php\/wp-json\/wp\/v2\/media\/9552"}],"wp:attachment":[{"href":"http:\/\/klubmamgdynia.pl\/index.php\/wp-json\/wp\/v2\/media?parent=9551"}],"wp:term":[{"taxonomy":"product_cat","embeddable":true,"href":"http:\/\/klubmamgdynia.pl\/index.php\/wp-json\/wp\/v2\/product_cat?post=9551"},{"taxonomy":"product_tag","embeddable":true,"href":"http:\/\/klubmamgdynia.pl\/index.php\/wp-json\/wp\/v2\/product_tag?post=9551"}],"curies":[{"name":"wp","href":"https:\/\/api.w.org\/{rel}","templated":true}]}}