{"id":9555,"date":"2020-05-11T03:17:00","date_gmt":"2020-05-11T01:17:00","guid":{"rendered":"http:\/\/klubmamgdynia.pl\/index.php\/produkt\/pupus-pieluszka-aio-all-in-one-magiczny-las\/"},"modified":"2026-05-17T22:38:27","modified_gmt":"2026-05-17T20:38:27","slug":"pupus-pieluszka-aio-all-in-one-magiczny-las","status":"publish","type":"product","link":"http:\/\/klubmamgdynia.pl\/index.php\/produkt\/pupus-pieluszka-aio-all-in-one-magiczny-las\/","title":{"rendered":"Pupus Pieluszka Aio (All In One) &#8211; Magiczny Las"},"content":{"rendered":"<p>Pieluszka AIO (all in one) &#8211; Magiczny LasPieluszka wielorazowa AIO mini OS 5-11kg- uszyta w PolsceWYMIARYSzeroko\u015b\u0107 w kroku (szeroko\u015b\u0107 wk\u0142adu): 10cmD\u0142ugo\u015b\u0107(d\u0142ugo\u015b\u0107 wk\u0142adu): 31cmKONSTRUKCJAPieluszka AIO Pupus jest bardzo zgrabnai jednocze\u015bnie ch\u0142onna.D\u0142ugo j\u0105 dopracowali\u015bmy, dbaj\u0105c o ka\u017cdy szczeg\u00f3\u0142. Przeczytajcie, co niezwyk\u0142ego jest w naszych pieluszkach aio:1. Kr\u00f3j pieluszki pozwala na doskona\u0142e dopasowanie si\u0119 do cia\u0142a dziecka, nie kr\u0119puj\u0105c jego ruch\u00f3w2. Podw\u00f3jne delikatne gumki przy n\u00f3\u017ckach to nasza gwarancja szczelno\u015bci3. Dwa j\u0119zyki wszyte z przodu.Dzi\u0119ki temu na plecach nie tworz\u0105 si\u0119 niepotrzebne zgrubienia. Ich spos\u00f3b wszycia z przodu r\u00f3wnie\u017c nie powoduje niepotrzebnych zgrubie\u0144.4. Jedenj\u0119zyk uszyty jest z dw\u00f3ch warstw mi\u0119kkiego bambusa &#8222;baranka&#8221;, drugi z trzech. &#8222;Baranek&#8221; produkowany jest specjalnie dla nas; jest niebielony.5. Specjalna zak\u0142adkanako\u0144cu jednego z j\u0119zyk\u00f3w u\u0142atwia wk\u0142adanie wk\u0142ad\u00f3w do \u015brodka6. Kiesze\u0144 uszyta jest z rozci\u0105gliwej i mi\u0119sistej dres\u00f3wki bambusowej, do kt\u00f3rej doszyta jest jedna warstwa ch\u0142onnego baranka w kszta\u0142cie klepsydry.7. Materia\u0142 zewn\u0119trzny to nieprzemakalny PUL naszej produkcji, z autorskimi wzorami8. Pieluszka zapinana jest na jeden rz\u0105d nap oraz posiada napy do regulacji rozmiaru.9. W sumie pieluszka AIO ma 6 warstw ch\u0142onnego baranka + 1 warstw\u0119 dres\u00f3wki bambusowejPieluszki pasuj\u0105 na dzieci od 5do 11 kilogram\u00f3w.Pieluszki wielorazowe AIOto bardzowygodne rozwi\u0105zanie.Mo\u017cesz przygotowa\u0107 tak\u0105 pieluszk\u0119 wcze\u015bniej i przy przewijaniu szybciutko j\u0105 za\u0142o\u017cy\u0107To najlepszy rodzaj pieluszki dla babci lub do \u017c\u0142obka \ud83d\ude42 (albo dla taty;)Je\u015bli obawiasz si\u0119, \u017ce pieluszka nie wytrzyma ca\u0142ej nocy, mo\u017cesz do\u0142o\u017cy\u0107 jeszczejeden wk\u0142ad lub boosterMo\u017cna suszy\u0107 w suszarce b\u0119bnowej na \u0142agodnym programie lub na kaloryferze (tak, by PUL nie dotyka\u0142 bezpo\u015brednio grzejnika)MATERIA\u0141YPieluszka AIOjest uszyta z trzech rodzaj\u00f3w materia\u0142\u00f3w: nieprzemakalnego PULu, bambusa frotte i dres\u00f3wki bambusowejPUL to mi\u0119kka, wodoszczelna dzianina. Jest laminowana od wewn\u0105trz i kolorowa na zewn\u0105trz.Bambus frotte (80% wiskoza bambusowa, 20% poliester) &#8211; niebielony, ch\u0142onny i mi\u0119ciutki materia\u0142,wygl\u0105da tak samo mimo wielu pra\u0144Dres\u00f3wka bambusowa (80% wiskoza bambusowa, 20% poliester)- mi\u0119kka i rozci\u0105gliwa &#8211; a tak\u017ce ch\u0142onnaWszystkie materia\u0142y pochodz\u0105 z Polski.PRANIETemperatura prania: do 60 stopni. Mo\u017cna suszy\u0107 w suszarce b\u0119bnowej na \u0142agodnym programie lub na kaloryferze (tak, by PUL nie dotyka\u0142 bezpo\u015brednio grzejnika)Razem z pieluszkami otrzymasz szczeg\u00f3\u0142ow\u0105instrukcj\u0119 prania. O praniu pisali\u015bmy r\u00f3wnie\u017c tutaj.<\/p>\n<h2>Pupus Pieluszka Aio (All In One) &#8211; Magiczny Las Pupus<\/h2>\n<p>zagadki na inteligencj\u0119, \u015bmieszne kanapki kanapki dla dzieci, kolorowanki do druku dla ch\u0142opc\u00f3w, jak narysowa\u0107 pikachu, wszystkie kraje \u015bwiata quiz, maska kota do druku, miasto dzieci, karaluchy pod poduchy a szczypawki, sk\u0142adniki do pizzy kolorowanka, bajki halloween, cytaty o przyja\u017ani kr\u00f3tkie, wy\u015bcig but\u00f3w, cytaty o dzieciach i rodzicach, zaproszenia na urodziny do wydruku czarno bia\u0142e, ch\u0142opcy z placu broni &#8211; test z odpowiedziami, maski do druku kolorowe, opowie\u015bci z narnii lew czarownica i stara szafa test do wydruku, traktor do druku, cytaty z ma\u0142ego ksi\u0119cia o przyja\u017ani, \u015bwinka peppa bajka do czytania<\/p>\n<p>yyyyy<\/p>\n<p>&nbsp;<\/p>\n","protected":false},"excerpt":{"rendered":"<p>Pieluszka AIO (all in one) &#8211; Magiczny LasPieluszka wielorazowa AIO mini OS 5-11kg- uszyta w PolsceWYMIARYSzeroko\u015b\u0107 w kroku (szeroko\u015b\u0107 wk\u0142adu): 10cmD\u0142ugo\u015b\u0107(d\u0142ugo\u015b\u0107 wk\u0142adu): 31cmKONSTRUKCJAPieluszka AIO Pupus jest bardzo zgrabnai jednocze\u015bnie ch\u0142onna.D\u0142ugo j\u0105 dopracowali\u015bmy, dbaj\u0105c o ka\u017cdy szczeg\u00f3\u0142. Przeczytajcie, co niezwyk\u0142ego jest w naszych pieluszkach aio:1. Kr\u00f3j pieluszki pozwala na doskona\u0142e dopasowanie si\u0119 do cia\u0142a dziecka, nie [&hellip;]<\/p>\n","protected":false},"featured_media":9556,"comment_status":"closed","ping_status":"open","template":"","meta":[],"product_cat":[17,1827],"product_tag":[848,689,771,693,623],"class_list":["post-9555","product","type-product","status-publish","has-post-thumbnail","hentry","product_cat-pieluchy","product_cat-pupus","product_tag-cytat-o-rodzinie","product_tag-linda","product_tag-stolice-europy-quiz","product_tag-zagadki-dla-doroslych","product_tag-zagadki-logiczne-smieszne"],"_links":{"self":[{"href":"http:\/\/klubmamgdynia.pl\/index.php\/wp-json\/wp\/v2\/product\/9555","targetHints":{"allow":["GET"]}}],"collection":[{"href":"http:\/\/klubmamgdynia.pl\/index.php\/wp-json\/wp\/v2\/product"}],"about":[{"href":"http:\/\/klubmamgdynia.pl\/index.php\/wp-json\/wp\/v2\/types\/product"}],"replies":[{"embeddable":true,"href":"http:\/\/klubmamgdynia.pl\/index.php\/wp-json\/wp\/v2\/comments?post=9555"}],"wp:featuredmedia":[{"embeddable":true,"href":"http:\/\/klubmamgdynia.pl\/index.php\/wp-json\/wp\/v2\/media\/9556"}],"wp:attachment":[{"href":"http:\/\/klubmamgdynia.pl\/index.php\/wp-json\/wp\/v2\/media?parent=9555"}],"wp:term":[{"taxonomy":"product_cat","embeddable":true,"href":"http:\/\/klubmamgdynia.pl\/index.php\/wp-json\/wp\/v2\/product_cat?post=9555"},{"taxonomy":"product_tag","embeddable":true,"href":"http:\/\/klubmamgdynia.pl\/index.php\/wp-json\/wp\/v2\/product_tag?post=9555"}],"curies":[{"name":"wp","href":"https:\/\/api.w.org\/{rel}","templated":true}]}}