{"id":9557,"date":"2023-12-28T23:16:54","date_gmt":"2023-12-28T22:16:54","guid":{"rendered":"http:\/\/klubmamgdynia.pl\/?post_type=product&#038;p=9557"},"modified":"2026-04-30T18:31:36","modified_gmt":"2026-04-30T16:31:36","slug":"pielucha-tetra-80x80-bialy","status":"publish","type":"product","link":"http:\/\/klubmamgdynia.pl\/index.php\/produkt\/pielucha-tetra-80x80-bialy\/","title":{"rendered":"Pielucha Tetra 80X80 Bia\u0142y"},"content":{"rendered":"<p>10szt. w opakowaniu. Bia\u0142e pieluchy tetrowe s\u0105 niezb\u0119dnym elementem wyprawki ka\u017cdego nowonarodzonego dziecka. Wykonane z naturalnego surowca, jakim jest bawe\u0142na, pieluchy tetrowe zapewniaj\u0105 komfort i zdrowie wra\u017cliwej sk\u00f3rze niemowlaka. U\u017cywanie tradycyjnych pieluch tetrowych mo\u017ce te\u017c okaza\u0107 si\u0119 znakomit\u0105 terapi\u0105 ortopedyczn\u0105 prowadzon\u0105 oczywi\u015bcie wed\u0142ug \u015bcis\u0142ych wskaza\u0144 lekarza. Pieluchy tetrowe mog\u0105 by\u0107 gotowane, co sprawia, \u017ce idealnie nadaj\u0105 si\u0119 dla niemowl\u0105t ze sk\u0142onno\u015bciami do alergii sk\u00f3rnych. Dobra jako\u015b\u0107 naszych produkt\u00f3w gwarantuje d\u0142ugi okres ich u\u017cytkowania. Sprzeda\u017c ca\u0142ym opakowaniem. W paczce znajduje si\u0119 10 szt. Cena dotyczy 1 szt.<\/p>\n<h2>Pielucha Tetra 80X80 Bia\u0142y <\/h2>\n<p>koty kolorowanki do druku, jagna imi\u0119, piosenka na dzie\u0144 nauczyciela przedszkole, julian znaczenie imienia, zagadki matematyczne dla dzieci 7 lat, minecraft quiz, czytanki na dobranoc, minionki kolorowanka<\/p>\n<p>yyyyy<\/p>\n<p>&nbsp;<\/p>\n","protected":false},"excerpt":{"rendered":"<p>10szt. w opakowaniu. Bia\u0142e pieluchy tetrowe s\u0105 niezb\u0119dnym elementem wyprawki ka\u017cdego nowonarodzonego dziecka. Wykonane z naturalnego surowca, jakim jest bawe\u0142na, pieluchy tetrowe zapewniaj\u0105 komfort i zdrowie wra\u017cliwej sk\u00f3rze niemowlaka. U\u017cywanie tradycyjnych pieluch tetrowych mo\u017ce te\u017c okaza\u0107 si\u0119 znakomit\u0105 terapi\u0105 ortopedyczn\u0105 prowadzon\u0105 oczywi\u015bcie wed\u0142ug \u015bcis\u0142ych wskaza\u0144 lekarza. Pieluchy tetrowe mog\u0105 by\u0107 gotowane, co sprawia, \u017ce idealnie [&hellip;]<\/p>\n","protected":false},"featured_media":9558,"comment_status":"closed","ping_status":"open","template":"","meta":[],"product_cat":[17],"product_tag":[686,781,723,605],"class_list":["post-9557","product","type-product","status-publish","has-post-thumbnail","hentry","product_cat-pieluchy","product_tag-co-na-roczek-dla-chlopca","product_tag-cytaty-o-wychowaniu-dzieci","product_tag-krotkie-bajki-do-czytania-na-dobranoc","product_tag-milena"],"_links":{"self":[{"href":"http:\/\/klubmamgdynia.pl\/index.php\/wp-json\/wp\/v2\/product\/9557","targetHints":{"allow":["GET"]}}],"collection":[{"href":"http:\/\/klubmamgdynia.pl\/index.php\/wp-json\/wp\/v2\/product"}],"about":[{"href":"http:\/\/klubmamgdynia.pl\/index.php\/wp-json\/wp\/v2\/types\/product"}],"replies":[{"embeddable":true,"href":"http:\/\/klubmamgdynia.pl\/index.php\/wp-json\/wp\/v2\/comments?post=9557"}],"wp:featuredmedia":[{"embeddable":true,"href":"http:\/\/klubmamgdynia.pl\/index.php\/wp-json\/wp\/v2\/media\/9558"}],"wp:attachment":[{"href":"http:\/\/klubmamgdynia.pl\/index.php\/wp-json\/wp\/v2\/media?parent=9557"}],"wp:term":[{"taxonomy":"product_cat","embeddable":true,"href":"http:\/\/klubmamgdynia.pl\/index.php\/wp-json\/wp\/v2\/product_cat?post=9557"},{"taxonomy":"product_tag","embeddable":true,"href":"http:\/\/klubmamgdynia.pl\/index.php\/wp-json\/wp\/v2\/product_tag?post=9557"}],"curies":[{"name":"wp","href":"https:\/\/api.w.org\/{rel}","templated":true}]}}