{"id":9559,"date":"2018-10-15T04:16:04","date_gmt":"2018-10-15T02:16:04","guid":{"rendered":"http:\/\/klubmamgdynia.pl\/index.php\/produkt\/depesche-ylvi-minimoomis-11495-pamietnik-kod-konik\/"},"modified":"2026-04-04T02:45:33","modified_gmt":"2026-04-04T00:45:33","slug":"depesche-ylvi-minimoomis-11495-pamietnik-kod-konik","status":"publish","type":"product","link":"http:\/\/klubmamgdynia.pl\/index.php\/produkt\/depesche-ylvi-minimoomis-11495-pamietnik-kod-konik\/","title":{"rendered":"Depesche Ylvi Minimoomis 11495 Pami\u0119tnik Kod Konik"},"content":{"rendered":"<p>DepescheYlvi &amp; MinimoomisPami\u0119tnik na kodModel: 11495Wiek: 3+Pami\u0119tnik dla dziewczynekProjekt: Ylvi i MinimoomisBezpieczne zamkni\u0119cie z tajnym kodem i magicznym d\u017awi\u0119kiemZ 192 zadrukowanymi stronami w linieWymiary: ok. 18x15x4 cmBaterie mo\u017cna wymienia\u0107 (3 x LR44\/AG13)Produkt nowy.<\/p>\n<h2>Depesche Ylvi Minimoomis 11495 Pami\u0119tnik Kod Konik Depesche<\/h2>\n<p>romantyczna bajka na dobranoc, matylda imie, bajki terapeutyczne o emocjach, zagadki na inteligencj\u0119, kolorowanki konie, kolorowanka dla dzieci, quiz flagi \u015bwiata, tekst ko\u0142ysanki, kr\u00f3tkie zagadki dla dzieci, kolorowanka lato, cytaty dla mamy od c\u00f3rki<\/p>\n<p>yyyyy<\/p>\n<p>&nbsp;<\/p>\n","protected":false},"excerpt":{"rendered":"<p>DepescheYlvi &amp; MinimoomisPami\u0119tnik na kodModel: 11495Wiek: 3+Pami\u0119tnik dla dziewczynekProjekt: Ylvi i MinimoomisBezpieczne zamkni\u0119cie z tajnym kodem i magicznym d\u017awi\u0119kiemZ 192 zadrukowanymi stronami w linieWymiary: ok. 18x15x4 cmBaterie mo\u017cna wymienia\u0107 (3 x LR44\/AG13)Produkt nowy. Depesche Ylvi Minimoomis 11495 Pami\u0119tnik Kod Konik Depesche romantyczna bajka na dobranoc, matylda imie, bajki terapeutyczne o emocjach, zagadki na inteligencj\u0119, kolorowanki [&hellip;]<\/p>\n","protected":false},"featured_media":9560,"comment_status":"closed","ping_status":"open","template":"","meta":[],"product_cat":[1826,325],"product_tag":[740,851,693,872],"class_list":["post-9559","product","type-product","status-publish","has-post-thumbnail","hentry","product_cat-depesche","product_cat-szkolne-artykuly-papiernicze","product_tag-fajne-prezenty-dla-nastolatkow","product_tag-jak-narysowac-kota","product_tag-zagadki-dla-doroslych","product_tag-zagadki-dla-dzieci-6-lat"],"_links":{"self":[{"href":"http:\/\/klubmamgdynia.pl\/index.php\/wp-json\/wp\/v2\/product\/9559","targetHints":{"allow":["GET"]}}],"collection":[{"href":"http:\/\/klubmamgdynia.pl\/index.php\/wp-json\/wp\/v2\/product"}],"about":[{"href":"http:\/\/klubmamgdynia.pl\/index.php\/wp-json\/wp\/v2\/types\/product"}],"replies":[{"embeddable":true,"href":"http:\/\/klubmamgdynia.pl\/index.php\/wp-json\/wp\/v2\/comments?post=9559"}],"wp:featuredmedia":[{"embeddable":true,"href":"http:\/\/klubmamgdynia.pl\/index.php\/wp-json\/wp\/v2\/media\/9560"}],"wp:attachment":[{"href":"http:\/\/klubmamgdynia.pl\/index.php\/wp-json\/wp\/v2\/media?parent=9559"}],"wp:term":[{"taxonomy":"product_cat","embeddable":true,"href":"http:\/\/klubmamgdynia.pl\/index.php\/wp-json\/wp\/v2\/product_cat?post=9559"},{"taxonomy":"product_tag","embeddable":true,"href":"http:\/\/klubmamgdynia.pl\/index.php\/wp-json\/wp\/v2\/product_tag?post=9559"}],"curies":[{"name":"wp","href":"https:\/\/api.w.org\/{rel}","templated":true}]}}