{"id":9563,"date":"2023-10-17T15:59:59","date_gmt":"2023-10-17T13:59:59","guid":{"rendered":"http:\/\/klubmamgdynia.pl\/?post_type=product&#038;p=9563"},"modified":"2026-04-29T04:21:06","modified_gmt":"2026-04-29T02:21:06","slug":"lebenswert-mleko-w-proszku-nastepne-3-475g","status":"publish","type":"product","link":"http:\/\/klubmamgdynia.pl\/index.php\/produkt\/lebenswert-mleko-w-proszku-nastepne-3-475g\/","title":{"rendered":"Lebenswert Mleko W Proszku Nast\u0119pne 3 475G"},"content":{"rendered":"<p>Nies\u0142odzone (zawiera naturalnie wyst\u0119puj\u0105ce cukry). Mo\u017ce by\u0107 tak cz\u0119sto podawane dziecku i w takiej ilo\u015bci, jakie dziecko b\u0119dzie potrzebowa\u0107.<\/p>\n<h2>Lebenswert Mleko W Proszku Nast\u0119pne 3 475G Lebenswert<\/h2>\n<p>kolorowanka europa, matylda imie, wzruszaj\u0105c\u0105 piosenka dla taty, dobranoc pch\u0142y na noc, milosz imie, wzruszaj\u0105ce s\u0142owa dla przyjaci\u00f3\u0142ki, co kupi\u0107 na roczek dla ch\u0142opca, zagadki o zwierz\u0119tach wiejskich, rysowanie po \u015bladzie pdf, zagadki dla 7 latk\u00f3w, test na znaki drogowe, kolorowanki lol, gry dla m\u0142odzie\u017cy, halszka, wystawy dla dzieci warszawa, atrakcje dla dzieci warszawa, szybkie zagadki matematyczne, kr\u00f3tkie \u017cyczenia wielkanocne dla dzieci, asiunia pytania do lektury, bajka terapeutyczna o emocjach<\/p>\n<p>yyyyy<\/p>\n<p>&nbsp;<\/p>\n","protected":false},"excerpt":{"rendered":"<p>Nies\u0142odzone (zawiera naturalnie wyst\u0119puj\u0105ce cukry). Mo\u017ce by\u0107 tak cz\u0119sto podawane dziecku i w takiej ilo\u015bci, jakie dziecko b\u0119dzie potrzebowa\u0107. Lebenswert Mleko W Proszku Nast\u0119pne 3 475G Lebenswert kolorowanka europa, matylda imie, wzruszaj\u0105c\u0105 piosenka dla taty, dobranoc pch\u0142y na noc, milosz imie, wzruszaj\u0105ce s\u0142owa dla przyjaci\u00f3\u0142ki, co kupi\u0107 na roczek dla ch\u0142opca, zagadki o zwierz\u0119tach wiejskich, [&hellip;]<\/p>\n","protected":false},"featured_media":9564,"comment_status":"closed","ping_status":"open","template":"","meta":[],"product_cat":[1829,19],"product_tag":[655,695,647,601,701],"class_list":["post-9563","product","type-product","status-publish","has-post-thumbnail","hentry","product_cat-lebenswert","product_cat-mleka-nastepne","product_tag-najlepsze-zagadki","product_tag-rzadkie-imiona-zenskie","product_tag-warszawa-z-dzieckiem","product_tag-zagadki-co-to-jest","product_tag-zgadywanki-dla-dzieci"],"_links":{"self":[{"href":"http:\/\/klubmamgdynia.pl\/index.php\/wp-json\/wp\/v2\/product\/9563","targetHints":{"allow":["GET"]}}],"collection":[{"href":"http:\/\/klubmamgdynia.pl\/index.php\/wp-json\/wp\/v2\/product"}],"about":[{"href":"http:\/\/klubmamgdynia.pl\/index.php\/wp-json\/wp\/v2\/types\/product"}],"replies":[{"embeddable":true,"href":"http:\/\/klubmamgdynia.pl\/index.php\/wp-json\/wp\/v2\/comments?post=9563"}],"wp:featuredmedia":[{"embeddable":true,"href":"http:\/\/klubmamgdynia.pl\/index.php\/wp-json\/wp\/v2\/media\/9564"}],"wp:attachment":[{"href":"http:\/\/klubmamgdynia.pl\/index.php\/wp-json\/wp\/v2\/media?parent=9563"}],"wp:term":[{"taxonomy":"product_cat","embeddable":true,"href":"http:\/\/klubmamgdynia.pl\/index.php\/wp-json\/wp\/v2\/product_cat?post=9563"},{"taxonomy":"product_tag","embeddable":true,"href":"http:\/\/klubmamgdynia.pl\/index.php\/wp-json\/wp\/v2\/product_tag?post=9563"}],"curies":[{"name":"wp","href":"https:\/\/api.w.org\/{rel}","templated":true}]}}