{"id":9565,"date":"2013-08-19T18:27:41","date_gmt":"2013-08-19T16:27:41","guid":{"rendered":"http:\/\/klubmamgdynia.pl\/index.php\/produkt\/vulli-sophie-la-girafe-worek-materialowy\/"},"modified":"2026-04-03T22:52:40","modified_gmt":"2026-04-03T20:52:40","slug":"vulli-sophie-la-girafe-worek-materialowy","status":"publish","type":"product","link":"http:\/\/klubmamgdynia.pl\/index.php\/produkt\/vulli-sophie-la-girafe-worek-materialowy\/","title":{"rendered":"Vulli Sophie La Girafe + Worek Materia\u0142owy"},"content":{"rendered":"<p>\u017byrafa Sophie to s\u0142ynny gryzak i pierwsza zabawka dla wielu niemowlak\u00f3w ju\u017c od ponad 50 lat.Sophie la Girafe to gryzak, kt\u00f3ry pomo\u017ce dziecku ukoi\u0107 b\u00f3l podczas z\u0105bkowania. \u017byrafa Sophie wykonana z naturalnego tworzywa i farby jest bezpieczna dla dziecka. \u017byrafa dla dzieci jest \u0142atwa do schwytania dla ma\u0142ych r\u0105czek dziecka, lekka i elastyczna nie grozi bolesnym uderzeniem w buzi\u0119. Jej kszta\u0142t i jej rozmiar (18 cm) s\u0105 \u0142atwe do schwytania ju\u017c w pierwszych miesi\u0105cach \u017cycia. Gryzak ..<\/p>\n<h2>Vulli Sophie La Girafe + Worek Materia\u0142owy Vulli<\/h2>\n<p>cytaty o mamie, origami dla dzieci, rysowanki, atrakcje dla dzieci w warszawie dzi\u015b, aurora imi\u0119, gry i zabawy dla dzieci, regina, prezenty dla nastolatki<\/p>\n<p>yyyyy<\/p>\n<p>&nbsp;<\/p>\n","protected":false},"excerpt":{"rendered":"<p>\u017byrafa Sophie to s\u0142ynny gryzak i pierwsza zabawka dla wielu niemowlak\u00f3w ju\u017c od ponad 50 lat.Sophie la Girafe to gryzak, kt\u00f3ry pomo\u017ce dziecku ukoi\u0107 b\u00f3l podczas z\u0105bkowania. \u017byrafa Sophie wykonana z naturalnego tworzywa i farby jest bezpieczna dla dziecka. \u017byrafa dla dzieci jest \u0142atwa do schwytania dla ma\u0142ych r\u0105czek dziecka, lekka i elastyczna nie grozi [&hellip;]<\/p>\n","protected":false},"featured_media":9566,"comment_status":"closed","ping_status":"open","template":"","meta":[],"product_cat":[63,1489],"product_tag":[844,642,605,652,588,595,600],"class_list":["post-9565","product","type-product","status-publish","has-post-thumbnail","hentry","product_cat-grzechotki-i-gryzaki","product_cat-vulli","product_tag-co-kupic-na-roczek","product_tag-mia-imie","product_tag-milena","product_tag-otto","product_tag-wzruszajace-slowa-dla-przyjaciela","product_tag-zagadki-dla-6-latka","product_tag-zaproszenia-na-urodziny-do-druku"],"_links":{"self":[{"href":"http:\/\/klubmamgdynia.pl\/index.php\/wp-json\/wp\/v2\/product\/9565","targetHints":{"allow":["GET"]}}],"collection":[{"href":"http:\/\/klubmamgdynia.pl\/index.php\/wp-json\/wp\/v2\/product"}],"about":[{"href":"http:\/\/klubmamgdynia.pl\/index.php\/wp-json\/wp\/v2\/types\/product"}],"replies":[{"embeddable":true,"href":"http:\/\/klubmamgdynia.pl\/index.php\/wp-json\/wp\/v2\/comments?post=9565"}],"wp:featuredmedia":[{"embeddable":true,"href":"http:\/\/klubmamgdynia.pl\/index.php\/wp-json\/wp\/v2\/media\/9566"}],"wp:attachment":[{"href":"http:\/\/klubmamgdynia.pl\/index.php\/wp-json\/wp\/v2\/media?parent=9565"}],"wp:term":[{"taxonomy":"product_cat","embeddable":true,"href":"http:\/\/klubmamgdynia.pl\/index.php\/wp-json\/wp\/v2\/product_cat?post=9565"},{"taxonomy":"product_tag","embeddable":true,"href":"http:\/\/klubmamgdynia.pl\/index.php\/wp-json\/wp\/v2\/product_tag?post=9565"}],"curies":[{"name":"wp","href":"https:\/\/api.w.org\/{rel}","templated":true}]}}