{"id":9567,"date":"2024-12-25T20:25:45","date_gmt":"2024-12-25T19:25:45","guid":{"rendered":"http:\/\/klubmamgdynia.pl\/?post_type=product&#038;p=9567"},"modified":"2026-04-28T21:00:43","modified_gmt":"2026-04-28T19:00:43","slug":"luxma-duza-kasa-fiskalna-skaner-dzwiek-swiatlo-35580a-zabawka","status":"publish","type":"product","link":"http:\/\/klubmamgdynia.pl\/index.php\/produkt\/luxma-duza-kasa-fiskalna-skaner-dzwiek-swiatlo-35580a-zabawka\/","title":{"rendered":"Luxma DU\u017bA KASA FISKALNA SKANER D\u0179WI\u0118K \u015aWIAT\u0141O 35580A &#8211; Zabawka"},"content":{"rendered":"<p>Du\u017ca kasa fiskalna skaner d\u017awi\u0119k \u015bwiat\u0142o akcesoriaZabawa w sklep to ciekawe zaj\u0119cie, zaopatrz swoje dziecko w interesuj\u0105c\u0105 zabawk\u0119, jak\u0105 jest kasa fiskalna.Inteligentna edukacyjna kasa fiskalna to \u015bwietna zabawka, kt\u00f3ra nie tylko bawi, ale r\u00f3wnie\u017c uczy.Kasa posiada osobno w\u0142\u0105cznik ON i OFF.Wymiary kasy: 22 x 21 x 15 cmWiek: 3+Zabawka posiada certyfikat EN71, CE.Zestaw posiada terminal p\u0142atniczy na kart\u0119 kredytow\u0105. Przejed\u017a kart\u0105 kredytow\u0105 pod klawiatur\u0105, a us\u0142yszysz d\u017awi\u0119k p\u0142atno\u015bci.Z prawej strony znajduje si\u0119 skaner produkt\u00f3w, kt\u00f3ry po naci\u015bni\u0119ciu wydaje d\u017awi\u0119k i \u015bwieci. Z boku znajduje si\u0119 uchwyt do przymocowania skanera.Przyciskaj\u0105c guziczki na kasie, kasa wydaje d\u017awi\u0119ki.Kasa posiada kalkulator z wy\u015bwietlaczem LCD. Na kalkulatorze mo\u017cna wykonywa\u0107 dzia\u0142ania matematyczne.Kasa posiada z lewej strony dotykowy panel. Po naci\u015bni\u0119ciu guzik\u00f3w wy\u015bwietlaj\u0105 si\u0119 ceny produkt\u00f3w na wy\u015bwietlaczu LCD.Kasa posiada otwieran\u0105 szufladk\u0119 na monety i banknoty, kt\u00f3re znajduj\u0105 si\u0119 w zestawie.Przyciskaj\u0105c guziczki na kasie kasa wydaje d\u017awi\u0119ki.A\u017c 17 akcesori\u00f3w w zestawie!Skaner, czytnik kart, dotykowy panelW zestawie znajduje si\u0119 koszyczek na zakupy i akcesoria, kt\u00f3re dodatkowo umil\u0105 zabaw\u0119 :).Je\u017celi kasa nie jest jaki\u015b czas u\u017cywana, sama si\u0119 wy\u0142\u0105cza. Dzi\u0119ki temu baterie nie b\u0119d\u0105 si\u0119 roz\u0142adowywa\u0107 niepotrzebnie.W sk\u0142ad zestawu wchodzi:kasa fiskalna z dotykowym panelemczytnik kartskaner produkt\u00f3wkarta kredytowabanknoty w r\u00f3\u017cnych nomina\u0142ach6 monetkartonik atrapka hot dogakoszyk na zakupy do r\u0119kifrytkinap\u00f3jp\u0105czekWymiary opakowania: 32 x 24,5 x 16 cmWymiary kasy: 22 x 21 x 15 cmWymiary koszyczka: 12 x 6,5 x 13 cmBaterie: 2 x AA (brak w zestawie)Wiek: 3+Zabawka posiada certyfikat EN71, CE.Kasa zapakowana jest w \u0142adne kolorowe pude\u0142ko z okienkiem, idealnie nadaje si\u0119 na prezent.<\/p>\n<h2>Luxma DU\u017bA KASA FISKALNA SKANER D\u0179WI\u0118K \u015aWIAT\u0141O 35580A &#8211; Zabawka Luxma<\/h2>\n<p>wroc\u0142aw dla dzieci, rysunki do druku, jagna, pomysly na prima aprilis, pokemon kolorowanki, \u0142amig\u0142\u00f3wki logiczne dla dzieci, pierwsze urodziny prezent na roczek dla dziewczynki, koty kolorowanka, \u015bwinka peppa do druku, wzruszaj\u0105ce s\u0142owa dla przyjaci\u00f3\u0142ki, quiz dynastia mizio\u0142k\u00f3w<\/p>\n<p>yyyyy<\/p>\n<p>&nbsp;<\/p>\n","protected":false},"excerpt":{"rendered":"<p>Du\u017ca kasa fiskalna skaner d\u017awi\u0119k \u015bwiat\u0142o akcesoriaZabawa w sklep to ciekawe zaj\u0119cie, zaopatrz swoje dziecko w interesuj\u0105c\u0105 zabawk\u0119, jak\u0105 jest kasa fiskalna.Inteligentna edukacyjna kasa fiskalna to \u015bwietna zabawka, kt\u00f3ra nie tylko bawi, ale r\u00f3wnie\u017c uczy.Kasa posiada osobno w\u0142\u0105cznik ON i OFF.Wymiary kasy: 22 x 21 x 15 cmWiek: 3+Zabawka posiada certyfikat EN71, CE.Zestaw posiada terminal [&hellip;]<\/p>\n","protected":false},"featured_media":9568,"comment_status":"closed","ping_status":"open","template":"","meta":[],"product_cat":[53,327],"product_tag":[758,596,735],"class_list":["post-9567","product","type-product","status-publish","has-post-thumbnail","hentry","product_cat-kaciki-zabaw","product_cat-luxma","product_tag-julian","product_tag-pomysly-na-prima-aprilis","product_tag-prezent-na-roczek-dziewczynka"],"_links":{"self":[{"href":"http:\/\/klubmamgdynia.pl\/index.php\/wp-json\/wp\/v2\/product\/9567","targetHints":{"allow":["GET"]}}],"collection":[{"href":"http:\/\/klubmamgdynia.pl\/index.php\/wp-json\/wp\/v2\/product"}],"about":[{"href":"http:\/\/klubmamgdynia.pl\/index.php\/wp-json\/wp\/v2\/types\/product"}],"replies":[{"embeddable":true,"href":"http:\/\/klubmamgdynia.pl\/index.php\/wp-json\/wp\/v2\/comments?post=9567"}],"wp:featuredmedia":[{"embeddable":true,"href":"http:\/\/klubmamgdynia.pl\/index.php\/wp-json\/wp\/v2\/media\/9568"}],"wp:attachment":[{"href":"http:\/\/klubmamgdynia.pl\/index.php\/wp-json\/wp\/v2\/media?parent=9567"}],"wp:term":[{"taxonomy":"product_cat","embeddable":true,"href":"http:\/\/klubmamgdynia.pl\/index.php\/wp-json\/wp\/v2\/product_cat?post=9567"},{"taxonomy":"product_tag","embeddable":true,"href":"http:\/\/klubmamgdynia.pl\/index.php\/wp-json\/wp\/v2\/product_tag?post=9567"}],"curies":[{"name":"wp","href":"https:\/\/api.w.org\/{rel}","templated":true}]}}