{"id":9571,"date":"2017-12-08T16:31:53","date_gmt":"2017-12-08T15:31:53","guid":{"rendered":"http:\/\/klubmamgdynia.pl\/index.php\/produkt\/roter-kafer-skarpetki-rekawiczki\/"},"modified":"2026-05-17T23:00:05","modified_gmt":"2026-05-17T21:00:05","slug":"roter-kafer-skarpetki-rekawiczki","status":"publish","type":"product","link":"http:\/\/klubmamgdynia.pl\/index.php\/produkt\/roter-kafer-skarpetki-rekawiczki\/","title":{"rendered":"Roter Kafer Skarpetki R\u0119kawiczki"},"content":{"rendered":"<p>GRA Z FISZKAMISKARPETKI &#8211; R\u0118KAWICZKI NA WY\u015aCIGISkarpetki i r\u0119kawiczki k\u0142adzie si\u0119 na \u015brodek pola gry.Obok nich \u2013 fiszk\u0119 z kombinacj\u0105 kolor\u00f3w.Wszyscy gracze szukaj\u0105 pary z t\u0105 sam\u0105 kombinacj\u0105 kolor\u00f3w, co na fiszce.Ten, kto jako pierwszy j\u0105 zobaczy, zabiera sobie par\u0119.Osoba, kt\u00f3ra zbierze najwi\u0119cej par &#8211; wygrywa.Zabawki ROTER K\u00c4FER:- bawi\u0105,- ucz\u0105,- rozwijaj\u0105 zdolno\u015bci tw\u00f3rcze,- pobudzaj\u0105 kreatywno\u015b\u0107,- poprawiaj\u0105 koncentracj\u0119,- wspomagaj\u0105 rozw\u00f3j wyobra\u017ani,- rozwijaj\u0105 koordynacj\u0119 wzrokowo-ruchow\u0105.Zabawka posiada certyfikat CE.ZAWARTO\u015a\u0106 ZESTAWU:- 54 fiszki,- Instrukcja &#8211; zasady gry.WIEK:5+WYMIARY OPAKOWANIA:Tuba:- \u015arednica ok.: 8 cm- Wysoko\u015b\u0107 ok.: 15 cmWAGA OPAKOWANIA:Ok.: 600 gUWAGI:Nieodpowiednie dla dzieci poni\u017cej 3 lat.<\/p>\n<h2>Roter Kafer Skarpetki R\u0119kawiczki Roter Kafer<\/h2>\n<p>lol surprise kolorowanka, kolorowanki wed\u0142ug kodu do druku, tezeusz, zaczarowana zagroda &#8211; test, koty rysunki, quiz zemsta, tymoteusz znaczenie imienia, jak rozmawia\u0107 z dzie\u0107mi o wojnie, piosenki dla dzieci o jesieni<\/p>\n<p>yyyyy<\/p>\n<p>&nbsp;<\/p>\n","protected":false},"excerpt":{"rendered":"<p>GRA Z FISZKAMISKARPETKI &#8211; R\u0118KAWICZKI NA WY\u015aCIGISkarpetki i r\u0119kawiczki k\u0142adzie si\u0119 na \u015brodek pola gry.Obok nich \u2013 fiszk\u0119 z kombinacj\u0105 kolor\u00f3w.Wszyscy gracze szukaj\u0105 pary z t\u0105 sam\u0105 kombinacj\u0105 kolor\u00f3w, co na fiszce.Ten, kto jako pierwszy j\u0105 zobaczy, zabiera sobie par\u0119.Osoba, kt\u00f3ra zbierze najwi\u0119cej par &#8211; wygrywa.Zabawki ROTER K\u00c4FER:- bawi\u0105,- ucz\u0105,- rozwijaj\u0105 zdolno\u015bci tw\u00f3rcze,- pobudzaj\u0105 kreatywno\u015b\u0107,- [&hellip;]<\/p>\n","protected":false},"featured_media":9572,"comment_status":"closed","ping_status":"open","template":"","meta":[],"product_cat":[130,1831],"product_tag":[777,674,862,621,840,773],"class_list":["post-9571","product","type-product","status-publish","has-post-thumbnail","hentry","product_cat-gry-dzieciece","product_cat-roter-kafer","product_tag-co-na-roczek","product_tag-miasto-dzieci","product_tag-nasza-zima-zla-tekst","product_tag-prezenty-roczek","product_tag-stare-bajki","product_tag-test-z-lektury-opowiesci-z-narnii-lew-czarownica-i-stara-szafa"],"_links":{"self":[{"href":"http:\/\/klubmamgdynia.pl\/index.php\/wp-json\/wp\/v2\/product\/9571","targetHints":{"allow":["GET"]}}],"collection":[{"href":"http:\/\/klubmamgdynia.pl\/index.php\/wp-json\/wp\/v2\/product"}],"about":[{"href":"http:\/\/klubmamgdynia.pl\/index.php\/wp-json\/wp\/v2\/types\/product"}],"replies":[{"embeddable":true,"href":"http:\/\/klubmamgdynia.pl\/index.php\/wp-json\/wp\/v2\/comments?post=9571"}],"wp:featuredmedia":[{"embeddable":true,"href":"http:\/\/klubmamgdynia.pl\/index.php\/wp-json\/wp\/v2\/media\/9572"}],"wp:attachment":[{"href":"http:\/\/klubmamgdynia.pl\/index.php\/wp-json\/wp\/v2\/media?parent=9571"}],"wp:term":[{"taxonomy":"product_cat","embeddable":true,"href":"http:\/\/klubmamgdynia.pl\/index.php\/wp-json\/wp\/v2\/product_cat?post=9571"},{"taxonomy":"product_tag","embeddable":true,"href":"http:\/\/klubmamgdynia.pl\/index.php\/wp-json\/wp\/v2\/product_tag?post=9571"}],"curies":[{"name":"wp","href":"https:\/\/api.w.org\/{rel}","templated":true}]}}