{"id":9573,"date":"2018-11-06T22:29:26","date_gmt":"2018-11-06T21:29:26","guid":{"rendered":"http:\/\/klubmamgdynia.pl\/index.php\/produkt\/lovi-smoczek-silikonowy-dynamiczny-0-3m-2-szt-nightday-girl-22-809girl\/"},"modified":"2026-04-29T17:00:52","modified_gmt":"2026-04-29T15:00:52","slug":"lovi-smoczek-silikonowy-dynamiczny-0-3m-2-szt-nightday-girl-22-809girl","status":"publish","type":"product","link":"http:\/\/klubmamgdynia.pl\/index.php\/produkt\/lovi-smoczek-silikonowy-dynamiczny-0-3m-2-szt-nightday-girl-22-809girl\/","title":{"rendered":"LOVI SMOCZEK SILIKONOWY DYNAMICZNY 0-3M 2 SZT NIGHT&amp;DAY GIRL (22\/809GIRL)"},"content":{"rendered":"<p>LOVI\u00a0Dynamiczny smoczek uspokajaj\u0105cy                            <\/p>\n<p>KolekcjaNIGHT&amp;DAY                            <\/p>\n<p>Bezpieczne wsparcie dla odruchu ssania*, rozwoju mowy i zgryzuDynamiczne smoczki uspokajaj\u0105ce LOVI zosta\u0142y opracowane w wyniku bada\u0144 z udzia\u0142em lekarzy i neurologoped\u00f3w. Maj\u0105 symetryczny kszta\u0142t inspirowany kszta\u0142tem brodawki sutkowej. Szczeg\u00f3lne rozwi\u0105zanie polegaj\u0105ce na zastosowaniu niejednorodnej warstwy silikonu umo\u017cliwia ssanie w indywidualnym rytmie.\u00a0*) Badanie respondencyjne pod nadzorem medycznym w trybie ambulatoryjnym przeprowadzone na grupie 150 niemowl\u0105t w wieku 0-18 miesi\u0119cy na terenie polskich poradni.                            <\/p>\n<p>Zastosowane rozwi\u0105zania powoduj\u0105, \u017ce smoczek uspokajaj\u0105cy LOVI:nie zaburza odruchu ssania*zapobiega odruchowi zagryzania smoczkazapewnia swobodne oddychanie i po\u0142ykanie \u015blinynie zaburza prawid\u0142owego rozwoju mowy i zgryzu***)Badanie respondencyjne pod nadzorem medycznym w trybie ambulatoryjnym przeprowadzone na grupie 150 niemowl\u0105t w wieku 0-18 miesi\u0119cy na terenie polskich poradni.**) Pod warunkiem przestrzegania zalece\u0144 ortodontycznych i neurologopedycznych.                            <\/p>\n<p>Szczeg\u00f3\u0142y produktu:                            <\/p>\n<p>Dynamiczna gumkaZbudowana jest z niejednorodnej warstwy silikonu, dzi\u0119ki czemu rozci\u0105ga si\u0119 i kurczy zgodnie z rytmem ssania dziecka. Symeryczny kszta\u0142t gumki jest inspirowany kszta\u0142tem brodawki sutkowej.                            <\/p>\n<p>Profilowana tarczkaProfilowany kszta\u0142t umo\u017cliwia dziecku swobodne oddychanie przez nos. Bezpieczny surowiec, z kt\u00f3rego jest wykonana, nie zawiera bisfenolu A.                            <\/p>\n<p>Otwory w tarczceUmo\u017cliwiaj\u0105 swobodny przep\u0142yw powietrza i zapobiegaj\u0105 podra\u017cnieniu delikatnej sk\u00f3ry dziecka.                            <\/p>\n<p>K\u00f3\u0142eczko do chwytaniaU\u0142atwia chwytanie i podawanie dziecku smoczka. We wszystkich smoczkach z kolekcji &#8222;Day&amp;Night&#8221; \u015bwieci w ciemno\u015bci, u\u0142atwiaj\u0105c znalezienie smoczka.                            <\/p>\n<p>Higieniczna os\u0142onkaChroni smoczek przed zabrudzeniem.<\/p>\n<h2>LOVI SMOCZEK SILIKONOWY DYNAMICZNY 0-3M 2 SZT NIGHT&amp;DAY GIRL (22\/809GIRL) LOVI<\/h2>\n<p>imiona postaci z bajek, szablon krokus kolorowanka, \u015bmigus dyngus lany poniedzia\u0142ek zyczenia, aron, kolorowanki do wydrukowania, wiosna zagadki, kolorowanki dla ch\u0142opc\u00f3w do druku, sentencja dla dziecka, kolorowanki do druku kotki, julian, oryginalny prezent dla nastolatk\u00f3w, kolorowanka prezent, prezent dla dziecka 1 rok, gdy strumyk p\u0142ynie z wolna, kr\u00f3tkie bajki dla dzieci, \u015bwinka peppa do czytania, \u017carty na prima aprilis dla rodzic\u00f3w, prezent dla 7 letniej dziewczynki, karty pracy polsko ukrai\u0144skie, quizy o flagach<\/p>\n<p>yyyyy<\/p>\n<p>&nbsp;<\/p>\n","protected":false},"excerpt":{"rendered":"<p>LOVI\u00a0Dynamiczny smoczek uspokajaj\u0105cy KolekcjaNIGHT&amp;DAY Bezpieczne wsparcie dla odruchu ssania*, rozwoju mowy i zgryzuDynamiczne smoczki uspokajaj\u0105ce LOVI zosta\u0142y opracowane w wyniku bada\u0144 z udzia\u0142em lekarzy i neurologoped\u00f3w. Maj\u0105 symetryczny kszta\u0142t inspirowany kszta\u0142tem brodawki sutkowej. Szczeg\u00f3lne rozwi\u0105zanie polegaj\u0105ce na zastosowaniu niejednorodnej warstwy silikonu umo\u017cliwia ssanie w indywidualnym rytmie.\u00a0*) Badanie respondencyjne pod nadzorem medycznym w trybie ambulatoryjnym przeprowadzone [&hellip;]<\/p>\n","protected":false},"featured_media":9574,"comment_status":"closed","ping_status":"open","template":"","meta":[],"product_cat":[1467,255],"product_tag":[624,720,613,826,641,623],"class_list":["post-9573","product","type-product","status-publish","has-post-thumbnail","hentry","product_cat-lovi","product_cat-smoczki-uspokajajace","product_tag-krotkie-zagadki","product_tag-malowanki","product_tag-na-wyspach-bergamutach","product_tag-prezent-dla-15-latka","product_tag-trudne-zagadki-logiczne","product_tag-zagadki-logiczne-smieszne"],"_links":{"self":[{"href":"http:\/\/klubmamgdynia.pl\/index.php\/wp-json\/wp\/v2\/product\/9573","targetHints":{"allow":["GET"]}}],"collection":[{"href":"http:\/\/klubmamgdynia.pl\/index.php\/wp-json\/wp\/v2\/product"}],"about":[{"href":"http:\/\/klubmamgdynia.pl\/index.php\/wp-json\/wp\/v2\/types\/product"}],"replies":[{"embeddable":true,"href":"http:\/\/klubmamgdynia.pl\/index.php\/wp-json\/wp\/v2\/comments?post=9573"}],"wp:featuredmedia":[{"embeddable":true,"href":"http:\/\/klubmamgdynia.pl\/index.php\/wp-json\/wp\/v2\/media\/9574"}],"wp:attachment":[{"href":"http:\/\/klubmamgdynia.pl\/index.php\/wp-json\/wp\/v2\/media?parent=9573"}],"wp:term":[{"taxonomy":"product_cat","embeddable":true,"href":"http:\/\/klubmamgdynia.pl\/index.php\/wp-json\/wp\/v2\/product_cat?post=9573"},{"taxonomy":"product_tag","embeddable":true,"href":"http:\/\/klubmamgdynia.pl\/index.php\/wp-json\/wp\/v2\/product_tag?post=9573"}],"curies":[{"name":"wp","href":"https:\/\/api.w.org\/{rel}","templated":true}]}}