{"id":9577,"date":"2010-11-15T19:12:40","date_gmt":"2010-11-15T18:12:40","guid":{"rendered":"http:\/\/klubmamgdynia.pl\/index.php\/produkt\/levenhuk-zestaw-mikroskop-teleskop-lornetka-labzz-mtb3\/"},"modified":"2026-04-30T17:30:05","modified_gmt":"2026-04-30T15:30:05","slug":"levenhuk-zestaw-mikroskop-teleskop-lornetka-labzz-mtb3","status":"publish","type":"product","link":"http:\/\/klubmamgdynia.pl\/index.php\/produkt\/levenhuk-zestaw-mikroskop-teleskop-lornetka-labzz-mtb3\/","title":{"rendered":"Levenhuk Zestaw Mikroskop + Teleskop Lornetka Labzz Mtb3"},"content":{"rendered":"<p>Zestaw Levenhuk LabZZ MTB3 jest wymarzonym prezentem dla ciekawego \u015bwiata dziecka. Obejmuje on trzy przyrz\u0105dy optyczne mikroskop, teleskop i lornetk\u0119. Wszystkie zaprojektowano specjalnie z my\u015bl\u0105 o potrzebach ma\u0142ych obserwator\u00f3w, a zarazem wyposa\u017cono w parametry dor\u00f3wnuj\u0105ce doros\u0142ym modelom. Zestaw pozwoli dziecku zanurzy\u0107 si\u0119 w niezwyk\u0142e tajemnice otaczaj\u0105cego nas \u015bwiata bada\u0107 mikrokosmos, odkrywa\u0107 wszech\u015bwiat i obserwowa\u0107 \u017cycie fauny. W\u0142a\u015bciwo\u015bci: Doskona\u0142y pomys\u0142 na prezent Zajmuj\u0105cy zestaw naukowy Zestaw trzy w jednym: mikroskop, teleskop i lornetka Ponad 20 akcesori\u00f3w w zestawie Do mikroskopu do\u0142\u0105czone s\u0105 narz\u0119dzia do przeprowadzania eksperyment\u00f3w Teleskop nadaje si\u0119 r\u00f3wnie\u017c do prowadzenia obserwacji obiekt\u00f3w znajduj\u0105cych si\u0119 na ziemi Futera\u0142 na lornetk\u0119 do\u0142\u0105czony do zestawu Mikroskop Levenhuk LabZZ MT3 to klasyczny mikroskop biologiczny z pod\u015bwietleniem dolnym. Obrotowa g\u0142owica modelu przeznaczona jest na trzy obiektywy. Okulary do\u0142\u0105czone do zestawu umo\u017cliwiaj\u0105 powi\u0119kszenie na poziomie 150x, 450x oraz 900x. Mikroskop ten umo\u017cliwia badania przezroczystych pr\u00f3bek, takich jak gotowe preparaty. Pod\u015bwietlenie mikroskopu zasilane jest bateriami, a urz\u0105dzenie \u0142atwo mo\u017cna zabra\u0107 ze sob\u0105 na wycieczk\u0119, do szko\u0142y lub do znajomych. Podczas obserwacji przy \u015bwietle dziennym mo\u017cna korzysta\u0107 z pod\u015bwietlenia za pomoc\u0105 lusterka, aby nie zu\u017cywa\u0107 baterii. Zestaw zawiera wszystkie narz\u0119dzia niezb\u0119dne do przygotowywania preparat\u00f3w mikroskopowych i przeprowadzania ciekawych eksperyment\u00f3w. Teleskop Levenhuk LabZZ MT3 to teleskop refrakcyjny o powi\u0119kszeniu do 120x. Dzi\u0119ki niemu pierwsze kroki w \u015bwiecie astronomii staj\u0105 si\u0119 \u0142atwe i przyjemne. Teleskop pozwala m\u0142odym odkrywcom wszech\u015bwiata zobaczy\u0107 pi\u0119kno planet Uk\u0142adu S\u0142onecznego i ksi\u0119\u017cycowych krajobraz\u00f3w. Zestaw zawiera tak\u017ce lustro diagonalne umo\u017cliwiaj\u0105ce uzyskanie obrazu o prawid\u0142owej orientacji pionowej i przeprowadzanie obserwacji naziemnych. Teleskop osadzany jest na prostym monta\u017cu azymutalnym, doskona\u0142ym dla pocz\u0105tkuj\u0105cych u\u017cytkownik\u00f3w, i posiada stabilny, aluminiowy statyw o regulowanej wysoko\u015bci. Lornetka Levenhuk LabZZ MT3 to kompaktowa lornetka z pryzmatem dachowym, lekkim korpusem z tworzywa sztucznego oraz 4-krotnym powi\u0119kszeniem. Ten niewielki przyrz\u0105d doskonale nadaje si\u0119 do obserwacji intryguj\u0105cych widok\u00f3w podczas d\u0142ugich spacer\u00f3w w plenerze. Lornetka ta sprawi, \u017ce Twoje dziecko poczuje si\u0119 jak prawdziwy odkrywca i poszukiwacz przyg\u00f3d! Model posiada soczewki wykonane ze szk\u0142a optycznego i pokryte przeciwodblaskow\u0105 pow\u0142ok\u0105, kt\u00f3re pozwalaj\u0105 na uzyskanie obrazu o wysokiej jako\u015bci. Lornetka doskonale nadaje si\u0119 do obserwacji w ci\u0105gu dnia. Jej soczewki zbieraj\u0105 du\u017co \u015bwiat\u0142a i daj\u0105 jasny, wyrazisty obraz. W zestawie znajduje si\u0119 futera\u0142, pasek oraz \u015bciereczka do czyszczenia element\u00f3w optycznych. Akcesoria w zestawieMikroskop Okular 10x \u017bar\u00f3wka pomocnicza Fiolka (3) Szkie\u0142ka podstawowe (3) Szkie\u0142ka nakrywkowe (3) Naklejki na preparaty (3) Skalpel Pipeta Szpatu\u0142ka Peseta Ig\u0142a preparacyjna Teleskop Okular 5 mm Okular 10 mm Szukacz optyczny 2x Lustro diagonalne Statyw aluminiowy Lornetka Mi\u0119kki futera\u0142 \u015aciereczka do czyszczenia Cienki pasek<\/p>\n<h2>Levenhuk Zestaw Mikroskop + Teleskop Lornetka Labzz Mtb3 <\/h2>\n<p>testy z lektury opowie\u015bci z narnii lew czarownica i stara szafa, kolorowanki na andrzejki do wydruku, okolice wroc\u0142awia atrakcje, kubu\u015b puchatek cytaty, pan twardowski na ksi\u0119\u017cycu wiersz, mia, test asiunia joanna papuzi\u0144ska<\/p>\n<p>yyyyy<\/p>\n<p>&nbsp;<\/p>\n","protected":false},"excerpt":{"rendered":"<p>Zestaw Levenhuk LabZZ MTB3 jest wymarzonym prezentem dla ciekawego \u015bwiata dziecka. Obejmuje on trzy przyrz\u0105dy optyczne mikroskop, teleskop i lornetk\u0119. Wszystkie zaprojektowano specjalnie z my\u015bl\u0105 o potrzebach ma\u0142ych obserwator\u00f3w, a zarazem wyposa\u017cono w parametry dor\u00f3wnuj\u0105ce doros\u0142ym modelom. Zestaw pozwoli dziecku zanurzy\u0107 si\u0119 w niezwyk\u0142e tajemnice otaczaj\u0105cego nas \u015bwiata bada\u0107 mikrokosmos, odkrywa\u0107 wszech\u015bwiat i obserwowa\u0107 \u017cycie [&hellip;]<\/p>\n","protected":false},"featured_media":9578,"comment_status":"closed","ping_status":"open","template":"","meta":[],"product_cat":[72],"product_tag":[819,681,730,690,840,623,597],"class_list":["post-9577","product","type-product","status-publish","has-post-thumbnail","hentry","product_cat-mali-naukowcy","product_tag-co-kupic-nastolatce-na-swieta","product_tag-flagi-europy-quiz","product_tag-karyna","product_tag-pieski-male-dwa-tekst","product_tag-stare-bajki","product_tag-zagadki-logiczne-smieszne","product_tag-zagadki-o-zimie"],"_links":{"self":[{"href":"http:\/\/klubmamgdynia.pl\/index.php\/wp-json\/wp\/v2\/product\/9577","targetHints":{"allow":["GET"]}}],"collection":[{"href":"http:\/\/klubmamgdynia.pl\/index.php\/wp-json\/wp\/v2\/product"}],"about":[{"href":"http:\/\/klubmamgdynia.pl\/index.php\/wp-json\/wp\/v2\/types\/product"}],"replies":[{"embeddable":true,"href":"http:\/\/klubmamgdynia.pl\/index.php\/wp-json\/wp\/v2\/comments?post=9577"}],"wp:featuredmedia":[{"embeddable":true,"href":"http:\/\/klubmamgdynia.pl\/index.php\/wp-json\/wp\/v2\/media\/9578"}],"wp:attachment":[{"href":"http:\/\/klubmamgdynia.pl\/index.php\/wp-json\/wp\/v2\/media?parent=9577"}],"wp:term":[{"taxonomy":"product_cat","embeddable":true,"href":"http:\/\/klubmamgdynia.pl\/index.php\/wp-json\/wp\/v2\/product_cat?post=9577"},{"taxonomy":"product_tag","embeddable":true,"href":"http:\/\/klubmamgdynia.pl\/index.php\/wp-json\/wp\/v2\/product_tag?post=9577"}],"curies":[{"name":"wp","href":"https:\/\/api.w.org\/{rel}","templated":true}]}}