{"id":9579,"date":"2010-11-16T17:31:43","date_gmt":"2010-11-16T16:31:43","guid":{"rendered":"http:\/\/klubmamgdynia.pl\/index.php\/produkt\/quercetti-ukladanka-daisy-ksztalty-sorter-16-el-niebieski-15011\/"},"modified":"2026-04-28T20:51:51","modified_gmt":"2026-04-28T18:51:51","slug":"quercetti-ukladanka-daisy-ksztalty-sorter-16-el-niebieski-15011","status":"publish","type":"product","link":"http:\/\/klubmamgdynia.pl\/index.php\/produkt\/quercetti-ukladanka-daisy-ksztalty-sorter-16-el-niebieski-15011\/","title":{"rendered":"Quercetti Uk\u0142adanka Daisy Kszta\u0142ty Sorter 16 El Niebieski (15011)"},"content":{"rendered":"<p>QUERCETTI 0242 UK\u0141ADANKA KSZTA\u0141TY SORTER Uk\u0142adanka Sorter dla m\u0142odszych dzieci z baz\u0105 w kszta\u0142cie stokrotki i siedmioma otworami w r\u00f3\u017cnych rozmiarach i kolorach,z kt\u00f3rych ka\u017cdy odpowiada konkretnemu klockowi gdzie dziecko uczy rozpoznawa\u0107 kszta\u0142ty i nast\u0119pnie wk\u0142ada\u0107 do odpowiedniego otworu.Ka\u017cdy otw\u00f3r jest skoordynowany kolorem z klockiem co pomo\u017ce dzieciom znale\u017c\u0107 elementy pasuj\u0105ce i kategoryzowa\u0107 je pod wzgl\u0119dem kszta\u0142tui koloru oraz wzmocni ich koordynacj\u0119 ruchowo-wzrokow\u0105, a tak\u017ce ich wczesne zdolno\u015bci motoryczne i sprawno\u015b\u0107.zawarto\u015b\u0107:-14 r\u00f3\u017cnych klock\u00f3w,-1 pude\u0142ko-baza,-1 elastyczna p\u0142yta s\u0142u\u017c\u0105ca jako sorter jak i r\u00f3wnie\u017c pokrywkawymiary opakowania: 31,5cm x 34cm x 13cmWiek: 1+KOLORYSTYKA ZMIENNA W ZALE\u017bNO\u015aCI OD DOSTAWY!Quercetti to w\u0142oska firma powsta\u0142a ponad 60 lat temu.Wszystkie zabawki oferowane przez tego producenta zosta\u0142y wyprodukowane w Turynie przy u\u017cyciu materia\u0142\u00f3w najwy\u017cszej jako\u015bci.Quercetti koncentruje si\u0119 na tworzeniu zabawek edukacyjnych \u0142\u0105cz\u0105cych warto\u015bci merytoryczne z rozrywkowymi.Wszystkie oferowane produktu cechuj\u0105 si\u0119 najwy\u017cszymi standardami bezpiecze\u0144stwa, polecamy!<\/p>\n<h2>Quercetti Uk\u0142adanka Daisy Kszta\u0142ty Sorter 16 El Niebieski (15011) Quercetti<\/h2>\n<p>prezent dla rocznej dziewczynki, kolorowanka pokemon, opis o rodzinie, quiz o miko\u0142ajku, cytaty o mamie, smieszne zagadki, quiz dla dzieci, kolorowanki pokemon, markowa, wroc\u0142aw atrakcje dla dzieci 2021, kolorowanka \u015bwinka peppa<\/p>\n<p>yyyyy<\/p>\n<p>&nbsp;<\/p>\n","protected":false},"excerpt":{"rendered":"<p>QUERCETTI 0242 UK\u0141ADANKA KSZTA\u0141TY SORTER Uk\u0142adanka Sorter dla m\u0142odszych dzieci z baz\u0105 w kszta\u0142cie stokrotki i siedmioma otworami w r\u00f3\u017cnych rozmiarach i kolorach,z kt\u00f3rych ka\u017cdy odpowiada konkretnemu klockowi gdzie dziecko uczy rozpoznawa\u0107 kszta\u0142ty i nast\u0119pnie wk\u0142ada\u0107 do odpowiedniego otworu.Ka\u017cdy otw\u00f3r jest skoordynowany kolorem z klockiem co pomo\u017ce dzieciom znale\u017c\u0107 elementy pasuj\u0105ce i kategoryzowa\u0107 je pod [&hellip;]<\/p>\n","protected":false},"featured_media":9580,"comment_status":"closed","ping_status":"open","template":"","meta":[],"product_cat":[1155,61],"product_tag":[622,670,651,804,788],"class_list":["post-9579","product","type-product","status-publish","has-post-thumbnail","hentry","product_cat-quercetti","product_cat-zabawki-edukacyjne-dla-niemowlat","product_tag-fajne-zagadki","product_tag-irma","product_tag-quizy-online","product_tag-ryz-z-owocami","product_tag-zagadki-krotkie"],"_links":{"self":[{"href":"http:\/\/klubmamgdynia.pl\/index.php\/wp-json\/wp\/v2\/product\/9579","targetHints":{"allow":["GET"]}}],"collection":[{"href":"http:\/\/klubmamgdynia.pl\/index.php\/wp-json\/wp\/v2\/product"}],"about":[{"href":"http:\/\/klubmamgdynia.pl\/index.php\/wp-json\/wp\/v2\/types\/product"}],"replies":[{"embeddable":true,"href":"http:\/\/klubmamgdynia.pl\/index.php\/wp-json\/wp\/v2\/comments?post=9579"}],"wp:featuredmedia":[{"embeddable":true,"href":"http:\/\/klubmamgdynia.pl\/index.php\/wp-json\/wp\/v2\/media\/9580"}],"wp:attachment":[{"href":"http:\/\/klubmamgdynia.pl\/index.php\/wp-json\/wp\/v2\/media?parent=9579"}],"wp:term":[{"taxonomy":"product_cat","embeddable":true,"href":"http:\/\/klubmamgdynia.pl\/index.php\/wp-json\/wp\/v2\/product_cat?post=9579"},{"taxonomy":"product_tag","embeddable":true,"href":"http:\/\/klubmamgdynia.pl\/index.php\/wp-json\/wp\/v2\/product_tag?post=9579"}],"curies":[{"name":"wp","href":"https:\/\/api.w.org\/{rel}","templated":true}]}}