{"id":9581,"date":"2022-05-13T00:39:01","date_gmt":"2022-05-12T22:39:01","guid":{"rendered":"http:\/\/klubmamgdynia.pl\/index.php\/produkt\/holle-bio-mus-owocowy-tropikalny-tygrys-z-jablek-mango-i-marakui-100g\/"},"modified":"2026-05-17T22:46:30","modified_gmt":"2026-05-17T20:46:30","slug":"holle-bio-mus-owocowy-tropikalny-tygrys-z-jablek-mango-i-marakui-100g","status":"publish","type":"product","link":"http:\/\/klubmamgdynia.pl\/index.php\/produkt\/holle-bio-mus-owocowy-tropikalny-tygrys-z-jablek-mango-i-marakui-100g\/","title":{"rendered":"Holle Bio Mus Owocowy Tropikalny Tygrys Z Jab\u0142ek Mango I Marakui 100G"},"content":{"rendered":"<p>Mus Tropikalny Tygrys Delikatne puree 100% owoc\u00f3w dla dzieci, kt\u00f3re sko\u0144czy\u0142y 8 miesi\u0105c. Przygotowane w oparciu o dojrza\u0142e jab\u0142ka, mango i marakuje zamkni\u0119te w praktycznej saszetce z mo\u017cliwo\u015bci\u0105 ponownego zamkni\u0119cia. Mango jest bogatym \u017ar\u00f3d\u0142em potasu, witaminy C i witamin z grupy B, kt\u00f3re wzmacniaj\u0105 system nerwowy i odporno\u015bciowy naszego malucha. Natomiast jab\u0142ka, kt\u00f3re s\u0105 nie tylko cennym \u017ar\u00f3d\u0142em witaminy C, za spraw\u0105 b\u0142onnika reguluj\u0105 prac\u0119 jelit i chroni\u0105 przed zaparciami. \u017bywno\u015b\u0107 opatrzona etykiet\u0105 Demeter uprawiana jest wed\u0142ug surowych standard\u00f3w rolnictwa biodynamicznego w zgodzie z natur\u0105. Warto wiedzie\u0107: Zawiera potas Zawiera witamin\u0119 C i B Nie zawiera glutenu Bez dodatku cukru, soli Bez zag\u0119stnik\u00f3w, dro\u017cd\u017cy, jaj, laktozy Ze sk\u0142adnik\u00f3w z rolnictwa ekologicznego i biodynamicznego Produkt importowany z Niemiec Dla dzieci od 8 miesi\u0105ca \u017cycia Zawarto\u015b\u0107 100g Sk\u0142ad:jab\u0142ko* 80%, mango* 15%, marakuja** 5% *z upraw biodynamicznych. Przygotowanie: otwarty pojemniczek zu\u017cyj nast\u0119pnego dnia. Nakr\u0119tk\u0119 przechowywa\u0107 poza zasi\u0119giem dzieci.<\/p>\n<h2>Holle Bio Mus Owocowy Tropikalny Tygrys Z Jab\u0142ek Mango I Marakui 100G Holle<\/h2>\n<p>warszawa atrakcje dla dzieci, malowanki dla dzieci, kawa\u0142 na prima aprilis, naj\u0142adniejsze ko\u0142ysanki dla dzieci, szkic jak narysowa\u0107 kota, kolorowanki lego ninjago, akademia pana kleksa &#8211; test z odpowiedziami do druku<\/p>\n<p>yyyyy<\/p>\n<p>&nbsp;<\/p>\n","protected":false},"excerpt":{"rendered":"<p>Mus Tropikalny Tygrys Delikatne puree 100% owoc\u00f3w dla dzieci, kt\u00f3re sko\u0144czy\u0142y 8 miesi\u0105c. Przygotowane w oparciu o dojrza\u0142e jab\u0142ka, mango i marakuje zamkni\u0119te w praktycznej saszetce z mo\u017cliwo\u015bci\u0105 ponownego zamkni\u0119cia. Mango jest bogatym \u017ar\u00f3d\u0142em potasu, witaminy C i witamin z grupy B, kt\u00f3re wzmacniaj\u0105 system nerwowy i odporno\u015bciowy naszego malucha. Natomiast jab\u0142ka, kt\u00f3re s\u0105 nie [&hellip;]<\/p>\n","protected":false},"featured_media":9582,"comment_status":"closed","ping_status":"open","template":"","meta":[],"product_cat":[112,106],"product_tag":[664,638,651,659],"class_list":["post-9581","product","type-product","status-publish","has-post-thumbnail","hentry","product_cat-deserki-dla-dzieci","product_cat-holle","product_tag-atrakcje-dla-dzieci-trojmiasto","product_tag-miastodzieci","product_tag-quizy-online","product_tag-tupu-tup-po-sniegu-tekst"],"_links":{"self":[{"href":"http:\/\/klubmamgdynia.pl\/index.php\/wp-json\/wp\/v2\/product\/9581","targetHints":{"allow":["GET"]}}],"collection":[{"href":"http:\/\/klubmamgdynia.pl\/index.php\/wp-json\/wp\/v2\/product"}],"about":[{"href":"http:\/\/klubmamgdynia.pl\/index.php\/wp-json\/wp\/v2\/types\/product"}],"replies":[{"embeddable":true,"href":"http:\/\/klubmamgdynia.pl\/index.php\/wp-json\/wp\/v2\/comments?post=9581"}],"wp:featuredmedia":[{"embeddable":true,"href":"http:\/\/klubmamgdynia.pl\/index.php\/wp-json\/wp\/v2\/media\/9582"}],"wp:attachment":[{"href":"http:\/\/klubmamgdynia.pl\/index.php\/wp-json\/wp\/v2\/media?parent=9581"}],"wp:term":[{"taxonomy":"product_cat","embeddable":true,"href":"http:\/\/klubmamgdynia.pl\/index.php\/wp-json\/wp\/v2\/product_cat?post=9581"},{"taxonomy":"product_tag","embeddable":true,"href":"http:\/\/klubmamgdynia.pl\/index.php\/wp-json\/wp\/v2\/product_tag?post=9581"}],"curies":[{"name":"wp","href":"https:\/\/api.w.org\/{rel}","templated":true}]}}