{"id":9583,"date":"2012-12-09T06:26:42","date_gmt":"2012-12-09T05:26:42","guid":{"rendered":"http:\/\/klubmamgdynia.pl\/index.php\/produkt\/rex-london-puzzle-1000el-uklad-okresowy-pierwiastkow\/"},"modified":"2026-04-05T19:39:13","modified_gmt":"2026-04-05T17:39:13","slug":"rex-london-puzzle-1000el-uklad-okresowy-pierwiastkow","status":"publish","type":"product","link":"http:\/\/klubmamgdynia.pl\/index.php\/produkt\/rex-london-puzzle-1000el-uklad-okresowy-pierwiastkow\/","title":{"rendered":"Rex London Puzzle 1000El. Uk\u0142ad Okresowy Pierwiastk\u00f3w"},"content":{"rendered":"<p>Uk\u0142adanka w stylu retro, dzi\u0119ki kt\u00f3rej dzieci mog\u0105 pozna\u0107, a doro\u015bli przypomnie\u0107 sobie struktur\u0119 uk\u0142adu okresowego pierwiastk\u00f3w chemicznych. To ciekawa forma nauki chemii.Czego uczy uk\u0142adanie puzzli od Rex London?Wytrwa\u0142o\u015bci w d\u0105\u017ceniu do celuCierpliwo\u015bci i koncentracjiPrecyzji ruch\u00f3w (motoryki ma\u0142ej)Wsp\u00f3\u0142pracy \u00b7 Podstaw chemiiParametry techniczne:Zawarto\u015b\u0107 zestawu: kolorowa plansza z kompletn\u0105 uk\u0142adank\u0105 w pude\u0142ku- ca\u0142o\u015b\u0107 zapakowana w woreczekMateria\u0142 puzzli: kartonMateria\u0142 opakowania: Pude\u0142ko: karton Woreczek: tworzywo sztuczne (LDPE), kt\u00f3re nadaje si\u0119 do recyklinguWymiary produktu: szeroko\u015b\u0107: 51 cm, d\u0142ugo\u015b\u0107: 68,5 cm, wysoko\u015b\u0107: 1 cm, waga: 489 gWymiary opakowania: szeroko\u015b\u0107: 21,5 cm, d\u0142ugo\u015b\u0107: 29 cm, wysoko\u015b\u0107: 5 cm, waga: 780 gOstrze\u017cenia (!)Uwaga!Nieodpowiednia dla dzieci poni\u017cej 3 lat. Ze wzgl\u0119du na ma\u0142e elementy grozi zad\u0142awieniem.<\/p>\n<h2>Rex London Puzzle 1000El. Uk\u0142ad Okresowy Pierwiastk\u00f3w Rex London<\/h2>\n<p>asiunia pytania do lektury, ma\u0142y ksi\u0105\u017c\u0119 cytaty o mi\u0142o\u015bci, test z lektury narnia lew czarownica i stara szafa, gwiazda do wydruku, z\u0142ote my\u015bli kr\u00f3tkie, \u015bwinka peppa bajki do czytania, zagadki dla dzieci 7-8 lat, gry i zabawy dla dzieci, imi\u0119 iwo, bruno, cytaty o rodzinie i dzieciach, lew czarownica i stara szafa test, nela w krainie wombat\u00f3w, asiunia &#8211; test z lektury pdf, malowanka do druku<\/p>\n<p>yyyyy<\/p>\n<p>&nbsp;<\/p>\n","protected":false},"excerpt":{"rendered":"<p>Uk\u0142adanka w stylu retro, dzi\u0119ki kt\u00f3rej dzieci mog\u0105 pozna\u0107, a doro\u015bli przypomnie\u0107 sobie struktur\u0119 uk\u0142adu okresowego pierwiastk\u00f3w chemicznych. To ciekawa forma nauki chemii.Czego uczy uk\u0142adanie puzzli od Rex London?Wytrwa\u0142o\u015bci w d\u0105\u017ceniu do celuCierpliwo\u015bci i koncentracjiPrecyzji ruch\u00f3w (motoryki ma\u0142ej)Wsp\u00f3\u0142pracy \u00b7 Podstaw chemiiParametry techniczne:Zawarto\u015b\u0107 zestawu: kolorowa plansza z kompletn\u0105 uk\u0142adank\u0105 w pude\u0142ku- ca\u0142o\u015b\u0107 zapakowana w woreczekMateria\u0142 puzzli: [&hellip;]<\/p>\n","protected":false},"featured_media":9584,"comment_status":"closed","ping_status":"open","template":"","meta":[],"product_cat":[90,259],"product_tag":[664,863,842,850],"class_list":["post-9583","product","type-product","status-publish","has-post-thumbnail","hentry","product_cat-puzzle","product_cat-rex-london","product_tag-atrakcje-dla-dzieci-trojmiasto","product_tag-bajki-dla-dziewczynek","product_tag-plac-zabaw-poznan","product_tag-wroclaw-atrakcje-dla-dzieci"],"_links":{"self":[{"href":"http:\/\/klubmamgdynia.pl\/index.php\/wp-json\/wp\/v2\/product\/9583","targetHints":{"allow":["GET"]}}],"collection":[{"href":"http:\/\/klubmamgdynia.pl\/index.php\/wp-json\/wp\/v2\/product"}],"about":[{"href":"http:\/\/klubmamgdynia.pl\/index.php\/wp-json\/wp\/v2\/types\/product"}],"replies":[{"embeddable":true,"href":"http:\/\/klubmamgdynia.pl\/index.php\/wp-json\/wp\/v2\/comments?post=9583"}],"wp:featuredmedia":[{"embeddable":true,"href":"http:\/\/klubmamgdynia.pl\/index.php\/wp-json\/wp\/v2\/media\/9584"}],"wp:attachment":[{"href":"http:\/\/klubmamgdynia.pl\/index.php\/wp-json\/wp\/v2\/media?parent=9583"}],"wp:term":[{"taxonomy":"product_cat","embeddable":true,"href":"http:\/\/klubmamgdynia.pl\/index.php\/wp-json\/wp\/v2\/product_cat?post=9583"},{"taxonomy":"product_tag","embeddable":true,"href":"http:\/\/klubmamgdynia.pl\/index.php\/wp-json\/wp\/v2\/product_tag?post=9583"}],"curies":[{"name":"wp","href":"https:\/\/api.w.org\/{rel}","templated":true}]}}