{"id":9585,"date":"2021-09-14T22:56:44","date_gmt":"2021-09-14T20:56:44","guid":{"rendered":"http:\/\/klubmamgdynia.pl\/index.php\/produkt\/roter-kafer-gra-edukacyjna-dla-najmniejszych-matematyka-rk105002\/"},"modified":"2026-05-17T21:59:31","modified_gmt":"2026-05-17T19:59:31","slug":"roter-kafer-gra-edukacyjna-dla-najmniejszych-matematyka-rk105002","status":"publish","type":"product","link":"http:\/\/klubmamgdynia.pl\/index.php\/produkt\/roter-kafer-gra-edukacyjna-dla-najmniejszych-matematyka-rk105002\/","title":{"rendered":"Roter Kafer Gra Edukacyjna Dla Najmniejszych Matematyka (Rk105002)"},"content":{"rendered":"<p>GRA EDUKACYJNA: MATEMATYKA DLA NAJMNIEJSZYCH\u015awiat matematyki jest ciekawy i fascynuj\u0105cy.Gra zawiera fiszki z cyframi i kartki z zadaniami.Liczcie ilo\u015b\u0107 paluszk\u00f3w, przedstawionych na kartkach, odpowiadajcie na pytania i szukajcie fiszek z potrzebnymi cyframi.Na kartkach z pytaniem jest wskaz\u00f3wka: prawid\u0142owa cyfra zapisana literami.Pomo\u017ce to dziecku nie zapl\u0105ta\u0107 si\u0119 i szybciej uczy\u0107 si\u0119 cyfr.Opr\u00f3cz cyfr na ka\u017cdej fiszce jest przedstawione zwierz\u0105tko.Te nie pozwol\u0105 nudzi\u0107 si\u0119 waszemu dziecku i uczyni\u0105 proces nauki bardziej ciekawym i weso\u0142ym.Gra rozwija logiczne my\u015blenie, pami\u0119\u0107, uwag\u0119 i m\u00f3wienie.Zabawki ROTER K\u00c4FER:- bawi\u0105,- ucz\u0105,- rozwijaj\u0105 zdolno\u015bci tw\u00f3rcze,- pobudzaj\u0105 kreatywno\u015b\u0107,- poprawiaj\u0105 koncentracj\u0119,- wspomagaj\u0105 rozw\u00f3j wyobra\u017ani,- rozwijaj\u0105 koordynacj\u0119 wzrokowo-ruchow\u0105.Zabawka posiada certyfikat CE.ZAWARTO\u015a\u0106 ZESTAWU:- 16 kartek,- 10 cyfr.WIEK:3+WYMIARY OPAKOWANIA:Tuba:- \u015arednica ok.: 11 cm- Wysoko\u015b\u0107 ok.: 14 cmWAGA OPAKOWANIA:Ok.: 500 gUWAGI:Nieodpowiednie dla dzieci poni\u017cej 3 lat.<\/p>\n<h2>Roter Kafer Gra Edukacyjna Dla Najmniejszych Matematyka (Rk105002) Roter Kafer<\/h2>\n<p>miriam imi\u0119, kolorowanka lol surprise, prezent na urodziny dla nastolatk\u00f3w, magiczne drzewo czerwone krzes\u0142o test, henryk, bajki dla niemowlakow, nadie\u017cda imi\u0119, kolorowanka spiderman, zagadki dla starszych dzieci, kontynenty dla dzieci do druku, prezent dla ch\u0142opca 7 lat, kolorowanki, cytaty dla nauczycieli<\/p>\n<p>yyyyy<\/p>\n<p>&nbsp;<\/p>\n","protected":false},"excerpt":{"rendered":"<p>GRA EDUKACYJNA: MATEMATYKA DLA NAJMNIEJSZYCH\u015awiat matematyki jest ciekawy i fascynuj\u0105cy.Gra zawiera fiszki z cyframi i kartki z zadaniami.Liczcie ilo\u015b\u0107 paluszk\u00f3w, przedstawionych na kartkach, odpowiadajcie na pytania i szukajcie fiszek z potrzebnymi cyframi.Na kartkach z pytaniem jest wskaz\u00f3wka: prawid\u0142owa cyfra zapisana literami.Pomo\u017ce to dziecku nie zapl\u0105ta\u0107 si\u0119 i szybciej uczy\u0107 si\u0119 cyfr.Opr\u00f3cz cyfr na ka\u017cdej fiszce [&hellip;]<\/p>\n","protected":false},"featured_media":9586,"comment_status":"closed","ping_status":"open","template":"","meta":[],"product_cat":[130,1831],"product_tag":[676,610,741,608,577],"class_list":["post-9585","product","type-product","status-publish","has-post-thumbnail","hentry","product_cat-gry-dzieciece","product_cat-roter-kafer","product_tag-bursztynek","product_tag-co-na-prezent-dla-nastolatkow","product_tag-wlochy","product_tag-zagadki-i-odpowiedzi","product_tag-znaki-drogowe-test"],"_links":{"self":[{"href":"http:\/\/klubmamgdynia.pl\/index.php\/wp-json\/wp\/v2\/product\/9585","targetHints":{"allow":["GET"]}}],"collection":[{"href":"http:\/\/klubmamgdynia.pl\/index.php\/wp-json\/wp\/v2\/product"}],"about":[{"href":"http:\/\/klubmamgdynia.pl\/index.php\/wp-json\/wp\/v2\/types\/product"}],"replies":[{"embeddable":true,"href":"http:\/\/klubmamgdynia.pl\/index.php\/wp-json\/wp\/v2\/comments?post=9585"}],"wp:featuredmedia":[{"embeddable":true,"href":"http:\/\/klubmamgdynia.pl\/index.php\/wp-json\/wp\/v2\/media\/9586"}],"wp:attachment":[{"href":"http:\/\/klubmamgdynia.pl\/index.php\/wp-json\/wp\/v2\/media?parent=9585"}],"wp:term":[{"taxonomy":"product_cat","embeddable":true,"href":"http:\/\/klubmamgdynia.pl\/index.php\/wp-json\/wp\/v2\/product_cat?post=9585"},{"taxonomy":"product_tag","embeddable":true,"href":"http:\/\/klubmamgdynia.pl\/index.php\/wp-json\/wp\/v2\/product_tag?post=9585"}],"curies":[{"name":"wp","href":"https:\/\/api.w.org\/{rel}","templated":true}]}}