{"id":9587,"date":"2019-02-09T01:24:18","date_gmt":"2019-02-09T00:24:18","guid":{"rendered":"http:\/\/klubmamgdynia.pl\/index.php\/produkt\/sierra-madre-eksperymentuj-z-dzieckiem-50281610d\/"},"modified":"2026-04-14T03:19:44","modified_gmt":"2026-04-14T01:19:44","slug":"sierra-madre-eksperymentuj-z-dzieckiem-50281610d","status":"publish","type":"product","link":"http:\/\/klubmamgdynia.pl\/index.php\/produkt\/sierra-madre-eksperymentuj-z-dzieckiem-50281610d\/","title":{"rendered":"Sierra Madre Eksperymentuj z dzieckiem 50281610D"},"content":{"rendered":"<p>EKSPERYMENTUJ Z DZIECKIEM30 Niesamowitych eksperyment\u00f3w dla m\u0142odych odkrywc\u00f3wWyd. Sierra MadreChcesz wzbudzi\u0107 w dziecku ciekawo\u015b\u0107 \u015bwiata i pasj\u0119 do nauki? Przekaza\u0107 mu praktyczn\u0105 wiedz\u0119, jednocze\u015bnie \u015bwietnie si\u0119 razem bawi\u0105c? Eksperymentuj z Dzieckiem to 30 kart z niesamowitymi do\u015bwiadczeniami dla dzieci. Odkryjcie na nowo otaczaj\u0105cy Was \u015bwiat i rozpocznijcie naukow\u0105 przygod\u0119! Fascynuj\u0105ce eksperymenty przedstawi Wam Jaros\u0142aw Wasilewski, za\u0142o\u017cyciel Funiversity- interaktywnych warsztat\u00f3w, podczas kt\u00f3rych dzieci zamieniaj\u0105 si\u0119 w naukowc\u00f3w i odkrywc\u00f3w. Eksperymentuj z Dzieckiem to:wsp\u00f3lny czas: baw i ucz si\u0119 razem z Twoim dzieckiem, to wspania\u0142a okazja na sp\u0119dzenie czasu w rodzinnym gronieinspiracja do nauki: wzbud\u017a w dziecku ciekawo\u015b\u0107, pasj\u0119 do nauki i pom\u00f3\u017c mu odkry\u0107 i zrozumie\u0107 fascynuj\u0105cy \u015bwiat!zacznijcie od zaraz: rozpocznijcie eksperymentowania ju\u017c dzisiaj, wykorzystuj\u0105c przedmioty codziennego u\u017cytkurozw\u00f3j intelektualny: przeka\u017c dziecku praktyczn\u0105 wiedz\u0119 z fizyki, chemii i przyrody, jednocze\u015bnie rozwijaj\u0105c jego otwarto\u015b\u0107, kreatywno\u015b\u0107 i niezale\u017cne my\u015blenie\u201eOryginalny zbi\u00f3r eksperyment\u00f3w, kt\u00f3re w niezwyk\u0142y spos\u00f3b wprowadzaj\u0105 najm\u0142odszych w \u015bwiat \u201epowa\u017cnej\u201d nauki. Warto rozwija\u0107 ciekawo\u015b\u0107 i pasj\u0119 ma\u0142ych badaczy!\u201d &#8211; Agnieszka Puk, mama bli\u017ani\u0105t, pedagog, terapeutka, nauczycielka<\/p>\n<h2>Sierra Madre Eksperymentuj z dzieckiem 50281610D Sierra Madre<\/h2>\n<p>co oznacza jordan, wilga, prezent dla jedenastolatka, zagadki o wielkanocy, zagadki na inteligencj\u0119 z odpowiedziami, atrakcje do 30 km od wroc\u0142awia, \u0142amig\u0142\u00f3wki dla 4 latka do druku, origami kotek, zagadki o zwierzetach, macierzy\u0144stwo cytaty, quizy miko\u0142ajek, zagadki o psach, kolorowanka sky, miko\u0142ajkowe zabawy, zagadki o wiosnie, test z narnii, zagadki o owocach, kolorowanka peppa, lucyna, cytaty o wychowaniu dzieci<\/p>\n<p>yyyyy<\/p>\n<p>&nbsp;<\/p>\n","protected":false},"excerpt":{"rendered":"<p>EKSPERYMENTUJ Z DZIECKIEM30 Niesamowitych eksperyment\u00f3w dla m\u0142odych odkrywc\u00f3wWyd. Sierra MadreChcesz wzbudzi\u0107 w dziecku ciekawo\u015b\u0107 \u015bwiata i pasj\u0119 do nauki? Przekaza\u0107 mu praktyczn\u0105 wiedz\u0119, jednocze\u015bnie \u015bwietnie si\u0119 razem bawi\u0105c? Eksperymentuj z Dzieckiem to 30 kart z niesamowitymi do\u015bwiadczeniami dla dzieci. Odkryjcie na nowo otaczaj\u0105cy Was \u015bwiat i rozpocznijcie naukow\u0105 przygod\u0119! Fascynuj\u0105ce eksperymenty przedstawi Wam Jaros\u0142aw Wasilewski, [&hellip;]<\/p>\n","protected":false},"featured_media":9588,"comment_status":"closed","ping_status":"open","template":"","meta":[],"product_cat":[72,1833],"product_tag":[668,763,673],"class_list":["post-9587","product","type-product","status-publish","has-post-thumbnail","hentry","product_cat-mali-naukowcy","product_cat-sierra-madre","product_tag-atrakcje-dla-dzieci-wroclaw","product_tag-fabian","product_tag-juz-blisko-koleda-tekst"],"_links":{"self":[{"href":"http:\/\/klubmamgdynia.pl\/index.php\/wp-json\/wp\/v2\/product\/9587","targetHints":{"allow":["GET"]}}],"collection":[{"href":"http:\/\/klubmamgdynia.pl\/index.php\/wp-json\/wp\/v2\/product"}],"about":[{"href":"http:\/\/klubmamgdynia.pl\/index.php\/wp-json\/wp\/v2\/types\/product"}],"replies":[{"embeddable":true,"href":"http:\/\/klubmamgdynia.pl\/index.php\/wp-json\/wp\/v2\/comments?post=9587"}],"wp:featuredmedia":[{"embeddable":true,"href":"http:\/\/klubmamgdynia.pl\/index.php\/wp-json\/wp\/v2\/media\/9588"}],"wp:attachment":[{"href":"http:\/\/klubmamgdynia.pl\/index.php\/wp-json\/wp\/v2\/media?parent=9587"}],"wp:term":[{"taxonomy":"product_cat","embeddable":true,"href":"http:\/\/klubmamgdynia.pl\/index.php\/wp-json\/wp\/v2\/product_cat?post=9587"},{"taxonomy":"product_tag","embeddable":true,"href":"http:\/\/klubmamgdynia.pl\/index.php\/wp-json\/wp\/v2\/product_tag?post=9587"}],"curies":[{"name":"wp","href":"https:\/\/api.w.org\/{rel}","templated":true}]}}