{"id":9589,"date":"2019-08-31T04:33:48","date_gmt":"2019-08-31T02:33:48","guid":{"rendered":"http:\/\/klubmamgdynia.pl\/index.php\/produkt\/schleich-swiat-elfow-bayala-drzewo-motyli-42147\/"},"modified":"2026-04-05T21:08:36","modified_gmt":"2026-04-05T19:08:36","slug":"schleich-swiat-elfow-bayala-drzewo-motyli-42147","status":"publish","type":"product","link":"http:\/\/klubmamgdynia.pl\/index.php\/produkt\/schleich-swiat-elfow-bayala-drzewo-motyli-42147\/","title":{"rendered":"Schleich \u015awiat Elf\u00f3w Bayala Drzewo Motyli 42147"},"content":{"rendered":"<p>Cudowna podr\u00f3\u017c do \u015bwiata fantasy&#8230;<br \/>\n\u015awiat Elf\u00f3w Bayalato pi\u0119kna seria figurek Schlaich, nawi\u0105zuj\u0105ca do \u015bwiata fantazji i mitologii. Elfy, \u017cyj\u0105ce w lasach, charakteryzuje niezwyk\u0142y, pi\u0119kny g\u0142os, zami\u0142owanie do ta\u0144ca, d\u0142ugie, szpiczaste uszy oraz magiczne zdolno\u015bci. Kraina Elf\u00f3w pe\u0142na jest tak\u017cetajemniczych stworze\u0144, takich jak smoki, pegazy, jednoro\u017cce, feniksy, magiczne istoty. W kolekcji znajdziesz tak\u017ce zestawy przedstawiaj\u0105ce niezwyk\u0142e miejsca spotka\u0144 tychpi\u0119knych stworze\u0144.<br \/>\nNa szczycie wioski elf\u00f3w ro\u015bnie ma\u0142e, magiczne drzewo, wok\u00f3\u0142 kt\u00f3rego zlatuj\u0105 si\u0119 najpi\u0119kniejsze motyle i ma\u0142e ptaki. Elfy cz\u0119sto wybieraj\u0105 si\u0119 na szczyt, by podziwia\u0107 to niezwyk\u0142e zjawisko.<br \/>\nZestaw zawiera drzewko i ptaszka.<\/p>\n<h2>Schleich \u015awiat Elf\u00f3w Bayala Drzewo Motyli 42147 Schleich<\/h2>\n<p>\u017carty na prima aprilis dla rodzic\u00f3w, \u015bmieszne zagadki z odpowiedziami, policja kolorowanka, marcel imie, jak zrobi\u0107 du\u017ce jajo wielkanocne, zagadki dla 6 latka, co mo\u017cna zrobi\u0107 na prima aprilis, cytaty o rodzinie, jesienne zagadki, cytaty z ma\u0142ego ksi\u0119cia o przyja\u017ani, znaczenie imiona kinga, zaproszenia na urodziny dla dzieci do druku, origami dla dzieci, kolorowe listki, choinko pi\u0119kna jak las tekst, maski do druku kolorowe, warszawa z dzieckiem, zagadki logiczne na inteligencj\u0119 dla doros\u0142ych, najlepsze zarty na prima aprilis, wz\u00f3r drzewo genealogiczne szablon do wydruku<\/p>\n<p>yyyyy<\/p>\n<p>&nbsp;<\/p>\n","protected":false},"excerpt":{"rendered":"<p>Cudowna podr\u00f3\u017c do \u015bwiata fantasy&#8230; \u015awiat Elf\u00f3w Bayalato pi\u0119kna seria figurek Schlaich, nawi\u0105zuj\u0105ca do \u015bwiata fantazji i mitologii. Elfy, \u017cyj\u0105ce w lasach, charakteryzuje niezwyk\u0142y, pi\u0119kny g\u0142os, zami\u0142owanie do ta\u0144ca, d\u0142ugie, szpiczaste uszy oraz magiczne zdolno\u015bci. Kraina Elf\u00f3w pe\u0142na jest tak\u017cetajemniczych stworze\u0144, takich jak smoki, pegazy, jednoro\u017cce, feniksy, magiczne istoty. W kolekcji znajdziesz tak\u017ce zestawy przedstawiaj\u0105ce [&hellip;]<\/p>\n","protected":false},"featured_media":9590,"comment_status":"closed","ping_status":"open","template":"","meta":[],"product_cat":[95,952],"product_tag":[848,832,780,645],"class_list":["post-9589","product","type-product","status-publish","has-post-thumbnail","hentry","product_cat-figurki-makiety-i-zestawy","product_cat-schleich","product_tag-cytat-o-rodzinie","product_tag-desery-dla-dzieci","product_tag-krecik-bajka","product_tag-latwe-zagadki"],"_links":{"self":[{"href":"http:\/\/klubmamgdynia.pl\/index.php\/wp-json\/wp\/v2\/product\/9589","targetHints":{"allow":["GET"]}}],"collection":[{"href":"http:\/\/klubmamgdynia.pl\/index.php\/wp-json\/wp\/v2\/product"}],"about":[{"href":"http:\/\/klubmamgdynia.pl\/index.php\/wp-json\/wp\/v2\/types\/product"}],"replies":[{"embeddable":true,"href":"http:\/\/klubmamgdynia.pl\/index.php\/wp-json\/wp\/v2\/comments?post=9589"}],"wp:featuredmedia":[{"embeddable":true,"href":"http:\/\/klubmamgdynia.pl\/index.php\/wp-json\/wp\/v2\/media\/9590"}],"wp:attachment":[{"href":"http:\/\/klubmamgdynia.pl\/index.php\/wp-json\/wp\/v2\/media?parent=9589"}],"wp:term":[{"taxonomy":"product_cat","embeddable":true,"href":"http:\/\/klubmamgdynia.pl\/index.php\/wp-json\/wp\/v2\/product_cat?post=9589"},{"taxonomy":"product_tag","embeddable":true,"href":"http:\/\/klubmamgdynia.pl\/index.php\/wp-json\/wp\/v2\/product_tag?post=9589"}],"curies":[{"name":"wp","href":"https:\/\/api.w.org\/{rel}","templated":true}]}}