{"id":9591,"date":"2016-02-01T18:15:21","date_gmt":"2016-02-01T17:15:21","guid":{"rendered":"http:\/\/klubmamgdynia.pl\/index.php\/produkt\/schleich-figurka-klacz-criollo-definitivo\/"},"modified":"2026-04-05T20:17:30","modified_gmt":"2026-04-05T18:17:30","slug":"schleich-figurka-klacz-criollo-definitivo","status":"publish","type":"product","link":"http:\/\/klubmamgdynia.pl\/index.php\/produkt\/schleich-figurka-klacz-criollo-definitivo\/","title":{"rendered":"Schleich Figurka Klacz Criollo Definitivo"},"content":{"rendered":"<p>Figurki Schleich\u00ae modelowane s\u0105 z dba\u0142o\u015bci\u0105 o szczeg\u00f3\u0142y i wygl\u0105daj\u0105 niemal identycznie jak ich zwierz\u0119ce pierwowzory. To idealna podstawa warto\u015bciowej zabawy edukacyjnej.<\/p>\n<h2>Schleich Figurka Klacz Criollo Definitivo Schleich<\/h2>\n<p>zabawy dla 7 latki, film o \u015bwi\u0119tach dla dzieci, maski karnawa\u0142owe do druku, bajki dla dzieci do czytania na dobranoc, maska kota, kolorowe kredki tekst, maska batmana do druku, test ze znak\u00f3w drogowych, kiedy dzieci chodz\u0105 na halloween, zagadki dla dzieci 4-5 lat online, bajka krecik, lato lato lato czeka tekst<\/p>\n<p>yyyyy<\/p>\n<p>&nbsp;<\/p>\n","protected":false},"excerpt":{"rendered":"<p>Figurki Schleich\u00ae modelowane s\u0105 z dba\u0142o\u015bci\u0105 o szczeg\u00f3\u0142y i wygl\u0105daj\u0105 niemal identycznie jak ich zwierz\u0119ce pierwowzory. To idealna podstawa warto\u015bciowej zabawy edukacyjnej. Schleich Figurka Klacz Criollo Definitivo Schleich zabawy dla 7 latki, film o \u015bwi\u0119tach dla dzieci, maski karnawa\u0142owe do druku, bajki dla dzieci do czytania na dobranoc, maska kota, kolorowe kredki tekst, maska batmana [&hellip;]<\/p>\n","protected":false},"featured_media":9592,"comment_status":"closed","ping_status":"open","template":"","meta":[],"product_cat":[97,952],"product_tag":[847,642,743,634],"class_list":["post-9591","product","type-product","status-publish","has-post-thumbnail","hentry","product_cat-figurki-kolekcjonerskie","product_cat-schleich","product_tag-kolorowanki-pokemon","product_tag-mia-imie","product_tag-quiz-dla-dzieci","product_tag-zagadki-wielkanocne-dla-dzieci"],"_links":{"self":[{"href":"http:\/\/klubmamgdynia.pl\/index.php\/wp-json\/wp\/v2\/product\/9591","targetHints":{"allow":["GET"]}}],"collection":[{"href":"http:\/\/klubmamgdynia.pl\/index.php\/wp-json\/wp\/v2\/product"}],"about":[{"href":"http:\/\/klubmamgdynia.pl\/index.php\/wp-json\/wp\/v2\/types\/product"}],"replies":[{"embeddable":true,"href":"http:\/\/klubmamgdynia.pl\/index.php\/wp-json\/wp\/v2\/comments?post=9591"}],"wp:featuredmedia":[{"embeddable":true,"href":"http:\/\/klubmamgdynia.pl\/index.php\/wp-json\/wp\/v2\/media\/9592"}],"wp:attachment":[{"href":"http:\/\/klubmamgdynia.pl\/index.php\/wp-json\/wp\/v2\/media?parent=9591"}],"wp:term":[{"taxonomy":"product_cat","embeddable":true,"href":"http:\/\/klubmamgdynia.pl\/index.php\/wp-json\/wp\/v2\/product_cat?post=9591"},{"taxonomy":"product_tag","embeddable":true,"href":"http:\/\/klubmamgdynia.pl\/index.php\/wp-json\/wp\/v2\/product_tag?post=9591"}],"curies":[{"name":"wp","href":"https:\/\/api.w.org\/{rel}","templated":true}]}}