{"id":9593,"date":"2015-08-10T02:42:25","date_gmt":"2015-08-10T00:42:25","guid":{"rendered":"http:\/\/klubmamgdynia.pl\/index.php\/produkt\/na-farmie-rk-2040-01\/"},"modified":"2026-04-05T21:36:48","modified_gmt":"2026-04-05T19:36:48","slug":"na-farmie-rk-2040-01","status":"publish","type":"product","link":"http:\/\/klubmamgdynia.pl\/index.php\/produkt\/na-farmie-rk-2040-01\/","title":{"rendered":"Na Farmie Rk 2040-01"},"content":{"rendered":"<p>GRA MAGNETYCZNA: NA FARMIEZESTAW: MAGNESY ORAZ TABLICA MAGNETYCZNAZapoznajcie si\u0119 ze zwierz\u0119tami farmy i dowiedzcie si\u0119 o nich wszystkiego.Gra zawiera samoprzylepn\u0105 podstaw\u0119 z obrazem farmy i mi\u0119kkie magnesy.Poruszajcie magnetycznymi figurkami zwierz\u0105t, umocujcie je na potrzebnym miejscu i wymy\u015blajcie o nich ciekawe historie.Gra rozwija logiczne my\u015blenie, pami\u0119\u0107, m\u00f3wienie i drobna motoryk\u0119.Zabawki ROTER K\u00c4FER:- bawi\u0105,- ucz\u0105,- rozwijaj\u0105 zdolno\u015bci tw\u00f3rcze,- pobudzaj\u0105 kreatywno\u015b\u0107,- poprawiaj\u0105 koncentracj\u0119,- wspomagaj\u0105 rozw\u00f3j wyobra\u017ani,- rozwijaj\u0105 koordynacj\u0119 wzrokowo-ruchow\u0105.Zabawka posiada certyfikat CE.ZAWARTO\u015a\u0106 ZESTAWU:- 25 magnes\u00f3w,- Tablica samoprzylepna (wym. 48 x 32 cm).WIEK:3+WYMIARY OPAKOWANIA:Tuba:- \u015arednica ok.: 11 cm- Wysoko\u015b\u0107 ok.: 34 cmWAGA OPAKOWANIA:Ok.: 600 gUWAGI:Nieodpowiednie dla dzieci poni\u017cej 3 lat.<\/p>\n<h2>Na Farmie Rk 2040-01 Roter Kafer<\/h2>\n<p>minionki do druku, warszawa atrakcje dla dzieci, pikachu kolorowanka, quiz o bo\u017cym narodzeniu, molo w brze\u017anie, roczek prezent, quiz o ro\u015blinach, fajne \u017carty na prima aprilis, trudne zagadki i odpowiedzi, mitologia grecka test wiedzy, quiz psi patrol, zagadki \u015bmieszne dla dzieci, horror dla dzieci, imie leon, test z ani z zielonego wzg\u00f3rza, iwo imie, atrakcje dla dzieci warszawa 2021, test magiczne drzewo czerwone krzes\u0142o, \u015bmigus dyngus wiersz dla dzieci, chase psi patrol kolorowanka, desery dla dzieci<\/p>\n<p>yyyyy<\/p>\n<p>&nbsp;<\/p>\n","protected":false},"excerpt":{"rendered":"<p>GRA MAGNETYCZNA: NA FARMIEZESTAW: MAGNESY ORAZ TABLICA MAGNETYCZNAZapoznajcie si\u0119 ze zwierz\u0119tami farmy i dowiedzcie si\u0119 o nich wszystkiego.Gra zawiera samoprzylepn\u0105 podstaw\u0119 z obrazem farmy i mi\u0119kkie magnesy.Poruszajcie magnetycznymi figurkami zwierz\u0105t, umocujcie je na potrzebnym miejscu i wymy\u015blajcie o nich ciekawe historie.Gra rozwija logiczne my\u015blenie, pami\u0119\u0107, m\u00f3wienie i drobna motoryk\u0119.Zabawki ROTER K\u00c4FER:- bawi\u0105,- ucz\u0105,- rozwijaj\u0105 zdolno\u015bci [&hellip;]<\/p>\n","protected":false},"featured_media":9594,"comment_status":"closed","ping_status":"open","template":"","meta":[],"product_cat":[130,1831],"product_tag":[827,685,618],"class_list":["post-9593","product","type-product","status-publish","has-post-thumbnail","hentry","product_cat-gry-dzieciece","product_cat-roter-kafer","product_tag-bajki-dla-niemowlat","product_tag-cytaty-o-rodzinie","product_tag-lato-lato-lato-czeka-tekst"],"_links":{"self":[{"href":"http:\/\/klubmamgdynia.pl\/index.php\/wp-json\/wp\/v2\/product\/9593","targetHints":{"allow":["GET"]}}],"collection":[{"href":"http:\/\/klubmamgdynia.pl\/index.php\/wp-json\/wp\/v2\/product"}],"about":[{"href":"http:\/\/klubmamgdynia.pl\/index.php\/wp-json\/wp\/v2\/types\/product"}],"replies":[{"embeddable":true,"href":"http:\/\/klubmamgdynia.pl\/index.php\/wp-json\/wp\/v2\/comments?post=9593"}],"wp:featuredmedia":[{"embeddable":true,"href":"http:\/\/klubmamgdynia.pl\/index.php\/wp-json\/wp\/v2\/media\/9594"}],"wp:attachment":[{"href":"http:\/\/klubmamgdynia.pl\/index.php\/wp-json\/wp\/v2\/media?parent=9593"}],"wp:term":[{"taxonomy":"product_cat","embeddable":true,"href":"http:\/\/klubmamgdynia.pl\/index.php\/wp-json\/wp\/v2\/product_cat?post=9593"},{"taxonomy":"product_tag","embeddable":true,"href":"http:\/\/klubmamgdynia.pl\/index.php\/wp-json\/wp\/v2\/product_tag?post=9593"}],"curies":[{"name":"wp","href":"https:\/\/api.w.org\/{rel}","templated":true}]}}