{"id":9597,"date":"2019-07-19T02:43:34","date_gmt":"2019-07-19T00:43:34","guid":{"rendered":"http:\/\/klubmamgdynia.pl\/index.php\/produkt\/bebiko-junior-4r-mleko-modyfikowane-powyzej-2-roku-zycia-350g\/"},"modified":"2026-04-04T01:02:30","modified_gmt":"2026-04-03T23:02:30","slug":"bebiko-junior-4r-mleko-modyfikowane-powyzej-2-roku-zycia-350g","status":"publish","type":"product","link":"http:\/\/klubmamgdynia.pl\/index.php\/produkt\/bebiko-junior-4r-mleko-modyfikowane-powyzej-2-roku-zycia-350g\/","title":{"rendered":"Bebiko Junior 4R Mleko modyfikowane powy\u017cej 2 roku \u017cycia 350g"},"content":{"rendered":"<h2>Bebiko Junior 4R Mleko modyfikowane powy\u017cej 2 roku \u017cycia 350g Bebiko-Nutricia<\/h2>\n<p>wiersz na dobranoc dla dzieci, uk\u0142ad s\u0142oneczny dla dzieci do druku, skye psi patrol kolorowanka, dawne ko\u0142ysanki teksty, \u0142atwe zagadki, bajka psi patrol do czytania, lego ninjago kolorowanki, radiowe nuty niech zyja wakacje, kolorowanki na dzie\u0144 niepodleg\u0142o\u015bci do wydruku, gra kulki, kolorowanki \u015bwi\u0105teczne do wydruku<\/p>\n<p>yyyyy<\/p>\n<p>&nbsp;<\/p>\n","protected":false},"excerpt":{"rendered":"<p>Bebiko Junior 4R Mleko modyfikowane powy\u017cej 2 roku \u017cycia 350g Bebiko-Nutricia wiersz na dobranoc dla dzieci, uk\u0142ad s\u0142oneczny dla dzieci do druku, skye psi patrol kolorowanka, dawne ko\u0142ysanki teksty, \u0142atwe zagadki, bajka psi patrol do czytania, lego ninjago kolorowanki, radiowe nuty niech zyja wakacje, kolorowanki na dzie\u0144 niepodleg\u0142o\u015bci do wydruku, gra kulki, kolorowanki \u015bwi\u0105teczne do [&hellip;]<\/p>\n","protected":false},"featured_media":9598,"comment_status":"closed","ping_status":"open","template":"","meta":[],"product_cat":[1208,19],"product_tag":[802,826,629,633,756],"class_list":["post-9597","product","type-product","status-publish","has-post-thumbnail","hentry","product_cat-bebiko-nutricia","product_cat-mleka-nastepne","product_tag-co-kupic-dziewczynce-na-roczek","product_tag-prezent-dla-15-latka","product_tag-smieszne-zagadki-z-odpowiedziami","product_tag-zagadki-z-odpowiedziami","product_tag-zaproszenie-na-urodziny-do-druku"],"_links":{"self":[{"href":"http:\/\/klubmamgdynia.pl\/index.php\/wp-json\/wp\/v2\/product\/9597","targetHints":{"allow":["GET"]}}],"collection":[{"href":"http:\/\/klubmamgdynia.pl\/index.php\/wp-json\/wp\/v2\/product"}],"about":[{"href":"http:\/\/klubmamgdynia.pl\/index.php\/wp-json\/wp\/v2\/types\/product"}],"replies":[{"embeddable":true,"href":"http:\/\/klubmamgdynia.pl\/index.php\/wp-json\/wp\/v2\/comments?post=9597"}],"wp:featuredmedia":[{"embeddable":true,"href":"http:\/\/klubmamgdynia.pl\/index.php\/wp-json\/wp\/v2\/media\/9598"}],"wp:attachment":[{"href":"http:\/\/klubmamgdynia.pl\/index.php\/wp-json\/wp\/v2\/media?parent=9597"}],"wp:term":[{"taxonomy":"product_cat","embeddable":true,"href":"http:\/\/klubmamgdynia.pl\/index.php\/wp-json\/wp\/v2\/product_cat?post=9597"},{"taxonomy":"product_tag","embeddable":true,"href":"http:\/\/klubmamgdynia.pl\/index.php\/wp-json\/wp\/v2\/product_tag?post=9597"}],"curies":[{"name":"wp","href":"https:\/\/api.w.org\/{rel}","templated":true}]}}