{"id":9599,"date":"2024-10-14T13:47:59","date_gmt":"2024-10-14T11:47:59","guid":{"rendered":"http:\/\/klubmamgdynia.pl\/?post_type=product&#038;p=9599"},"modified":"2026-05-17T22:20:56","modified_gmt":"2026-05-17T20:20:56","slug":"quercetti-ukladanka-obrotowa","status":"publish","type":"product","link":"http:\/\/klubmamgdynia.pl\/index.php\/produkt\/quercetti-ukladanka-obrotowa\/","title":{"rendered":"Quercetti Uk\u0142adanka Obrotowa"},"content":{"rendered":"<p>Obr\u00f3\u0107 ko\u0142a i doko\u0144cz obrazek! Uk\u0142adanka z czterema uroczymi zwierz\u0105tkami, kt\u00f3rych wizerunki musz\u0105 zosta\u0107 uzupe\u0142nione brakuj\u0105cymi elementami. Maj\u0105 kszta\u0142t k\u00f3\u0142 i s\u0105 mocowane za pomoc\u0105 \u015brub i nakr\u0119tek, dzi\u0119ki czemu mo\u017cna je \u0142atwo obraca\u0107 i znale\u017a\u0107 w\u0142a\u015bciw\u0105 pozycj\u0119, aby uko\u0144czy\u0107 rysunek.<\/p>\n<h2>Quercetti Uk\u0142adanka Obrotowa Quercetti<\/h2>\n<p>bajki terapeutyczne o emocjach, cytaty o przyja\u017ani kr\u00f3tkie, park so\u0142acki, kolorowanka ze zdj\u0119cia, my little pony kolorowanki, plac zamkowy, prezent dla rocznej dziewczynki, filmy wigilijne dla dzieci, jesienne piosenki dla dzieci<\/p>\n<p>yyyyy<\/p>\n<p>&nbsp;<\/p>\n","protected":false},"excerpt":{"rendered":"<p>Obr\u00f3\u0107 ko\u0142a i doko\u0144cz obrazek! Uk\u0142adanka z czterema uroczymi zwierz\u0105tkami, kt\u00f3rych wizerunki musz\u0105 zosta\u0107 uzupe\u0142nione brakuj\u0105cymi elementami. Maj\u0105 kszta\u0142t k\u00f3\u0142 i s\u0105 mocowane za pomoc\u0105 \u015brub i nakr\u0119tek, dzi\u0119ki czemu mo\u017cna je \u0142atwo obraca\u0107 i znale\u017a\u0107 w\u0142a\u015bciw\u0105 pozycj\u0119, aby uko\u0144czy\u0107 rysunek. Quercetti Uk\u0142adanka Obrotowa Quercetti bajki terapeutyczne o emocjach, cytaty o przyja\u017ani kr\u00f3tkie, park so\u0142acki, [&hellip;]<\/p>\n","protected":false},"featured_media":9600,"comment_status":"closed","ping_status":"open","template":"","meta":[],"product_cat":[1155,61],"product_tag":[859,780,821,687,820,615],"class_list":["post-9599","product","type-product","status-publish","has-post-thumbnail","hentry","product_cat-quercetti","product_cat-zabawki-edukacyjne-dla-niemowlat","product_tag-dobranoc-pchly-na-noc","product_tag-krecik-bajka","product_tag-marianna","product_tag-podchwytliwe-zagadki-matematyczne","product_tag-ziemia-wyspa-zielona-tekst","product_tag-znane-misie-z-filmow-animowanych"],"_links":{"self":[{"href":"http:\/\/klubmamgdynia.pl\/index.php\/wp-json\/wp\/v2\/product\/9599","targetHints":{"allow":["GET"]}}],"collection":[{"href":"http:\/\/klubmamgdynia.pl\/index.php\/wp-json\/wp\/v2\/product"}],"about":[{"href":"http:\/\/klubmamgdynia.pl\/index.php\/wp-json\/wp\/v2\/types\/product"}],"replies":[{"embeddable":true,"href":"http:\/\/klubmamgdynia.pl\/index.php\/wp-json\/wp\/v2\/comments?post=9599"}],"wp:featuredmedia":[{"embeddable":true,"href":"http:\/\/klubmamgdynia.pl\/index.php\/wp-json\/wp\/v2\/media\/9600"}],"wp:attachment":[{"href":"http:\/\/klubmamgdynia.pl\/index.php\/wp-json\/wp\/v2\/media?parent=9599"}],"wp:term":[{"taxonomy":"product_cat","embeddable":true,"href":"http:\/\/klubmamgdynia.pl\/index.php\/wp-json\/wp\/v2\/product_cat?post=9599"},{"taxonomy":"product_tag","embeddable":true,"href":"http:\/\/klubmamgdynia.pl\/index.php\/wp-json\/wp\/v2\/product_tag?post=9599"}],"curies":[{"name":"wp","href":"https:\/\/api.w.org\/{rel}","templated":true}]}}