{"id":96,"date":"2012-05-05T03:07:28","date_gmt":"2012-05-05T01:07:28","guid":{"rendered":"http:\/\/klubmamgdynia.pl\/index.php\/produkt\/ramiz-straz-pozarna-auto-na-akumulator-czerwony\/"},"modified":"2026-04-24T16:57:35","modified_gmt":"2026-04-24T14:57:35","slug":"ramiz-straz-pozarna-auto-na-akumulator-czerwony","status":"publish","type":"product","link":"http:\/\/klubmamgdynia.pl\/index.php\/produkt\/ramiz-straz-pozarna-auto-na-akumulator-czerwony\/","title":{"rendered":"Ramiz Stra\u017c Po\u017carna Auto na Akumulator Czerwony"},"content":{"rendered":"<p>Specyfikacja Stra\u017c Po\u017carna Silnik 2 x 12V \/ RS550-C, 12000RPM Akumulator 12V\/10Ah (przeno\u015bny), Pilot 2.4 GHz, Przycisk bezpiecze\u0144stwa Stop, 3 Szybko\u015bci Ko\u0142a Piankowe ko\u0142a EVA, 24 x 8,5 cm, Amortyzatory Prz\u00f3d, Biegi Wolny Start, Prz\u00f3d 2 szybko\u015bci, Bieg wsteczny, \u015awiat\u0142a LED, Prz\u00f3d, W\u0142\u0105czane koguty stra\u017cackie, W\u0142\u0105cznik \u015bwiate\u0142, Wyposa\u017cenie Panel Audio Wgrane melodyjki, Przycisk syreny stra\u017cackiej, Wska\u017anik Na\u0142adowania Tak, Start W\u0142\u0105cznik z Odg\u0142osami Silnika, Otwierane Drzwi Tak, Blokada, Siedzenie Plastik + pasy bezpiecze\u0144stwa, 36 x 20 x 28 cm, Dodatkowe wyposa\u017cenie Ga\u015bnica na wod\u0119, Kask stra\u017cacki, Sikawka wraz z zbiornikami zak\u0142adanymi na plecy, Uchwyt transportowy Sk\u0142adana r\u0105czka, Dodatkowe k\u00f3\u0142ka, Wymiary Rozmiar Pojazdu D\u0142ugo\u015b\u0107 114 cm, Szeroko\u015b\u0107 65 cm, Wysoko\u015b\u0107 60 cm, Waga Pojazdu 21 Kg, Rozmiar Kartonu 116,5 x 56,5 x 47,5 cm, Waga Kartonu 26,5 Kg Maksymalne Obci\u0105\u017cenie 30 Kg Prze\u015bwit 10 cm Wyposa\u017cenie Dodatkowe Instrukcja + komplet bezpiecznik\u00f3w, Zestaw stra\u017cacki, \u0141adowarka, Pilot, Pokrowiec Na Pojazd, Kabel Mini Jack.<\/p>\n<h2>Ramiz Stra\u017c Po\u017carna Auto na Akumulator Czerwony Ramiz<\/h2>\n<p>jak namalowa\u0107 kota, gad\u017cety dla nastolatki, zagadki slowne, quiz o zwierz\u0119tach domowych, zagadki dla 5 latka, wzruszaj\u0105c\u0105 piosenka dla taty, gry planszowe dla nastolatk\u00f3w, kolorowanki z bajek, planety uk\u0142ad s\u0142oneczny dla dzieci do druku, bajki o ksi\u0119\u017cniczkach do czytania, stare wierszyki dla dzieci, list do gwiazdora, zagadki liczbowe, znaki drogowe do druku, rymowanki o pisankach<\/p>\n<p>yyyyy<\/p>\n<p>&nbsp;<\/p>\n","protected":false},"excerpt":{"rendered":"<p>Specyfikacja Stra\u017c Po\u017carna Silnik 2 x 12V \/ RS550-C, 12000RPM Akumulator 12V\/10Ah (przeno\u015bny), Pilot 2.4 GHz, Przycisk bezpiecze\u0144stwa Stop, 3 Szybko\u015bci Ko\u0142a Piankowe ko\u0142a EVA, 24 x 8,5 cm, Amortyzatory Prz\u00f3d, Biegi Wolny Start, Prz\u00f3d 2 szybko\u015bci, Bieg wsteczny, \u015awiat\u0142a LED, Prz\u00f3d, W\u0142\u0105czane koguty stra\u017cackie, W\u0142\u0105cznik \u015bwiate\u0142, Wyposa\u017cenie Panel Audio Wgrane melodyjki, Przycisk syreny stra\u017cackiej, [&hellip;]<\/p>\n","protected":false},"featured_media":97,"comment_status":"closed","ping_status":"open","template":"","meta":[],"product_cat":[36,24],"product_tag":[599,640,824,820],"class_list":["post-96","product","type-product","status-publish","has-post-thumbnail","hentry","product_cat-ramiz","product_cat-samochody-dla-dzieci","product_tag-prezent-dla-nastolatkow-2021","product_tag-prezent-dla-rocznej-dziewczynki","product_tag-warszawa-atrakcje-dla-dzieci","product_tag-ziemia-wyspa-zielona-tekst"],"_links":{"self":[{"href":"http:\/\/klubmamgdynia.pl\/index.php\/wp-json\/wp\/v2\/product\/96","targetHints":{"allow":["GET"]}}],"collection":[{"href":"http:\/\/klubmamgdynia.pl\/index.php\/wp-json\/wp\/v2\/product"}],"about":[{"href":"http:\/\/klubmamgdynia.pl\/index.php\/wp-json\/wp\/v2\/types\/product"}],"replies":[{"embeddable":true,"href":"http:\/\/klubmamgdynia.pl\/index.php\/wp-json\/wp\/v2\/comments?post=96"}],"wp:featuredmedia":[{"embeddable":true,"href":"http:\/\/klubmamgdynia.pl\/index.php\/wp-json\/wp\/v2\/media\/97"}],"wp:attachment":[{"href":"http:\/\/klubmamgdynia.pl\/index.php\/wp-json\/wp\/v2\/media?parent=96"}],"wp:term":[{"taxonomy":"product_cat","embeddable":true,"href":"http:\/\/klubmamgdynia.pl\/index.php\/wp-json\/wp\/v2\/product_cat?post=96"},{"taxonomy":"product_tag","embeddable":true,"href":"http:\/\/klubmamgdynia.pl\/index.php\/wp-json\/wp\/v2\/product_tag?post=96"}],"curies":[{"name":"wp","href":"https:\/\/api.w.org\/{rel}","templated":true}]}}