{"id":960,"date":"2022-01-14T00:08:58","date_gmt":"2022-01-13T23:08:58","guid":{"rendered":"http:\/\/klubmamgdynia.pl\/index.php\/produkt\/rex-london-parasol-dla-dziecka-kotek-cookie\/"},"modified":"2026-04-05T23:13:42","modified_gmt":"2026-04-05T21:13:42","slug":"rex-london-parasol-dla-dziecka-kotek-cookie","status":"publish","type":"product","link":"http:\/\/klubmamgdynia.pl\/index.php\/produkt\/rex-london-parasol-dla-dziecka-kotek-cookie\/","title":{"rendered":"Rex London &#8211; Parasol Dla Dziecka, Kotek Cookie"},"content":{"rendered":"<p>Dzieci\u0119cy parasol idealny na spacery w deszczu. Przyda si\u0119 o ka\u017cdej porze roku a kolorowe wzory rozwesel\u0105 nawet najbardziej pochmurny dzie\u0144. \u015brednica parasola po otwarciu: 62 cm d\u0142ugo\u015b\u0107 r\u0105czki: 39 cm Materia\u0142: metal, tkanina, plastik Wymiary: d\u0142ugo\u015b\u0107: 62 cm wysoko\u015b\u0107: 52 cm szeroko\u015b\u0107: 62 cm Kolory przedstawione na zdj\u0119ciach ze wzgl\u0119du na przekaz elektroniczny mog\u0105 nieznacznie r\u00f3\u017cni\u0107 si\u0119 od orygina\u0142u.<\/p>\n<h2>Rex London &#8211; Parasol Dla Dziecka, Kotek Cookie Rex London<\/h2>\n<p>ach \u015bpij kochanie tekst, podchwytliwe zagadki na inteligencj\u0119, pierwszy obudzi\u0142 si\u0119 pierwiosnek tekst, iwo, na roczek dla ch\u0142opca, aneta, alina, zaproszenia do druku, stare bajki<\/p>\n<p>yyyyy<\/p>\n<p>&nbsp;<\/p>\n","protected":false},"excerpt":{"rendered":"<p>Dzieci\u0119cy parasol idealny na spacery w deszczu. Przyda si\u0119 o ka\u017cdej porze roku a kolorowe wzory rozwesel\u0105 nawet najbardziej pochmurny dzie\u0144. \u015brednica parasola po otwarciu: 62 cm d\u0142ugo\u015b\u0107 r\u0105czki: 39 cm Materia\u0142: metal, tkanina, plastik Wymiary: d\u0142ugo\u015b\u0107: 62 cm wysoko\u015b\u0107: 52 cm szeroko\u015b\u0107: 62 cm Kolory przedstawione na zdj\u0119ciach ze wzgl\u0119du na przekaz elektroniczny mog\u0105 [&hellip;]<\/p>\n","protected":false},"featured_media":961,"comment_status":"closed","ping_status":"open","template":"","meta":[],"product_cat":[260,259],"product_tag":[583,618,712],"class_list":["post-960","product","type-product","status-publish","has-post-thumbnail","hentry","product_cat-pozostale-akcesoria-dzieciece","product_cat-rex-london","product_tag-kolysanki-dla-dzieci-tekst","product_tag-lato-lato-lato-czeka-tekst","product_tag-zagadki-o-zwierzetach"],"_links":{"self":[{"href":"http:\/\/klubmamgdynia.pl\/index.php\/wp-json\/wp\/v2\/product\/960","targetHints":{"allow":["GET"]}}],"collection":[{"href":"http:\/\/klubmamgdynia.pl\/index.php\/wp-json\/wp\/v2\/product"}],"about":[{"href":"http:\/\/klubmamgdynia.pl\/index.php\/wp-json\/wp\/v2\/types\/product"}],"replies":[{"embeddable":true,"href":"http:\/\/klubmamgdynia.pl\/index.php\/wp-json\/wp\/v2\/comments?post=960"}],"wp:featuredmedia":[{"embeddable":true,"href":"http:\/\/klubmamgdynia.pl\/index.php\/wp-json\/wp\/v2\/media\/961"}],"wp:attachment":[{"href":"http:\/\/klubmamgdynia.pl\/index.php\/wp-json\/wp\/v2\/media?parent=960"}],"wp:term":[{"taxonomy":"product_cat","embeddable":true,"href":"http:\/\/klubmamgdynia.pl\/index.php\/wp-json\/wp\/v2\/product_cat?post=960"},{"taxonomy":"product_tag","embeddable":true,"href":"http:\/\/klubmamgdynia.pl\/index.php\/wp-json\/wp\/v2\/product_tag?post=960"}],"curies":[{"name":"wp","href":"https:\/\/api.w.org\/{rel}","templated":true}]}}