{"id":9601,"date":"2021-12-11T03:13:27","date_gmt":"2021-12-11T02:13:27","guid":{"rendered":"http:\/\/klubmamgdynia.pl\/index.php\/produkt\/alexander-zest-kreat-ekokreator-drew-100el-plx-alx-pud\/"},"modified":"2026-04-15T00:18:36","modified_gmt":"2026-04-14T22:18:36","slug":"alexander-zest-kreat-ekokreator-drew-100el-plx-alx-pud","status":"publish","type":"product","link":"http:\/\/klubmamgdynia.pl\/index.php\/produkt\/alexander-zest-kreat-ekokreator-drew-100el-plx-alx-pud\/","title":{"rendered":"Alexander Zest Kreat Ekokreator Drew 100El Plx Alx Pud"},"content":{"rendered":"<p>Gra Eco Fun &#8211; Ekokreator 100 element\u00f3wPrzepis na \u015bwietn\u0105, ponadczasow\u0105 zabawk\u0119 jest bardzo prosty. Musi by\u0107 ekologiczna, rozbudza\u0107 w dzieciach kreatywno\u015b\u0107 i pozwala\u0107 na wiele godzin rozrywki bez momentu znudzenia! Taka jest seria EKOKREATOR, kt\u00f3ra pozwala uwolni\u0107 wyobra\u017ani\u0119 i stworzy\u0107 z drewnianych deseczek zjawiskowe konstrukcje. Do zestawu do\u0142\u0105czony zosta\u0142 album z inspiracjami, ale nic nie stoi na przeszkodzie, \u017ceby realizowa\u0107 w\u0142asne pomys\u0142y, wedle w\u0142asnych wyobra\u017ce\u0144! W pude\u0142ku znajdziemy100 element\u00f3w, dzi\u0119ki czemu zabawa przypadnie do gustu zar\u00f3wno pocz\u0105tkuj\u0105cym, jak i bardziej zaawansowanym konstruktorom.<\/p>\n<h2>Alexander Zest Kreat Ekokreator Drew 100El Plx Alx Pud Alexander<\/h2>\n<p>pomys\u0142y na pakowanie prezent\u00f3w, zagadki o wiosnie, ostatni dzwonek tekst, karty pracy do druku litery, lato lato lato czeka tekst, zagadki na bal karnawa\u0142owy w przedszkolu<\/p>\n<p>yyyyy<\/p>\n<p>&nbsp;<\/p>\n","protected":false},"excerpt":{"rendered":"<p>Gra Eco Fun &#8211; Ekokreator 100 element\u00f3wPrzepis na \u015bwietn\u0105, ponadczasow\u0105 zabawk\u0119 jest bardzo prosty. Musi by\u0107 ekologiczna, rozbudza\u0107 w dzieciach kreatywno\u015b\u0107 i pozwala\u0107 na wiele godzin rozrywki bez momentu znudzenia! Taka jest seria EKOKREATOR, kt\u00f3ra pozwala uwolni\u0107 wyobra\u017ani\u0119 i stworzy\u0107 z drewnianych deseczek zjawiskowe konstrukcje. Do zestawu do\u0142\u0105czony zosta\u0142 album z inspiracjami, ale nic nie [&hellip;]<\/p>\n","protected":false},"featured_media":9602,"comment_status":"closed","ping_status":"open","template":"","meta":[],"product_cat":[246,21],"product_tag":[749,599,640],"class_list":["post-9601","product","type-product","status-publish","has-post-thumbnail","hentry","product_cat-alexander","product_cat-zabawki-plastyczne","product_tag-najlepsze-zarty-na-prima-aprilis","product_tag-prezent-dla-nastolatkow-2021","product_tag-prezent-dla-rocznej-dziewczynki"],"_links":{"self":[{"href":"http:\/\/klubmamgdynia.pl\/index.php\/wp-json\/wp\/v2\/product\/9601","targetHints":{"allow":["GET"]}}],"collection":[{"href":"http:\/\/klubmamgdynia.pl\/index.php\/wp-json\/wp\/v2\/product"}],"about":[{"href":"http:\/\/klubmamgdynia.pl\/index.php\/wp-json\/wp\/v2\/types\/product"}],"replies":[{"embeddable":true,"href":"http:\/\/klubmamgdynia.pl\/index.php\/wp-json\/wp\/v2\/comments?post=9601"}],"wp:featuredmedia":[{"embeddable":true,"href":"http:\/\/klubmamgdynia.pl\/index.php\/wp-json\/wp\/v2\/media\/9602"}],"wp:attachment":[{"href":"http:\/\/klubmamgdynia.pl\/index.php\/wp-json\/wp\/v2\/media?parent=9601"}],"wp:term":[{"taxonomy":"product_cat","embeddable":true,"href":"http:\/\/klubmamgdynia.pl\/index.php\/wp-json\/wp\/v2\/product_cat?post=9601"},{"taxonomy":"product_tag","embeddable":true,"href":"http:\/\/klubmamgdynia.pl\/index.php\/wp-json\/wp\/v2\/product_tag?post=9601"}],"curies":[{"name":"wp","href":"https:\/\/api.w.org\/{rel}","templated":true}]}}