{"id":9603,"date":"2013-07-02T22:29:35","date_gmt":"2013-07-02T20:29:35","guid":{"rendered":"http:\/\/klubmamgdynia.pl\/index.php\/produkt\/tm-toys-cry-babies-magic-tears-paci-house-mix\/"},"modified":"2026-05-17T22:46:57","modified_gmt":"2026-05-17T20:46:57","slug":"tm-toys-cry-babies-magic-tears-paci-house-mix","status":"publish","type":"product","link":"http:\/\/klubmamgdynia.pl\/index.php\/produkt\/tm-toys-cry-babies-magic-tears-paci-house-mix\/","title":{"rendered":"TM Toys Cry Babies Magic Tears Paci House mix"},"content":{"rendered":"<p>Cry Babies Magic Tears Fantasy to brokatowo-per\u0142owe laleczki do kolekcjonowania, kt\u00f3re potrzebuj\u0105 troskliwej opieki i mi\u0142o\u015bci ka\u017cdej dziewczynki! Cry Babies Magic Tears p\u0142acz\u0105 prawdziwymi niebieskimi \u0142zami. Smoczek jest lekarstwem na ich \u0142zy. Ka\u017cda posta\u0107 wyst\u0119puje w wyj\u0105tkowym zwierz\u0119cym ubranku. Laleczki w opakowaniu wyst\u0119puj\u0105 z wieloma akcesoriami.Seria 1. Ka\u017cda laleczka zapakowana jest w domek oraz posiada zestaw brokatowych akcesori\u00f3w. 6 postaci do zebrania + 1 wyj\u0105tkowa. Magiczne \u0142zy wlane we wskazane miejsce, domek automatycznie si\u0119 otworzy. Po obr\u00f3ceniu klamki w drzwiach domku wypadn\u0105 z niego skrywane w \u015brodku akcesoria.Mix wzor\u00f3w, towar wysy\u0142any losowo.<\/p>\n<h2>TM Toys Cry Babies Magic Tears Paci House mix TM Toys<\/h2>\n<p>filmy disneya, prezent dla m\u0142odzie\u017cy, natalia, daria imie, bajka dla dziewczynek, prezent dla 15 latka, prezent pod choink\u0119 dla 7 letniej dziewczynki<\/p>\n<p>yyyyy<\/p>\n<p>&nbsp;<\/p>\n","protected":false},"excerpt":{"rendered":"<p>Cry Babies Magic Tears Fantasy to brokatowo-per\u0142owe laleczki do kolekcjonowania, kt\u00f3re potrzebuj\u0105 troskliwej opieki i mi\u0142o\u015bci ka\u017cdej dziewczynki! Cry Babies Magic Tears p\u0142acz\u0105 prawdziwymi niebieskimi \u0142zami. Smoczek jest lekarstwem na ich \u0142zy. Ka\u017cda posta\u0107 wyst\u0119puje w wyj\u0105tkowym zwierz\u0119cym ubranku. Laleczki w opakowaniu wyst\u0119puj\u0105 z wieloma akcesoriami.Seria 1. Ka\u017cda laleczka zapakowana jest w domek oraz posiada [&hellip;]<\/p>\n","protected":false},"featured_media":9604,"comment_status":"closed","ping_status":"open","template":"","meta":[],"product_cat":[65,145],"product_tag":[865,656,687,695,712],"class_list":["post-9603","product","type-product","status-publish","has-post-thumbnail","hentry","product_cat-lalki","product_cat-tm-toys","product_tag-cytaty-o-dzieciach","product_tag-kolorowanki-lol","product_tag-podchwytliwe-zagadki-matematyczne","product_tag-rzadkie-imiona-zenskie","product_tag-zagadki-o-zwierzetach"],"_links":{"self":[{"href":"http:\/\/klubmamgdynia.pl\/index.php\/wp-json\/wp\/v2\/product\/9603","targetHints":{"allow":["GET"]}}],"collection":[{"href":"http:\/\/klubmamgdynia.pl\/index.php\/wp-json\/wp\/v2\/product"}],"about":[{"href":"http:\/\/klubmamgdynia.pl\/index.php\/wp-json\/wp\/v2\/types\/product"}],"replies":[{"embeddable":true,"href":"http:\/\/klubmamgdynia.pl\/index.php\/wp-json\/wp\/v2\/comments?post=9603"}],"wp:featuredmedia":[{"embeddable":true,"href":"http:\/\/klubmamgdynia.pl\/index.php\/wp-json\/wp\/v2\/media\/9604"}],"wp:attachment":[{"href":"http:\/\/klubmamgdynia.pl\/index.php\/wp-json\/wp\/v2\/media?parent=9603"}],"wp:term":[{"taxonomy":"product_cat","embeddable":true,"href":"http:\/\/klubmamgdynia.pl\/index.php\/wp-json\/wp\/v2\/product_cat?post=9603"},{"taxonomy":"product_tag","embeddable":true,"href":"http:\/\/klubmamgdynia.pl\/index.php\/wp-json\/wp\/v2\/product_tag?post=9603"}],"curies":[{"name":"wp","href":"https:\/\/api.w.org\/{rel}","templated":true}]}}