{"id":9605,"date":"2013-12-04T09:15:45","date_gmt":"2013-12-04T08:15:45","guid":{"rendered":"http:\/\/klubmamgdynia.pl\/index.php\/produkt\/depesche-11435-zestaw-do-makijazu-dla-dziewczat-miss-melody-zabawka\/"},"modified":"2026-05-17T22:31:38","modified_gmt":"2026-05-17T20:31:38","slug":"depesche-11435-zestaw-do-makijazu-dla-dziewczat-miss-melody-zabawka","status":"publish","type":"product","link":"http:\/\/klubmamgdynia.pl\/index.php\/produkt\/depesche-11435-zestaw-do-makijazu-dla-dziewczat-miss-melody-zabawka\/","title":{"rendered":"Depesche 11435 Zestaw Do Makija\u017cu Dla Dziewcz\u0105t Miss Melody &#8211; Zabawka"},"content":{"rendered":"<p>DepescheMiss MelodyZestaw do makija\u017cu dla dziewcz\u0105tModel: 11435Wymiary : 2.8 x 13.7 x 13 cmWiek: 6+Ma\u0142y zestaw do makija\u017cu dla dziewcz\u0105tWz\u00f3r: Ylvi i MinimoomisZawarto\u015b\u0107: r\u00f3\u017cowy lakier do paznokci na bazie wody (4 ml), b\u0142yszcz\u0105cy \u017cel (8 ml) i b\u0142yszczyk do ust (2,5 g)W zestawie b\u0142yszcz\u0105cy pilnik do paznokci, praktyczne japonki i naklejki na paznokcieZapakowane w \u0142adne pude\u0142ko z uchwytem do noszeniaProdukt nowy.<\/p>\n<h2>Depesche 11435 Zestaw Do Makija\u017cu Dla Dziewcz\u0105t Miss Melody &#8211; Zabawka Depesche<\/h2>\n<p>twarz wiosny do druku, quiz o usa, zgadywanki, dzie\u0144 matki w\u0142asnor\u0119czny prezent dla mamy od dziecka<\/p>\n<p>yyyyy<\/p>\n<p>&nbsp;<\/p>\n","protected":false},"excerpt":{"rendered":"<p>DepescheMiss MelodyZestaw do makija\u017cu dla dziewcz\u0105tModel: 11435Wymiary : 2.8 x 13.7 x 13 cmWiek: 6+Ma\u0142y zestaw do makija\u017cu dla dziewcz\u0105tWz\u00f3r: Ylvi i MinimoomisZawarto\u015b\u0107: r\u00f3\u017cowy lakier do paznokci na bazie wody (4 ml), b\u0142yszcz\u0105cy \u017cel (8 ml) i b\u0142yszczyk do ust (2,5 g)W zestawie b\u0142yszcz\u0105cy pilnik do paznokci, praktyczne japonki i naklejki na paznokcieZapakowane w \u0142adne [&hellip;]<\/p>\n","protected":false},"featured_media":9606,"comment_status":"closed","ping_status":"open","template":"","meta":[],"product_cat":[1826,53],"product_tag":[740,689,721],"class_list":["post-9605","product","type-product","status-publish","has-post-thumbnail","hentry","product_cat-depesche","product_cat-kaciki-zabaw","product_tag-fajne-prezenty-dla-nastolatkow","product_tag-linda","product_tag-zagadki-matematyczne"],"_links":{"self":[{"href":"http:\/\/klubmamgdynia.pl\/index.php\/wp-json\/wp\/v2\/product\/9605","targetHints":{"allow":["GET"]}}],"collection":[{"href":"http:\/\/klubmamgdynia.pl\/index.php\/wp-json\/wp\/v2\/product"}],"about":[{"href":"http:\/\/klubmamgdynia.pl\/index.php\/wp-json\/wp\/v2\/types\/product"}],"replies":[{"embeddable":true,"href":"http:\/\/klubmamgdynia.pl\/index.php\/wp-json\/wp\/v2\/comments?post=9605"}],"wp:featuredmedia":[{"embeddable":true,"href":"http:\/\/klubmamgdynia.pl\/index.php\/wp-json\/wp\/v2\/media\/9606"}],"wp:attachment":[{"href":"http:\/\/klubmamgdynia.pl\/index.php\/wp-json\/wp\/v2\/media?parent=9605"}],"wp:term":[{"taxonomy":"product_cat","embeddable":true,"href":"http:\/\/klubmamgdynia.pl\/index.php\/wp-json\/wp\/v2\/product_cat?post=9605"},{"taxonomy":"product_tag","embeddable":true,"href":"http:\/\/klubmamgdynia.pl\/index.php\/wp-json\/wp\/v2\/product_tag?post=9605"}],"curies":[{"name":"wp","href":"https:\/\/api.w.org\/{rel}","templated":true}]}}