{"id":9607,"date":"2014-03-13T21:10:18","date_gmt":"2014-03-13T20:10:18","guid":{"rendered":"http:\/\/klubmamgdynia.pl\/index.php\/produkt\/epee-pilka-zmylka-vita-minki-eppe-04061-warzywa-mocna-pyrka\/"},"modified":"2026-05-17T22:32:51","modified_gmt":"2026-05-17T20:32:51","slug":"epee-pilka-zmylka-vita-minki-eppe-04061-warzywa-mocna-pyrka","status":"publish","type":"product","link":"http:\/\/klubmamgdynia.pl\/index.php\/produkt\/epee-pilka-zmylka-vita-minki-eppe-04061-warzywa-mocna-pyrka\/","title":{"rendered":"Epee Pi\u0142ka Zmy\u0142ka Vita Minki Eppe 04061 Warzywa Mocna Pyrka"},"content":{"rendered":"<p>Pi\u0142ka zmy\u0142ka Vita-Minki EPPE 04061 Warzywa Mocna Pyrka Poznaj nowa ods\u0142on\u0119 nieprzewidywalnej Pi\u0142ki-Zmy\u0142ki i odkryj warzywn\u0105 moc Vita-Minek. Mocna Pyrka to superbohater, kt\u00f3ry przekona ci\u0119 podczas wsp\u00f3lnej zabawy, \u017ce warto je\u015b\u0107 warzywa, by zyska\u0107 supermoce. Gra Pi\u0142k\u0105 Zmy\u0142k\u0105 to fantastyczna zabawa na ciep\u0142e letnie dni. Pi\u0142ka ma przesuni\u0119ty \u015brodek ci\u0119\u017cko\u015bci, dzi\u0119ki czemu nigdy nie wiadomo w kt\u00f3rym kierunku poleci. Ka\u017cda pi\u0142ka to unikalna Vita-Minka, superbohater, kt\u00f3ry przekona Ci\u0119 podczas wsp\u00f3lnej zabawy, \u017ce warto je\u015b\u0107 owoce, by zyska\u0107 supermoce! Specyfikacja: \u015arednica pi\u0142ki ok.: 10 cm Wymiary opakowania ok.: 10,5 x 10,5 x 10,5 cm Sugerowany wiek: 3 lata+<\/p>\n<h2>Epee Pi\u0142ka Zmy\u0142ka Vita Minki Eppe 04061 Warzywa Mocna Pyrka Epee<\/h2>\n<p>quiz opowie\u015bci z narnii lew czarownica i stara szafa, ch\u0142opcy z placu broni &#8211; test, zagadki dla przedszkolak\u00f3w, ka\u0142u\u017cy\u015bci, bajki dla chlopcow, sky kolorowanka, prezent dla nastolatk\u00f3w, zgadywanki, atrakcje dla dzieci tr\u00f3jmiasto, chase psi patrol kolorowanka, pierwsze urodziny prezent na roczek dla dziewczynki, \u017carty na prima aprilis dla rodzic\u00f3w, prezent dla 1 latka, wz\u00f3r drzewo genealogiczne szablon do wydruku, karty pracy dla uczni\u00f3w z ukrainy, opis rodzina, kolorowanki kotka, menu urodzinowe dla dzieci w wieku 8 10 lat, maski karnawa\u0142owe dla dzieci szablony<\/p>\n<p>yyyyy<\/p>\n<p>&nbsp;<\/p>\n","protected":false},"excerpt":{"rendered":"<p>Pi\u0142ka zmy\u0142ka Vita-Minki EPPE 04061 Warzywa Mocna Pyrka Poznaj nowa ods\u0142on\u0119 nieprzewidywalnej Pi\u0142ki-Zmy\u0142ki i odkryj warzywn\u0105 moc Vita-Minek. Mocna Pyrka to superbohater, kt\u00f3ry przekona ci\u0119 podczas wsp\u00f3lnej zabawy, \u017ce warto je\u015b\u0107 warzywa, by zyska\u0107 supermoce. Gra Pi\u0142k\u0105 Zmy\u0142k\u0105 to fantastyczna zabawa na ciep\u0142e letnie dni. Pi\u0142ka ma przesuni\u0119ty \u015brodek ci\u0119\u017cko\u015bci, dzi\u0119ki czemu nigdy nie wiadomo [&hellip;]<\/p>\n","protected":false},"featured_media":9608,"comment_status":"closed","ping_status":"open","template":"","meta":[],"product_cat":[49,293],"product_tag":[825,763,656,583],"class_list":["post-9607","product","type-product","status-publish","has-post-thumbnail","hentry","product_cat-epee","product_cat-pilki-dla-dzieci","product_tag-bajka-na-dobranoc-do-czytania","product_tag-fabian","product_tag-kolorowanki-lol","product_tag-kolysanki-dla-dzieci-tekst"],"_links":{"self":[{"href":"http:\/\/klubmamgdynia.pl\/index.php\/wp-json\/wp\/v2\/product\/9607","targetHints":{"allow":["GET"]}}],"collection":[{"href":"http:\/\/klubmamgdynia.pl\/index.php\/wp-json\/wp\/v2\/product"}],"about":[{"href":"http:\/\/klubmamgdynia.pl\/index.php\/wp-json\/wp\/v2\/types\/product"}],"replies":[{"embeddable":true,"href":"http:\/\/klubmamgdynia.pl\/index.php\/wp-json\/wp\/v2\/comments?post=9607"}],"wp:featuredmedia":[{"embeddable":true,"href":"http:\/\/klubmamgdynia.pl\/index.php\/wp-json\/wp\/v2\/media\/9608"}],"wp:attachment":[{"href":"http:\/\/klubmamgdynia.pl\/index.php\/wp-json\/wp\/v2\/media?parent=9607"}],"wp:term":[{"taxonomy":"product_cat","embeddable":true,"href":"http:\/\/klubmamgdynia.pl\/index.php\/wp-json\/wp\/v2\/product_cat?post=9607"},{"taxonomy":"product_tag","embeddable":true,"href":"http:\/\/klubmamgdynia.pl\/index.php\/wp-json\/wp\/v2\/product_tag?post=9607"}],"curies":[{"name":"wp","href":"https:\/\/api.w.org\/{rel}","templated":true}]}}