{"id":9609,"date":"2023-11-01T04:30:01","date_gmt":"2023-11-01T03:30:01","guid":{"rendered":"http:\/\/klubmamgdynia.pl\/?post_type=product&#038;p=9609"},"modified":"2026-04-30T18:16:30","modified_gmt":"2026-04-30T16:16:30","slug":"makaszka-kocyk-do-fotelika-herbarium","status":"publish","type":"product","link":"http:\/\/klubmamgdynia.pl\/index.php\/produkt\/makaszka-kocyk-do-fotelika-herbarium\/","title":{"rendered":"Makaszka Kocyk Do Fotelika Herbarium"},"content":{"rendered":"<p>Kocyk do fotelika Herbarium, Makaszka<\/p>\n<h2>Makaszka Kocyk Do Fotelika Herbarium Makaszka<\/h2>\n<p>prezent dla dziewczynki 7 lat, cytat dla mamy, el\u017cbieta imie, leonardo imi\u0119, bianka, kolorowanki pikachu, atrakcje dla dzieci wroc\u0142aw 2021, zaproszenie na urodziny do druku, mia i ja kolorowanka, imiona dla ch\u0142opc\u00f3w<\/p>\n<p>yyyyy<\/p>\n<p>&nbsp;<\/p>\n","protected":false},"excerpt":{"rendered":"<p>Kocyk do fotelika Herbarium, Makaszka Makaszka Kocyk Do Fotelika Herbarium Makaszka prezent dla dziewczynki 7 lat, cytat dla mamy, el\u017cbieta imie, leonardo imi\u0119, bianka, kolorowanki pikachu, atrakcje dla dzieci wroc\u0142aw 2021, zaproszenie na urodziny do druku, mia i ja kolorowanka, imiona dla ch\u0142opc\u00f3w yyyyy &nbsp;<\/p>\n","protected":false},"featured_media":9610,"comment_status":"closed","ping_status":"open","template":"","meta":[],"product_cat":[1125,1014],"product_tag":[664,680,730,810],"class_list":["post-9609","product","type-product","status-publish","has-post-thumbnail","hentry","product_cat-akcesoria-samochodowe-dla-dzieci","product_cat-makaszka","product_tag-atrakcje-dla-dzieci-trojmiasto","product_tag-cytaty-z-malego-ksiecia","product_tag-karyna","product_tag-nauka-zegara-do-druku"],"_links":{"self":[{"href":"http:\/\/klubmamgdynia.pl\/index.php\/wp-json\/wp\/v2\/product\/9609","targetHints":{"allow":["GET"]}}],"collection":[{"href":"http:\/\/klubmamgdynia.pl\/index.php\/wp-json\/wp\/v2\/product"}],"about":[{"href":"http:\/\/klubmamgdynia.pl\/index.php\/wp-json\/wp\/v2\/types\/product"}],"replies":[{"embeddable":true,"href":"http:\/\/klubmamgdynia.pl\/index.php\/wp-json\/wp\/v2\/comments?post=9609"}],"wp:featuredmedia":[{"embeddable":true,"href":"http:\/\/klubmamgdynia.pl\/index.php\/wp-json\/wp\/v2\/media\/9610"}],"wp:attachment":[{"href":"http:\/\/klubmamgdynia.pl\/index.php\/wp-json\/wp\/v2\/media?parent=9609"}],"wp:term":[{"taxonomy":"product_cat","embeddable":true,"href":"http:\/\/klubmamgdynia.pl\/index.php\/wp-json\/wp\/v2\/product_cat?post=9609"},{"taxonomy":"product_tag","embeddable":true,"href":"http:\/\/klubmamgdynia.pl\/index.php\/wp-json\/wp\/v2\/product_tag?post=9609"}],"curies":[{"name":"wp","href":"https:\/\/api.w.org\/{rel}","templated":true}]}}