{"id":9611,"date":"2013-02-17T14:31:59","date_gmt":"2013-02-17T13:31:59","guid":{"rendered":"http:\/\/klubmamgdynia.pl\/index.php\/produkt\/kocyk-niemowlaka-velvet-makaszka-sawanna\/"},"modified":"2026-05-17T22:46:40","modified_gmt":"2026-05-17T20:46:40","slug":"kocyk-niemowlaka-velvet-makaszka-sawanna","status":"publish","type":"product","link":"http:\/\/klubmamgdynia.pl\/index.php\/produkt\/kocyk-niemowlaka-velvet-makaszka-sawanna\/","title":{"rendered":"Kocyk Niemowlaka Velvet Makaszka Sawanna"},"content":{"rendered":"<p>Ciep\u0142y kocyk dla niemowlaka od marki Makaszka 60&#215;70 cmKocyk z velvetu i bawe\u0142ny, idealny dla noworodka i niemowlaka, jako pierwszy kocyk. Doskona\u0142y do gondoli, ko\u0142yski i fotelika samochodowego. Jedna strona kocyka wykonana jest z najwy\u017cszej jako\u015bci bawe\u0142ny, kt\u00f3ra nie spiera si\u0119, &#8222;nie mechaci&#8221; i nie traci swoich w\u0142a\u015bciwo\u015bci nawet po wielokrotnym praniu, druga strona to bajecznie mi\u0119ciutki Velvet elegancko przepikowany w niepowtarzalny wz\u00f3r. W \u015brodku wype\u0142niony antyalergiczn\u0105, lekk\u0105, silikonow\u0105 w\u0142\u00f3knin\u0105 zapewniaj\u0105c\u0105 ciep\u0142o maluszkowi. Bawe\u0142niana strona obszyta jest ramk\u0105 z tkaniny velvet, kt\u00f3ra nadaje jeszcze wi\u0119cej mi\u0119kko\u015bci i puszysto\u015bci.Velvetowy kocyk dla niemowlaka MakaszkaAksamitna i mi\u0142a w dotyku tkanina Velvet to idealny materia\u0142, jest nieziemsko delikatny, a zarazem niezwykle wytrzyma\u0142y. Innowacyjna technologia podw\u00f3jnego splotu niezwykle cieniutkich poliestrowych niteczek daje ten fantastyczny efekt.Kocyk Velvet mo\u017cna skompletowa\u0107 z r\u00f3\u017cnymi produktami marki Makaszka tworz\u0105c niepowtarzaln\u0105, bajecznie kolorow\u0105 aran\u017cacj\u0119 w\u00f3zka, czy te\u017c pokoiku Twojego Maluszka.Doskonale te\u017c sprawdza si\u0119 w formie stylowego prezentu dla ma\u0142ych pociech naszych przyjaci\u00f3\u0142, na baby shower i ka\u017cd\u0105 inn\u0105 mi\u0142\u0105 okazj\u0119.Kocyki Makaszka s\u0105 szyte r\u0119cznie w Polsce z najwy\u017csz\u0105 staranno\u015bci\u0105 i dba\u0142o\u015bci\u0105 o szczeg\u00f3\u0142y z tkanin najwy\u017cszej jako\u015bci daj\u0105c d\u0142ugoletni\u0105 przyjemno\u015b\u0107 z u\u017cytkowania.Dedykowany Maluszkom w wieku od 0 do 18 miesi\u0119cy.Cechy ciep\u0142ego kocyka z wype\u0142nieniem od marki Makaszka:wymiary: 60&#215;70 cm (+\/-2 cm)sk\u0142ad: Mi\u0119ciutki Velvet, oraz 100% bawe\u0142na najwy\u017cszej jako\u015bci posiadaj\u0105ca Certyfikat OEKO-TEX 100 klasa I. Velvet i bawe\u0142na s\u0105 idealnie dobrane ze sob\u0105 kolorystycznie.wype\u0142nienie: antyalergiczna, oddychaj\u0105ca w\u0142\u00f3knina silikonowa, kt\u00f3ra nie zmienia swojej struktury podczas prania i u\u017cytkowania. Wype\u0142nienie wewn\u0105trz jest wszyte do tkanin zewn\u0119trznych, dzi\u0119ki temu nie przemieszcza si\u0119 podczas u\u017cytkowania i w praniu.spos\u00f3b prania: pra\u0107 w temp. 30\u00b0C, nie suszy\u0107 w suszarce b\u0119bnowej, prasowa\u0107 \u017celazkiem ustawionym na minimaln\u0105 temperatur\u0119.Nie prasowa\u0107 tkaniny Velvet!<\/p>\n<h2>Kocyk Niemowlaka Velvet Makaszka Sawanna Makaszka<\/h2>\n<p>kolorowanki do druku dla dziewczynek, imie pola, bajki dla noworodka, \u015bmieszne \u0142ama\u0144ce j\u0119zykowe, roza imie, magiczne drzewo czerwone krzes\u0142o test, pierwsze urodziny prezent na roczek dla ch\u0142opca, molo w brze\u017anie, zagadki do rozwi\u0105zania, \u017carty na prima aprilis w domu, do druku dla dzieci, kartk\u00f3wki z zegara, zaproszenia do druku, menu urodzinowe dla dzieci w wieku 8 10 lat<\/p>\n<p>yyyyy<\/p>\n<p>&nbsp;<\/p>\n","protected":false},"excerpt":{"rendered":"<p>Ciep\u0142y kocyk dla niemowlaka od marki Makaszka 60&#215;70 cmKocyk z velvetu i bawe\u0142ny, idealny dla noworodka i niemowlaka, jako pierwszy kocyk. Doskona\u0142y do gondoli, ko\u0142yski i fotelika samochodowego. Jedna strona kocyka wykonana jest z najwy\u017cszej jako\u015bci bawe\u0142ny, kt\u00f3ra nie spiera si\u0119, &#8222;nie mechaci&#8221; i nie traci swoich w\u0142a\u015bciwo\u015bci nawet po wielokrotnym praniu, druga strona to [&hellip;]<\/p>\n","protected":false},"featured_media":9612,"comment_status":"closed","ping_status":"open","template":"","meta":[],"product_cat":[1006,1014],"product_tag":[769,616,737,649,712],"class_list":["post-9611","product","type-product","status-publish","has-post-thumbnail","hentry","product_cat-koce-i-narzuty-dzieciece","product_cat-makaszka","product_tag-psi-patrol-do-czytania","product_tag-test-mikolajek-25-pytan","product_tag-test-z-lektury-felix-net-i-nika-oraz-gang-niewidzialnych-ludzi","product_tag-zagadki-dla-nastolatkow","product_tag-zagadki-o-zwierzetach"],"_links":{"self":[{"href":"http:\/\/klubmamgdynia.pl\/index.php\/wp-json\/wp\/v2\/product\/9611","targetHints":{"allow":["GET"]}}],"collection":[{"href":"http:\/\/klubmamgdynia.pl\/index.php\/wp-json\/wp\/v2\/product"}],"about":[{"href":"http:\/\/klubmamgdynia.pl\/index.php\/wp-json\/wp\/v2\/types\/product"}],"replies":[{"embeddable":true,"href":"http:\/\/klubmamgdynia.pl\/index.php\/wp-json\/wp\/v2\/comments?post=9611"}],"wp:featuredmedia":[{"embeddable":true,"href":"http:\/\/klubmamgdynia.pl\/index.php\/wp-json\/wp\/v2\/media\/9612"}],"wp:attachment":[{"href":"http:\/\/klubmamgdynia.pl\/index.php\/wp-json\/wp\/v2\/media?parent=9611"}],"wp:term":[{"taxonomy":"product_cat","embeddable":true,"href":"http:\/\/klubmamgdynia.pl\/index.php\/wp-json\/wp\/v2\/product_cat?post=9611"},{"taxonomy":"product_tag","embeddable":true,"href":"http:\/\/klubmamgdynia.pl\/index.php\/wp-json\/wp\/v2\/product_tag?post=9611"}],"curies":[{"name":"wp","href":"https:\/\/api.w.org\/{rel}","templated":true}]}}