{"id":9613,"date":"2011-05-23T19:21:23","date_gmt":"2011-05-23T17:21:23","guid":{"rendered":"http:\/\/klubmamgdynia.pl\/index.php\/produkt\/lovi-smoczek-silikonowy-dynamiczny-6-18m-2-szt-indian-summer-girl-22-857girl\/"},"modified":"2026-04-22T14:15:44","modified_gmt":"2026-04-22T12:15:44","slug":"lovi-smoczek-silikonowy-dynamiczny-6-18m-2-szt-indian-summer-girl-22-857girl","status":"publish","type":"product","link":"http:\/\/klubmamgdynia.pl\/index.php\/produkt\/lovi-smoczek-silikonowy-dynamiczny-6-18m-2-szt-indian-summer-girl-22-857girl\/","title":{"rendered":"LOVI SMOCZEK SILIKONOWY DYNAMICZNY 6-18M 2 SZT INDIAN SUMMER GIRL (22\/857GIRL)"},"content":{"rendered":"<p>LOVI Smoczek silikonowy dynamiczny 6-18m 2 szt Indian Summer Girl                            <\/p>\n<p>Dynamiczna gumkaZbudowana jest z niejednorodnej warstwy silikonu, dzi\u0119ki czemu rozci\u0105ga si\u0119 i kurczy zgodnie z rytmem ssania dziecka. Symeryczny kszta\u0142t gumki jest inspirowany kszta\u0142tem brodawki sutkowej.                            <\/p>\n<p>Profilowana tarczkaProfilowany kszta\u0142t umo\u017cliwia dziecku swobodne oddychanie przez nos. Bezpieczny surowiec, z kt\u00f3rego jest wykonana, nie zawiera bisfenolu A.                            <\/p>\n<p>Otwory w tarczceUmo\u017cliwiaj\u0105 swobodny przep\u0142yw powietrza i zapobiegaj\u0105 podra\u017cnieniu delikatnej sk\u00f3ry dziecka.                            <\/p>\n<p>K\u00f3\u0142eczko do chwytaniaU\u0142atwia chwytanie i podawanie dziecku smoczka. We wszystkich smoczkach z kolekcji &#8222;Day&amp;Night&#8221; \u015bwieci w ciemno\u015bci, u\u0142atwiaj\u0105c znalezienie smoczka.                            <\/p>\n<p>Higieniczna os\u0142onkaChroni smoczek przed zabrudzeniem.                            <\/p>\n<p>Dynamiczny smoczek uspokajaj\u0105cy LOVI zosta\u0142 stworzony we wsp\u00f3\u0142pracy z neurologopedami. Ma unikaln\u0105 budow\u0119 z niejednorodnego silikonu i symetryczny kszta\u0142t inspirowany brodawk\u0105 sutkow\u0105. Nie zaburza odruchu ssania i naturalnego rozwoju mowy i zgryzu*.*) pod warunkiem przestrzegania zalece\u0144 ortodontycznych i neurologopedycznych.\u2713 Nie zaburza odruchu ssania\u2713 Zapobiega odruchowi zagryzania\u00a0smoczka\u2713 Zapewnia swobodne oddychanie\u00a0i po\u0142ykanie \u015bliny\u2713 Nie zaburza prawid\u0142owego rozwoju\u00a0mowy i zgryzu*                            <\/p>\n<p>W zestawie:smoczek LOVI 2 szt.os\u0142onka smoczka 2 szt.kapsu\u0142a do higienicznego przechowywania smoczk\u00f3w                            <\/p>\n<p>90% po\u0142o\u017cnych i rodzic\u00f3w\u00a0poleci\u0142oby dynamiczny\u00a0smoczek uspokajaj\u0105cy LOVI\u00a0innym rodzicom91% rodzic\u00f3w potwierdza\u00a0swobodne oddychanie przez\u00a0nos podczas korzystania ze\u00a0smoczka LOVI*) Badanie respondencyjne pod nadzorem medycznym w trybie ambulatoryjnym przeprowadzone na grupie 150 niemowl\u0105t w wieku 0-18 miesi\u0119cy na terenie polskich poradni specjalistycznych, rejonowych o profilu pediatrycznym i w poradniach neurologicznych NFZ w Katowicach, Rzeszowie i Bydgoszczy z udzia\u0142em po\u0142o\u017cnych i rodzic\u00f3w.<\/p>\n<h2>LOVI SMOCZEK SILIKONOWY DYNAMICZNY 6-18M 2 SZT INDIAN SUMMER GIRL (22\/857GIRL) LOVI<\/h2>\n<p>\u015bmieszne \u0142ama\u0144ce j\u0119zykowe, zagadki dla sze\u015bciolatk\u00f3w, znaczenie imiona kinga, bajki dla chlopcow, pola imie, zagadki dla dzieci 7-8 lat, bajka krecik, test opowie\u015bci z narnii lew czarownica i stara szafa do druku, zgadywanki dla dzieci, z\u0142ote my\u015bli kubu\u015b puchatek cytaty, zagadki o bajkach, cytaty ma\u0142y ksi\u0105\u017ce, wroc\u0142aw i okolice atrakcje, oryginalny prezent na roczek dla ch\u0142opca, zagadki \u015bmieszne, bajki dla dziewczynek, prezent dla 16 latki, janusz, test ze znak\u00f3w drogowych, atrakcje warszawa dla dzieci<\/p>\n<p>yyyyy<\/p>\n<p>&nbsp;<\/p>\n","protected":false},"excerpt":{"rendered":"<p>LOVI Smoczek silikonowy dynamiczny 6-18m 2 szt Indian Summer Girl Dynamiczna gumkaZbudowana jest z niejednorodnej warstwy silikonu, dzi\u0119ki czemu rozci\u0105ga si\u0119 i kurczy zgodnie z rytmem ssania dziecka. Symeryczny kszta\u0142t gumki jest inspirowany kszta\u0142tem brodawki sutkowej. Profilowana tarczkaProfilowany kszta\u0142t umo\u017cliwia dziecku swobodne oddychanie przez nos. Bezpieczny surowiec, z kt\u00f3rego jest wykonana, nie zawiera bisfenolu A. [&hellip;]<\/p>\n","protected":false},"featured_media":9614,"comment_status":"closed","ping_status":"open","template":"","meta":[],"product_cat":[1467,255],"product_tag":[719,807,687,713],"class_list":["post-9613","product","type-product","status-publish","has-post-thumbnail","hentry","product_cat-lovi","product_cat-smoczki-uspokajajace","product_tag-dziecko-cytaty-zlote-mysli","product_tag-logiczne-zagadki","product_tag-podchwytliwe-zagadki-matematyczne","product_tag-zagadki-logiczne-z-odpowiedziami"],"_links":{"self":[{"href":"http:\/\/klubmamgdynia.pl\/index.php\/wp-json\/wp\/v2\/product\/9613","targetHints":{"allow":["GET"]}}],"collection":[{"href":"http:\/\/klubmamgdynia.pl\/index.php\/wp-json\/wp\/v2\/product"}],"about":[{"href":"http:\/\/klubmamgdynia.pl\/index.php\/wp-json\/wp\/v2\/types\/product"}],"replies":[{"embeddable":true,"href":"http:\/\/klubmamgdynia.pl\/index.php\/wp-json\/wp\/v2\/comments?post=9613"}],"wp:featuredmedia":[{"embeddable":true,"href":"http:\/\/klubmamgdynia.pl\/index.php\/wp-json\/wp\/v2\/media\/9614"}],"wp:attachment":[{"href":"http:\/\/klubmamgdynia.pl\/index.php\/wp-json\/wp\/v2\/media?parent=9613"}],"wp:term":[{"taxonomy":"product_cat","embeddable":true,"href":"http:\/\/klubmamgdynia.pl\/index.php\/wp-json\/wp\/v2\/product_cat?post=9613"},{"taxonomy":"product_tag","embeddable":true,"href":"http:\/\/klubmamgdynia.pl\/index.php\/wp-json\/wp\/v2\/product_tag?post=9613"}],"curies":[{"name":"wp","href":"https:\/\/api.w.org\/{rel}","templated":true}]}}