{"id":9619,"date":"2018-03-18T21:06:58","date_gmt":"2018-03-18T20:06:58","guid":{"rendered":"http:\/\/klubmamgdynia.pl\/index.php\/produkt\/brimarex-ukladanka-mis-drewno-zd-068\/"},"modified":"2026-05-17T22:16:47","modified_gmt":"2026-05-17T20:16:47","slug":"brimarex-ukladanka-mis-drewno-zd-068","status":"publish","type":"product","link":"http:\/\/klubmamgdynia.pl\/index.php\/produkt\/brimarex-ukladanka-mis-drewno-zd-068\/","title":{"rendered":"Brimarex Uk\u0142adanka Mi\u015b Drewno (Zd-068)"},"content":{"rendered":"<p>BRIMAREX DREWNO WIEK 3+ Drewniane puzzle mi\u015b to uk\u0142adanka przeznaczona dla dzieci w wieku przedszkolnym. W pude\u0142ku znajduj\u0105 si\u0119 pi\u0119\u0107 postaci misia &#8211; w r\u00f3\u017cnych ubrankach oraz z r\u00f3\u017cnym grymasem twarzy. Ka\u017cda z nich zosta\u0142a podzielona na trzy cz\u0119\u015bci. Dziecko mo\u017ce je dowolnie uk\u0142ada\u0107 w r\u00f3\u017cnych konfiguracjach.<\/p>\n<h2>Brimarex Uk\u0142adanka Mi\u015b Drewno (Zd-068) Brimarex<\/h2>\n<p>wroc\u0142aw atrakcje dla dzieci, opisy do zdj dziecka, \u0142amig\u0142\u00f3wki do druku, trudne zagadki logiczne, ksi\u0105\u017cka dla dzieci online, prezenty dla nastolatki, karty pracy dla dzieci z ukrainy, bombki do kolorowania, roczek prezent, fabian, mega trudne zagadki logiczne, dinozaur bajka, na wyspach bergamutach tekst, prezent dla ch\u0142opca na roczek, zagadki dla dzieci, kolorowanka super zings, wycinanki do druku, dawne ko\u0142ysanki teksty, bal halloween dla dzieci 2021, kolorowanka prezent<\/p>\n<p>yyyyy<\/p>\n<p>&nbsp;<\/p>\n","protected":false},"excerpt":{"rendered":"<p>BRIMAREX DREWNO WIEK 3+ Drewniane puzzle mi\u015b to uk\u0142adanka przeznaczona dla dzieci w wieku przedszkolnym. W pude\u0142ku znajduj\u0105 si\u0119 pi\u0119\u0107 postaci misia &#8211; w r\u00f3\u017cnych ubrankach oraz z r\u00f3\u017cnym grymasem twarzy. Ka\u017cda z nich zosta\u0142a podzielona na trzy cz\u0119\u015bci. Dziecko mo\u017ce je dowolnie uk\u0142ada\u0107 w r\u00f3\u017cnych konfiguracjach. Brimarex Uk\u0142adanka Mi\u015b Drewno (Zd-068) Brimarex wroc\u0142aw atrakcje [&hellip;]<\/p>\n","protected":false},"featured_media":9620,"comment_status":"closed","ping_status":"open","template":"","meta":[],"product_cat":[1651,99],"product_tag":[838,769,868,794],"class_list":["post-9619","product","type-product","status-publish","has-post-thumbnail","hentry","product_cat-brimarex","product_cat-zabawki-ekologiczne","product_tag-bajki-dla-dzieci-na-dobranoc","product_tag-psi-patrol-do-czytania","product_tag-quizy-dla-dzieci","product_tag-test-opowiesci-z-narnii-lew-czarownica-i-stara-szafa-do-druku"],"_links":{"self":[{"href":"http:\/\/klubmamgdynia.pl\/index.php\/wp-json\/wp\/v2\/product\/9619","targetHints":{"allow":["GET"]}}],"collection":[{"href":"http:\/\/klubmamgdynia.pl\/index.php\/wp-json\/wp\/v2\/product"}],"about":[{"href":"http:\/\/klubmamgdynia.pl\/index.php\/wp-json\/wp\/v2\/types\/product"}],"replies":[{"embeddable":true,"href":"http:\/\/klubmamgdynia.pl\/index.php\/wp-json\/wp\/v2\/comments?post=9619"}],"wp:featuredmedia":[{"embeddable":true,"href":"http:\/\/klubmamgdynia.pl\/index.php\/wp-json\/wp\/v2\/media\/9620"}],"wp:attachment":[{"href":"http:\/\/klubmamgdynia.pl\/index.php\/wp-json\/wp\/v2\/media?parent=9619"}],"wp:term":[{"taxonomy":"product_cat","embeddable":true,"href":"http:\/\/klubmamgdynia.pl\/index.php\/wp-json\/wp\/v2\/product_cat?post=9619"},{"taxonomy":"product_tag","embeddable":true,"href":"http:\/\/klubmamgdynia.pl\/index.php\/wp-json\/wp\/v2\/product_tag?post=9619"}],"curies":[{"name":"wp","href":"https:\/\/api.w.org\/{rel}","templated":true}]}}