{"id":962,"date":"2019-04-01T06:59:18","date_gmt":"2019-04-01T04:59:18","guid":{"rendered":"http:\/\/klubmamgdynia.pl\/index.php\/produkt\/mega-creative-pojazd-kaskaderski-zdalnie-sterowany\/"},"modified":"2026-05-17T22:27:19","modified_gmt":"2026-05-17T20:27:19","slug":"mega-creative-pojazd-kaskaderski-zdalnie-sterowany","status":"publish","type":"product","link":"http:\/\/klubmamgdynia.pl\/index.php\/produkt\/mega-creative-pojazd-kaskaderski-zdalnie-sterowany\/","title":{"rendered":"Mega Creative Pojazd kaskaderski zdalnie sterowany"},"content":{"rendered":"<p>Zalety: rozwijanie zdolno\u015bci manualnych i kreatywnych dziecka, rozwijanie wyobra\u017cni, mo\u017cliwo\u015b\u0107 jazdy w ka\u017cdym kierunku, mo\u017cliwo\u015b\u0107 obrotu wok\u00f3\u0142 w\u0142asnej osi. O takim poje\u017cdzie marzy ka\u017cdy fan samochod\u00f3w. Kaskaderski Pojazd MEGA CREATIVE zapewni mn\u00f3stwo wspania\u0142ej zabawy Auto posiada zmienn\u0105 konstrukcj\u0119 oraz podw\u00f3jn\u0105 rolk\u0119, dzi\u0119ki czemu mo\u017cna nim wykonywa\u0107 wiele kombinacji. Sterowany za pomoc\u0105 joysticka. Mo\u017cliwo\u015b\u0107 poruszania si\u0119 we wszystkich kierunkach i wykonywania obrot\u00f3w o 360 stopni a tak\u017ce hu\u015btawki w praw\u0105 i lew\u0105 stron\u0119. Dodatkowym atutem s\u0105 efekty \u015bwietlne. Produkt wykonany z plastiku oraz gumy. Przeznaczony dla dzieci w wieku: 3 . Zawarto\u015b\u0107 zestawu: Auto, pilot do sterowania, baterie 1,5V do pilota, bateria 400MAH do auta. Wymiary\/waga\/baterie: wymiary produktu d\u0142. x wys. x g\u0142. cm : 28x20x9, wymiary opakowania d\u0142. x wys. x g\u0142. cm : 49x36x12, waga produktu kg : 0,48 kg, waga produktu z opakownaiem kg : 1,16 kg Wymaga zasilania 1 bateri\u0105 400MAH &#8211; za\u0142\u0105czon\u0105 do zestawu oraz 2 bateriami 1,5V &#8211; nie za\u0142\u0105czonymi do zestawu&#8230;.<\/p>\n<h2>Mega Creative Pojazd kaskaderski zdalnie sterowany Mega Creative<\/h2>\n<p>zagadki, lol surprise kolorowanka, oliwier, anio\u0142ki w niebie pisz\u0105, prezent na roczek dla chrze\u015bniaka, zagadki o zwierz\u0119tach dla dzieci, piosenka na dzie\u0144 nauczyciela przedszkole, prezent dla 16 latki, film o \u015bwi\u0119tach dla dzieci, szlaczki literopodobne do wydruku, skye kolorowanka, ostatni dzwonek tekst, test z lektury kajko i kokosz szko\u0142a latania, pokemon kolorowanki, bajki dla dzieci do czytania, opisy o dzieciach, \u017c\u0105rty na prima aprilis<\/p>\n<p>yyyyy<\/p>\n<p>&nbsp;<\/p>\n","protected":false},"excerpt":{"rendered":"<p>Zalety: rozwijanie zdolno\u015bci manualnych i kreatywnych dziecka, rozwijanie wyobra\u017cni, mo\u017cliwo\u015b\u0107 jazdy w ka\u017cdym kierunku, mo\u017cliwo\u015b\u0107 obrotu wok\u00f3\u0142 w\u0142asnej osi. O takim poje\u017cdzie marzy ka\u017cdy fan samochod\u00f3w. Kaskaderski Pojazd MEGA CREATIVE zapewni mn\u00f3stwo wspania\u0142ej zabawy Auto posiada zmienn\u0105 konstrukcj\u0119 oraz podw\u00f3jn\u0105 rolk\u0119, dzi\u0119ki czemu mo\u017cna nim wykonywa\u0107 wiele kombinacji. Sterowany za pomoc\u0105 joysticka. Mo\u017cliwo\u015b\u0107 poruszania si\u0119 [&hellip;]<\/p>\n","protected":false},"featured_media":963,"comment_status":"closed","ping_status":"open","template":"","meta":[],"product_cat":[83,64],"product_tag":[863,706,655,620,794],"class_list":["post-962","product","type-product","status-publish","has-post-thumbnail","hentry","product_cat-auta-i-inne-pojazdy-do-zabawy","product_cat-mega-creative","product_tag-bajki-dla-dziewczynek","product_tag-imie-kuba","product_tag-najlepsze-zagadki","product_tag-quiz-opowiesci-z-narnii","product_tag-test-opowiesci-z-narnii-lew-czarownica-i-stara-szafa-do-druku"],"_links":{"self":[{"href":"http:\/\/klubmamgdynia.pl\/index.php\/wp-json\/wp\/v2\/product\/962","targetHints":{"allow":["GET"]}}],"collection":[{"href":"http:\/\/klubmamgdynia.pl\/index.php\/wp-json\/wp\/v2\/product"}],"about":[{"href":"http:\/\/klubmamgdynia.pl\/index.php\/wp-json\/wp\/v2\/types\/product"}],"replies":[{"embeddable":true,"href":"http:\/\/klubmamgdynia.pl\/index.php\/wp-json\/wp\/v2\/comments?post=962"}],"wp:featuredmedia":[{"embeddable":true,"href":"http:\/\/klubmamgdynia.pl\/index.php\/wp-json\/wp\/v2\/media\/963"}],"wp:attachment":[{"href":"http:\/\/klubmamgdynia.pl\/index.php\/wp-json\/wp\/v2\/media?parent=962"}],"wp:term":[{"taxonomy":"product_cat","embeddable":true,"href":"http:\/\/klubmamgdynia.pl\/index.php\/wp-json\/wp\/v2\/product_cat?post=962"},{"taxonomy":"product_tag","embeddable":true,"href":"http:\/\/klubmamgdynia.pl\/index.php\/wp-json\/wp\/v2\/product_tag?post=962"}],"curies":[{"name":"wp","href":"https:\/\/api.w.org\/{rel}","templated":true}]}}